{"id":134,"date":"2023-03-14T10:40:01","date_gmt":"2023-03-14T10:40:01","guid":{"rendered":"https:\/\/export.mercurytheme.com\/013\/?page_id=134"},"modified":"2025-11-20T18:29:24","modified_gmt":"2025-11-20T18:29:24","slug":"home","status":"publish","type":"page","link":"https:\/\/1v1chat.site\/it\/","title":{"rendered":"Casa"},"content":{"rendered":"<header class=\"wp-block-cover is-light\"><img loading=\"lazy\" decoding=\"async\" width=\"2560\" height=\"1707\" class=\"wp-block-cover__image-background wp-image-24 size-full\" alt=\"Gruppo di persone che si divertono insieme utilizzando la chat video Vidizzy. \" src=\"https:\/\/1v1chat.site\/wp-content\/uploads\/2023\/03\/AdobeStock_484873483.webp\" style=\"object-position:50% 65%\" data-object-fit=\"cover\" data-object-position=\"50% 65%\" srcset=\"https:\/\/1v1chat.site\/wp-content\/uploads\/2023\/03\/AdobeStock_484873483.webp 2560w, https:\/\/1v1chat.site\/wp-content\/uploads\/2023\/03\/AdobeStock_484873483-300x200.webp 300w, https:\/\/1v1chat.site\/wp-content\/uploads\/2023\/03\/AdobeStock_484873483-1024x683.webp 1024w, https:\/\/1v1chat.site\/wp-content\/uploads\/2023\/03\/AdobeStock_484873483-768x512.webp 768w, https:\/\/1v1chat.site\/wp-content\/uploads\/2023\/03\/AdobeStock_484873483-1536x1024.webp 1536w, https:\/\/1v1chat.site\/wp-content\/uploads\/2023\/03\/AdobeStock_484873483-2048x1366.webp 2048w, https:\/\/1v1chat.site\/wp-content\/uploads\/2023\/03\/AdobeStock_484873483-60x40.webp 60w, https:\/\/1v1chat.site\/wp-content\/uploads\/2023\/03\/AdobeStock_484873483-48x32.webp 48w, https:\/\/1v1chat.site\/wp-content\/uploads\/2023\/03\/AdobeStock_484873483-105x70.webp 105w, https:\/\/1v1chat.site\/wp-content\/uploads\/2023\/03\/AdobeStock_484873483-120x80.webp 120w, https:\/\/1v1chat.site\/wp-content\/uploads\/2023\/03\/AdobeStock_484873483-202x135.webp 202w\" sizes=\"auto, (max-width: 2560px) 100vw, 2560px\" \/><span aria-hidden=\"true\" class=\"wp-block-cover__background has-background-dim\" style=\"background-color:#b2a3a1\"><\/span><div class=\"wp-block-cover__inner-container is-layout-constrained wp-block-cover-is-layout-constrained\">\n<h2 class=\"wp-block-heading has-text-align-center has-mercury-peter-river-color has-text-color has-link-color wp-elements-0057490c8d62941ab8091d63f8a669db\" style=\"font-size:44px;font-style:italic;font-weight:600\"><strong>IL MIGLIOR SITO DI CHAT PER ADULTI CASUALE<\/strong><\/h2>\n\n\n\n<p class=\"has-text-align-center has-mercury-white-color has-text-color has-link-color has-medium-font-size wp-elements-70b752418f9db822a8e5930dd2e1a1c3\">Chatta con sconosciuti casuali online su 1v1Chat, in modo sicuro, istantaneo e senza registrazione.<\/p>\n\n\n\n<div class=\"wp-block-buttons is-content-justification-center is-layout-flex wp-container-core-buttons-is-layout-16018d1d wp-block-buttons-is-layout-flex\">\n<div class=\"wp-block-button is-style-fill\"><a class=\"wp-block-button__link has-mercury-white-color has-vivid-cyan-blue-to-vivid-purple-gradient-background has-text-color has-background has-link-color has-text-align-center wp-element-button\" href=\"#\">Inizia qui<\/a><\/div>\n<\/div>\n<\/div><\/header>\n\n\n\n<div class=\"wp-block-group is-vertical is-content-justification-center is-layout-flex wp-container-core-group-is-layout-4b2eccd6 wp-block-group-is-layout-flex\">\n<h1 class=\"wp-block-heading has-text-align-center has-mercury-gray-color has-text-color has-link-color wp-elements-29be37a1d7bdefb54c71af89a1404909\" style=\"font-size:32px\">Benvenuti a 1v1Chat: Il futuro della video chat online<\/h1>\n<\/div>\n\n\n\n<div class=\"wp-block-group is-layout-grid wp-container-core-group-is-layout-8d2db683 wp-block-group-is-layout-grid\">\n<p class=\"has-text-align-center has-mercury-gray-color has-text-color has-link-color wp-elements-8c67e267dcd0368fe68cc8ac8e2d6108\">Cercate un modo divertente, sicuro ed emozionante per connettervi con persone in tutto il mondo? Con noi, puoi goderti conversazioni spontanee da camma a camma attraverso una chat video veloce, sicura e privata direttamente dal tuo browser. Basta cliccare e iniziare a chattare!<br><\/p>\n<\/div>\n\n\n\n<div style=\"height:30px\" aria-hidden=\"true\" class=\"wp-block-spacer\"><\/div>\n\n\n<div class=\"wp-block-image is-style-default\">\n<figure class=\"aligncenter size-medium is-resized\"><img loading=\"lazy\" decoding=\"async\" width=\"300\" height=\"263\" src=\"https:\/\/1v1chat.site\/wp-content\/uploads\/2023\/03\/home-icon-2-300x263.png\" alt=\"\" class=\"wp-image-27\" style=\"object-fit:cover;width:229px;height:200px\" srcset=\"https:\/\/1v1chat.site\/wp-content\/uploads\/2023\/03\/home-icon-2-300x263.png 300w, https:\/\/1v1chat.site\/wp-content\/uploads\/2023\/03\/home-icon-2-46x40.png 46w, https:\/\/1v1chat.site\/wp-content\/uploads\/2023\/03\/home-icon-2-36x32.png 36w, https:\/\/1v1chat.site\/wp-content\/uploads\/2023\/03\/home-icon-2-80x70.png 80w, https:\/\/1v1chat.site\/wp-content\/uploads\/2023\/03\/home-icon-2-91x80.png 91w, https:\/\/1v1chat.site\/wp-content\/uploads\/2023\/03\/home-icon-2-154x135.png 154w, https:\/\/1v1chat.site\/wp-content\/uploads\/2023\/03\/home-icon-2.png 342w\" sizes=\"auto, (max-width: 300px) 100vw, 300px\" \/><\/figure>\n<\/div>\n\n\n<h2 class=\"wp-block-heading\" id=\"block-bd0dda2e-054a-4aac-9f58-92e939b9e796\">Perch\u00e9 scegliere 1v1Chat?<\/h2>\n\n\n\n<p id=\"block-5ba9968b-14e9-4102-89c6-ed3a6469a9a8\">Si distingue per la combinazione unica di funzioni che migliorano le interazioni virtuali. Semplifica la comunicazione globale e garantisce un'esperienza sicura, continua e personalizzata.<\/p>\n\n\n\n<p id=\"block-f4fb2130-263c-4bd9-98bf-6c5609b05a26\">\ud83c\udf0d<strong>Accessibilit\u00e0 globale<\/strong>: Connettetevi con gli utenti di tutto il mondo senza inutili restrizioni. Grazie ai filtri per la posizione e la lingua, \u00e8 possibile scoprire conversazioni in linea con le proprie preferenze.<\/p>\n\n\n\n<p id=\"block-65dbed96-ef21-4b23-9514-98e1fc31d725\">\ud83c\udfa8<strong>Opzioni personalizzabili<\/strong>: Connettetevi con persone che condividono la vostra stessa atmosfera grazie alle opzioni di abbinamento intelligente.<\/p>\n\n\n\n<p id=\"block-999d6560-1cf0-45ab-97f7-d28209e1bb52\">\u270d\ufe0f <strong>Non \u00e8 necessario iscriversi<\/strong>: Chatta gratis con la cam, istantaneamente. Non c'\u00e8 bisogno di usare la tua email, a meno che tu non voglia farlo.<\/p>\n\n\n\n<h2 class=\"wp-block-heading\" id=\"block-a53b1646-35a7-4b60-be0d-07abbe69400a\">1v1Chat Caratteristiche<\/h2>\n\n\n\n<p id=\"block-8177ec40-be07-48ee-a244-95b0a1cbae1d\">Godetevi un'esperienza di video chat per adulti senza soluzione di continuit\u00e0 e personalizzabile:<\/p>\n\n\n\n<p id=\"block-749d7177-6137-42d8-9299-e47efbe68132\">\ud83d\udd12 <strong>Privato e sicuro<\/strong> - Crittografia end-to-end e chat anonima<\/p>\n\n\n\n<p id=\"block-15c24d00-d49a-4e61-a98a-f2f9d1d15866\">\ud83c\udfa5 <strong>Video HD e audio chiaro<\/strong> - Comunicazione fluida anche con larghezza di banda ridotta<\/p>\n\n\n\n<p id=\"block-47619d97-b2f7-402f-937f-abb70ff46757\">\u2699\ufe0f <strong>Scorri e abbina<\/strong> - Non ti piace l'interlocutore? Passate al prossimo<\/p>\n\n\n\n<p id=\"block-f10f8c47-a804-41e0-b1de-0440e614b083\">\ud83d\udeab <strong>Strumenti di moderazione<\/strong> - Bloccare o segnalare istantaneamente gli utenti<\/p>\n\n\n\n<p id=\"block-dfd295d0-d401-41ad-a788-1436f56fb33b\">\ud83d\udcf1 <strong>Basato su browser<\/strong> - Nessun download. Funziona su desktop, tablet e cellulari<\/p>\n\n\n\n<h2 class=\"wp-block-heading\" id=\"block-90f15d38-cf07-4a76-8301-f33795f8ef77\">Come utilizzare 1v1Chat<\/h2>\n\n\n\n<p id=\"block-ff021aac-c9c8-41c1-8c63-7dda9c109901\">Bastano pochi secondi per iniziare la vostra esperienza di chat con telecamera gratuita:<\/p>\n\n\n\n<ol id=\"block-98888ee2-9833-42d4-87e7-5e5fe14ed838\" class=\"wp-block-list\">\n<li><strong>Consente l'uso della fotocamera e del microfono<\/strong> - Garantire video e audio di alta qualit\u00e0<\/li>\n\n\n\n<li><strong>Impostare le preferenze<\/strong> - Personalizzare i filtri per migliorare le connessioni<\/li>\n\n\n\n<li><strong>Inizia a chattare!<\/strong> - Incontrare subito qualcuno di nuovo<\/li>\n<\/ol>\n\n\n\n<p id=\"block-feb724a1-ca7e-47dc-abbc-352d203cd152\"><strong>Siete pronti a iniziare una videochat gratuita?<\/strong><\/p>\n\n\n\n<p id=\"block-cacd3790-fefc-4845-89b9-3f80ca270404\">Unisciti alle migliaia di persone che si connettono - chatta gratis in cam, senza registrazione, senza stress. Solo conversazioni reali, a modo tuo.<\/p>\n\n\n\n<div style=\"height:17px\" aria-hidden=\"true\" class=\"wp-block-spacer\"><\/div>\n\n\n\n<div class=\"wp-block-buttons is-content-justification-center is-layout-flex wp-container-core-buttons-is-layout-16018d1d wp-block-buttons-is-layout-flex\">\n<div class=\"wp-block-button is-style-fill\"><a class=\"wp-block-button__link has-mercury-white-color has-vivid-cyan-blue-to-vivid-purple-gradient-background has-text-color has-background has-link-color has-text-align-left wp-element-button\" href=\"#\">Iniziare a chattare istantaneamente<\/a><\/div>\n<\/div>\n\n\n\n<div style=\"height:30px\" aria-hidden=\"true\" class=\"wp-block-spacer\"><\/div>\n\n\n\n<h2 class=\"wp-block-heading has-text-align-left\">Domande frequenti<\/h2>\n\n\n\n<style>\n  .faq-section {\n    max-width: 800px;\n    margin: 0;\n    padding: 10px 20px 40px;\n    font-family: Arial, sans-serif;\n  }\n\n  .faq-item {\n    background-color: #2ac2e0;\n    color: white;\n    margin-bottom: 10px;\n    border-radius: 5px;\n    overflow: hidden;\n  }\n\n  .faq-question {\n    padding: 15px 20px;\n    cursor: pointer;\n    position: relative;\n    font-weight: bold;\n    text-align: left;\n    font-size: 1rem;\n  }\n\n  .faq-question::after {\n    content: '+';\n    font-size: 1.5rem;\n    position: absolute;\n    right: 20px;\n    top: 12px;\n    transition: transform 0.3s ease;\n  }\n\n  .faq-item.active .faq-question::after {\n    transform: rotate(45deg);\n  }\n\n  .faq-answer {\n    max-height: 0;\n    overflow: hidden;\n    background-color: #f2f2f2;\n    color: #333;\n    padding: 0 20px;\n    transition: max-height 0.3s ease, padding 0.3s ease;\n    font-size: 0.95rem;\n  }\n\n  .faq-item.active .faq-answer {\n    max-height: 500px;\n    padding: 15px 20px;\n  }\n\n  @media (max-width: 600px) {\n    .faq-section {\n      padding: 10px 15px 30px;\n    }\n\n    .faq-question {\n      font-size: 1rem;\n      padding: 12px 16px;\n    }\n\n    .faq-answer {\n      font-size: 0.95rem;\n      padding: 0 16px;\n    }\n\n    .faq-item.active .faq-answer {\n      padding: 12px 16px;\n    }\n\n    .faq-question::after {\n      right: 16px;\n      top: 10px;\n    }\n  }\n<\/style>\n\n<section class=\"faq-section\">\n  <div class=\"faq-item\">\n    <div class=\"faq-question\">Che cos'\u00e8 la chat video 1v1Chat?<\/div>\n    <div class=\"faq-answer\">1v1Chat \u00e8 una piattaforma basata su browser che offre una cam gratuita per chattare con sconosciuti in tutto il mondo. \u00c8 progettata per conversazioni video online spontanee, sicure e divertenti, senza bisogno di iscriversi.<\/div>\n  <\/div>\n\n  <div class=\"faq-item\">\n    <div class=\"faq-question\">1v1Chat \u00e8 davvero gratuito?<\/div>\n    <div class=\"faq-answer\">S\u00ec, \u00e8 possibile usufruire di chat in cam illimitate e gratuite senza download. Per maggiori funzioni, \u00e8 possibile effettuare l'upgrade a un piano premium in qualsiasi momento.<\/div>\n  <\/div>\n\n  <div class=\"faq-item\">\n    <div class=\"faq-question\">Come posso proteggere la mia privacy durante la chat?<\/div>\n    <div class=\"faq-answer\">1v1Chat utilizza la crittografia end-to-end, le opzioni di chat anonima e gli strumenti di moderazione per mantenere le chat sicure e private. Non sono richieste informazioni personali.<\/div>\n  <\/div>\n\n  <div class=\"faq-item\">\n    <div class=\"faq-question\">Posso scegliere con chi connettermi?<\/div>\n    <div class=\"faq-answer\">Assolutamente s\u00ec. Con i filtri intelligenti, \u00e8 possibile chattare in base alla lingua, alla regione o agli interessi. <strong>chattare con la telecamera gratis<\/strong> esperienza pi\u00f9 rilevante e divertente.<\/div>\n  <\/div>\n\n  <div class=\"faq-item\">\n    <div class=\"faq-question\">Cosa rende 1v1Chat diverso dagli altri siti di chat casuale?<\/div>\n    <div class=\"faq-answer\">A differenza di molti altri siti, 1v1Chat offre uno streaming fluido, <strong>chattare gratis in cam<\/strong>e un design orientato alla privacy che funziona anche su connessioni lente.<\/div>\n  <\/div>\n\n  <div class=\"faq-item\">\n    <div class=\"faq-question\">Devo scaricare qualcosa?<\/div>\n    <div class=\"faq-answer\">No! 1v1Chat \u00e8 completamente basato sul browser, non richiede installazioni. Funziona su desktop, tablet e dispositivi mobili.<\/div>\n  <\/div>\n<\/section>\n\n<script>\n  document.querySelectorAll('.faq-question').forEach(item => {\n    item.addEventListener('click', () => {\n      const parent = item.parentElement;\n      parent.classList.toggle('active');\n    });\n  });\n<\/script>\n\n\n\n<p><\/p>","protected":false},"excerpt":{"rendered":"<p>Welcome to 1v1Chat: The Future of Online Video Chat Looking for a fun, safe, and exciting way to connect with people worldwide?&nbsp;With us, you can enjoy spontaneous cam-to-cam conversations through fast, secure, and private video chat directly from your browser. Just click and start chatting! Why Choose 1v1Chat? It stands out for its unique combination [&hellip;]<\/p>","protected":false},"author":1,"featured_media":0,"parent":0,"menu_order":0,"comment_status":"closed","ping_status":"closed","template":"flirtbees-style-template.php","meta":{"_acf_changed":false,"footnotes":""},"class_list":["post-134","page","type-page","status-publish","hentry"],"acf":[],"yoast_head":"<!-- This site is optimized with the Yoast SEO plugin v26.7 - https:\/\/yoast.com\/wordpress\/plugins\/seo\/ -->\n<title>Random video chat One on One - 1v1Chat<\/title>\n<meta name=\"description\" content=\"Connect on 1v1chat.site - the private Omegle alternative for random 1-on-1 video chat. No sign-up, gender filters, safe moderation.\" \/>\n<meta name=\"robots\" content=\"index, follow, max-snippet:-1, max-image-preview:large, max-video-preview:-1\" \/>\n<link rel=\"canonical\" href=\"https:\/\/1v1chat.site\/it\/\" \/>\n<meta property=\"og:locale\" content=\"it_IT\" \/>\n<meta property=\"og:type\" content=\"article\" \/>\n<meta property=\"og:title\" content=\"Random video chat One on One - 1v1Chat\" \/>\n<meta property=\"og:description\" content=\"Connect on 1v1chat.site - the private Omegle alternative for random 1-on-1 video chat. No sign-up, gender filters, safe moderation.\" \/>\n<meta property=\"og:url\" content=\"https:\/\/1v1chat.site\/it\/\" \/>\n<meta property=\"og:site_name\" content=\"1v1Chat\" \/>\n<meta property=\"article:modified_time\" content=\"2025-11-20T18:29:24+00:00\" \/>\n<meta property=\"og:image\" content=\"https:\/\/1v1chat.site\/wp-content\/uploads\/2023\/03\/AdobeStock_484873483.webp\" \/>\n\t<meta property=\"og:image:width\" content=\"2560\" \/>\n\t<meta property=\"og:image:height\" content=\"1707\" \/>\n\t<meta property=\"og:image:type\" content=\"image\/webp\" \/>\n<meta name=\"twitter:card\" content=\"summary_large_image\" \/>\n<meta name=\"twitter:label1\" content=\"Tempo di lettura stimato\" \/>\n\t<meta name=\"twitter:data1\" content=\"3 minuti\" \/>\n<script type=\"application\/ld+json\" class=\"yoast-schema-graph\">{\"@context\":\"https:\/\/schema.org\",\"@graph\":[{\"@type\":\"WebPage\",\"@id\":\"https:\/\/1v1chat.site\/\",\"url\":\"https:\/\/1v1chat.site\/\",\"name\":\"Random video chat One on One - 1v1Chat\",\"isPartOf\":{\"@id\":\"https:\/\/1v1chat.site\/#website\"},\"primaryImageOfPage\":{\"@id\":\"https:\/\/1v1chat.site\/#primaryimage\"},\"image\":{\"@id\":\"https:\/\/1v1chat.site\/#primaryimage\"},\"thumbnailUrl\":\"https:\/\/1v1chat.site\/wp-content\/uploads\/2023\/03\/AdobeStock_484873483.webp\",\"datePublished\":\"2023-03-14T10:40:01+00:00\",\"dateModified\":\"2025-11-20T18:29:24+00:00\",\"description\":\"Connect on 1v1chat.site - the private Omegle alternative for random 1-on-1 video chat. No sign-up, gender filters, safe moderation.\",\"breadcrumb\":{\"@id\":\"https:\/\/1v1chat.site\/#breadcrumb\"},\"inLanguage\":\"it-IT\",\"potentialAction\":[{\"@type\":\"ReadAction\",\"target\":[\"https:\/\/1v1chat.site\/\"]}]},{\"@type\":\"ImageObject\",\"inLanguage\":\"it-IT\",\"@id\":\"https:\/\/1v1chat.site\/#primaryimage\",\"url\":\"https:\/\/1v1chat.site\/wp-content\/uploads\/2023\/03\/AdobeStock_484873483.webp\",\"contentUrl\":\"https:\/\/1v1chat.site\/wp-content\/uploads\/2023\/03\/AdobeStock_484873483.webp\"},{\"@type\":\"BreadcrumbList\",\"@id\":\"https:\/\/1v1chat.site\/#breadcrumb\",\"itemListElement\":[{\"@type\":\"ListItem\",\"position\":1,\"name\":\"Home\",\"item\":\"https:\/\/1v1chat.site\/\"},{\"@type\":\"ListItem\",\"position\":2,\"name\":\"Home\",\"item\":{\"@id\":\"https:\/\/1v1chat.site\/it\",\"name\":\"Home\"}}]},{\"@type\":\"WebSite\",\"@id\":\"https:\/\/1v1chat.site\/#website\",\"url\":\"https:\/\/1v1chat.site\/\",\"name\":\"1v1Chat\",\"description\":\"\",\"publisher\":{\"@id\":\"https:\/\/1v1chat.site\/#organization\"},\"potentialAction\":[{\"@type\":\"SearchAction\",\"target\":{\"@type\":\"EntryPoint\",\"urlTemplate\":\"https:\/\/1v1chat.site\/?s={search_term_string}\"},\"query-input\":{\"@type\":\"PropertyValueSpecification\",\"valueRequired\":true,\"valueName\":\"search_term_string\"}}],\"inLanguage\":\"it-IT\"},{\"@type\":\"Organization\",\"@id\":\"https:\/\/1v1chat.site\/#organization\",\"name\":\"1v1Chat\",\"url\":\"https:\/\/1v1chat.site\/\",\"logo\":{\"@type\":\"ImageObject\",\"inLanguage\":\"it-IT\",\"@id\":\"https:\/\/1v1chat.site\/#\/schema\/logo\/image\/\",\"url\":\"https:\/\/1v1chat.site\/wp-content\/uploads\/2025\/08\/cropped-Logo.png\",\"contentUrl\":\"https:\/\/1v1chat.site\/wp-content\/uploads\/2025\/08\/cropped-Logo.png\",\"width\":1024,\"height\":237,\"caption\":\"1v1Chat\"},\"image\":{\"@id\":\"https:\/\/1v1chat.site\/#\/schema\/logo\/image\/\"}}]}<\/script>\n<!-- \/ Yoast SEO plugin. -->","yoast_head_json":{"title":"Video chat casuale Uno contro uno - 1v1Chat","description":"Connettiti su 1v1chat.site - l'alternativa privata a Omegle per la videochiamata casuale 1 contro 1. Nessuna registrazione, filtri di genere, moderazione sicura.","robots":{"index":"index","follow":"follow","max-snippet":"max-snippet:-1","max-image-preview":"max-image-preview:large","max-video-preview":"max-video-preview:-1"},"canonical":"https:\/\/1v1chat.site\/it\/","og_locale":"it_IT","og_type":"article","og_title":"Random video chat One on One - 1v1Chat","og_description":"Connect on 1v1chat.site - the private Omegle alternative for random 1-on-1 video chat. No sign-up, gender filters, safe moderation.","og_url":"https:\/\/1v1chat.site\/it\/","og_site_name":"1v1Chat","article_modified_time":"2025-11-20T18:29:24+00:00","og_image":[{"width":2560,"height":1707,"url":"https:\/\/1v1chat.site\/wp-content\/uploads\/2023\/03\/AdobeStock_484873483.webp","type":"image\/webp"}],"twitter_card":"summary_large_image","twitter_misc":{"Tempo di lettura stimato":"3 minuti"},"schema":{"@context":"https:\/\/schema.org","@graph":[{"@type":"WebPage","@id":"https:\/\/1v1chat.site\/","url":"https:\/\/1v1chat.site\/","name":"Video chat casuale Uno contro uno - 1v1Chat","isPartOf":{"@id":"https:\/\/1v1chat.site\/#website"},"primaryImageOfPage":{"@id":"https:\/\/1v1chat.site\/#primaryimage"},"image":{"@id":"https:\/\/1v1chat.site\/#primaryimage"},"thumbnailUrl":"https:\/\/1v1chat.site\/wp-content\/uploads\/2023\/03\/AdobeStock_484873483.webp","datePublished":"2023-03-14T10:40:01+00:00","dateModified":"2025-11-20T18:29:24+00:00","description":"Connettiti su 1v1chat.site - l'alternativa privata a Omegle per la videochiamata casuale 1 contro 1. Nessuna registrazione, filtri di genere, moderazione sicura.","breadcrumb":{"@id":"https:\/\/1v1chat.site\/#breadcrumb"},"inLanguage":"it-IT","potentialAction":[{"@type":"ReadAction","target":["https:\/\/1v1chat.site\/"]}]},{"@type":"ImageObject","inLanguage":"it-IT","@id":"https:\/\/1v1chat.site\/#primaryimage","url":"https:\/\/1v1chat.site\/wp-content\/uploads\/2023\/03\/AdobeStock_484873483.webp","contentUrl":"https:\/\/1v1chat.site\/wp-content\/uploads\/2023\/03\/AdobeStock_484873483.webp"},{"@type":"BreadcrumbList","@id":"https:\/\/1v1chat.site\/#breadcrumb","itemListElement":[{"@type":"ListItem","position":1,"name":"Home","item":"https:\/\/1v1chat.site\/"},{"@type":"ListItem","position":2,"name":"Home","item":{"@id":"https:\/\/1v1chat.site\/it","name":"Home"}}]},{"@type":"WebSite","@id":"https:\/\/1v1chat.site\/#website","url":"https:\/\/1v1chat.site\/","name":"1v1Chat","description":"","publisher":{"@id":"https:\/\/1v1chat.site\/#organization"},"potentialAction":[{"@type":"SearchAction","target":{"@type":"EntryPoint","urlTemplate":"https:\/\/1v1chat.site\/?s={search_term_string}"},"query-input":{"@type":"PropertyValueSpecification","valueRequired":true,"valueName":"search_term_string"}}],"inLanguage":"it-IT"},{"@type":"Organization","@id":"https:\/\/1v1chat.site\/#organization","name":"1v1Chat","url":"https:\/\/1v1chat.site\/","logo":{"@type":"ImageObject","inLanguage":"it-IT","@id":"https:\/\/1v1chat.site\/#\/schema\/logo\/image\/","url":"https:\/\/1v1chat.site\/wp-content\/uploads\/2025\/08\/cropped-Logo.png","contentUrl":"https:\/\/1v1chat.site\/wp-content\/uploads\/2025\/08\/cropped-Logo.png","width":1024,"height":237,"caption":"1v1Chat"},"image":{"@id":"https:\/\/1v1chat.site\/#\/schema\/logo\/image\/"}}]}},"_links":{"self":[{"href":"https:\/\/1v1chat.site\/it\/wp-json\/wp\/v2\/pages\/134","targetHints":{"allow":["GET"]}}],"collection":[{"href":"https:\/\/1v1chat.site\/it\/wp-json\/wp\/v2\/pages"}],"about":[{"href":"https:\/\/1v1chat.site\/it\/wp-json\/wp\/v2\/types\/page"}],"author":[{"embeddable":true,"href":"https:\/\/1v1chat.site\/it\/wp-json\/wp\/v2\/users\/1"}],"replies":[{"embeddable":true,"href":"https:\/\/1v1chat.site\/it\/wp-json\/wp\/v2\/comments?post=134"}],"version-history":[{"count":16,"href":"https:\/\/1v1chat.site\/it\/wp-json\/wp\/v2\/pages\/134\/revisions"}],"predecessor-version":[{"id":972,"href":"https:\/\/1v1chat.site\/it\/wp-json\/wp\/v2\/pages\/134\/revisions\/972"}],"wp:attachment":[{"href":"https:\/\/1v1chat.site\/it\/wp-json\/wp\/v2\/media?parent=134"}],"curies":[{"name":"wp","href":"https:\/\/api.w.org\/{rel}","templated":true}]}}