{"id":149,"date":"2023-03-14T10:45:22","date_gmt":"2023-03-14T10:45:22","guid":{"rendered":"https:\/\/export.mercurytheme.com\/013\/?page_id=149"},"modified":"2025-08-21T07:09:37","modified_gmt":"2025-08-21T07:09:37","slug":"terms-and-conditions","status":"publish","type":"page","link":"https:\/\/1v1chat.site\/fr\/terms-and-conditions\/","title":{"rendered":"Termes et Conditions"},"content":{"rendered":"<h1 class=\"wp-block-heading\"><\/h1>\n\n\n\n<p>Ce document, qui peut \u00e9galement \u00eatre appel\u00e9 \"Conditions de Service\", \"Conditions\", \"Accord d'Utilisateur\" ou \"Accord\", est un accord juridiquement contraignant entre les individus, les entreprises et les organisations (Utilisateurs) et 1v1Chat.site, exploit\u00e9 par 1v1Chat Inc. situ\u00e9 \u00e0 [Votre adresse professionnelle ici], qui peut \u00e9galement \u00eatre appel\u00e9 \"1v1Chat.site\", \"Soci\u00e9t\u00e9\", le \"Site Web\" ou le \"Service\" par la suite.<\/p>\n\n\n\n<p>Les termes \"nous\", \"nous\" et \"notre\" peuvent \u00e9galement \u00eatre utilis\u00e9s pour d\u00e9signer 1v1Chat.site, tandis que les termes \"vous\", \"votre\", \"Utilisateur\" et \"Visiteur\" peuvent \u00eatre utilis\u00e9s pour d\u00e9signer tous les utilisateurs du site Web. Les termes \"Contenu\" et \"Contenu\" sont utilis\u00e9s pour se r\u00e9f\u00e9rer \u00e0 tout mat\u00e9riel mis \u00e0 disposition via le site Web.<\/p>\n\n\n\n<p>Pour acc\u00e9der \u00e0 l'ensemble du contenu et des services fournis par le site web et les utiliser, vous confirmez que vous avez au moins 18 (dix-huit) ans (ou l'\u00e2ge l\u00e9gal dans votre \u00c9tat, pays ou localit\u00e9 s'il est sup\u00e9rieur \u00e0 18 ans).<\/p>\n\n\n\n<p>En utilisant notre site web, vous acceptez de vous conformer aux termes du pr\u00e9sent accord et de notre r\u00e8glement. Vous confirmez \u00e9galement que vous acceptez de vous conformer \u00e0 notre politique de confidentialit\u00e9 et \u00e0 notre politique de remboursement.<\/p>\n\n\n\n<hr class=\"wp-block-separator has-alpha-channel-opacity\"\/>\n\n\n\n<h2 class=\"wp-block-heading\">Acc\u00e8s et utilisation du site web<\/h2>\n\n\n\n<p>Nous vous accordons une licence non exclusive, non transf\u00e9rable et r\u00e9vocable pour acc\u00e9der \u00e0 notre site web et l'utiliser en stricte conformit\u00e9 avec le pr\u00e9sent accord. Les droits que vous conf\u00e8re le pr\u00e9sent accord ne sont ni transf\u00e9rables ni cessibles, et tout transfert de ce type est nul.<\/p>\n\n\n\n<p>Le pr\u00e9sent accord ne cr\u00e9e aucune relation d'agence, de partenariat, de coentreprise, d'employ\u00e9-employeur ou de franchiseur-franchis\u00e9 entre vous et nous.<\/p>\n\n\n\n<p>Nous nous r\u00e9servons le droit de suspendre temporairement ou ind\u00e9finiment la fonctionnalit\u00e9 de notre site web pour les raisons suivantes :<\/p>\n\n\n\n<ol class=\"wp-block-list\">\n<li>Pour des raisons techniques telles que des probl\u00e8mes avec nos serveurs, des dysfonctionnements mat\u00e9riels ou logiciels, des attaques de pirates informatiques, etc.<\/li>\n\n\n\n<li>Effectuer des mises \u00e0 jour ou des op\u00e9rations de maintenance sur notre mat\u00e9riel ou nos logiciels afin d'am\u00e9liorer le site web et l'exp\u00e9rience des utilisateurs.<\/li>\n\n\n\n<li>Pour des raisons l\u00e9gitimes telles que des objections concernant la vie priv\u00e9e ou des pr\u00e9occupations d'ordre juridique.<\/li>\n\n\n\n<li>Si nous d\u00e9terminons que le site web n'a plus de viabilit\u00e9 commerciale.<\/li>\n\n\n\n<li>En cas de modifications importantes des services que nous fournissons.<\/li>\n<\/ol>\n\n\n\n<p>Bien que nous prenions toutes les mesures raisonnables pour assurer la continuit\u00e9 du service, nous ne pouvons pas garantir que le site Web fonctionnera toujours sans interruptions ou probl\u00e8mes techniques. 1v1Chat.site n'est pas \u00e0 l'abri des virus, des attaques de pirates informatiques, des dysfonctionnements du mat\u00e9riel ou des logiciels, ou d'autres probl\u00e8mes inattendus ind\u00e9pendants de notre volont\u00e9. Nous n'acceptons aucune responsabilit\u00e9 pour tout dommage caus\u00e9 par de telles perturbations.<\/p>\n\n\n\n<p>Les utilisateurs sont responsables de tous les co\u00fbts associ\u00e9s \u00e0 leur connexion Internet ou \u00e0 leur connexion de donn\u00e9es mobiles lorsqu'ils acc\u00e8dent \u00e0 notre site web. Veuillez confirmer vos co\u00fbts d'utilisation des donn\u00e9es aupr\u00e8s de votre fournisseur de services avant d'utiliser notre site web.<\/p>\n\n\n\n<hr class=\"wp-block-separator has-alpha-channel-opacity\"\/>\n\n\n\n<h2 class=\"wp-block-heading\">Contenu utilisateur<\/h2>\n\n\n\n<p>Les utilisateurs peuvent transmettre du texte, de l'audio, de la vid\u00e9o et d'autres contenus (\"Contenu de l'utilisateur\") \u00e0 d'autres utilisateurs par l'interm\u00e9diaire du site Web. En rendant le Contenu Utilisateur disponible sur 1v1Chat.site, vous nous accordez une licence mondiale, irr\u00e9vocable, perp\u00e9tuelle, non exclusive, transf\u00e9rable, libre de droits, avec le droit de sous-licence, pour utiliser, copier, adapter, modifier, distribuer, licencier, vendre, afficher publiquement, et exploiter autrement ce Contenu Utilisateur \u00e0 travers le Site Web ou des plateformes tierces \u00e0 des fins commerciales.<\/p>\n\n\n\n<p>Bien que 1v1Chat.site ne revendique pas la propri\u00e9t\u00e9 du Contenu Utilisateur, nous nous r\u00e9servons le droit de l'utiliser comme indiqu\u00e9 ci-dessus. Vous conservez les droits d'auteur sur tout contenu utilisateur que vous cr\u00e9ez et t\u00e9l\u00e9chargez.<\/p>\n\n\n\n<p>Vous d\u00e9clarez et garantissez que<\/p>\n\n\n\n<ol class=\"wp-block-list\">\n<li>Vous \u00eates le seul propri\u00e9taire ou disposez des droits, licences et autorisations n\u00e9cessaires pour nous accorder la licence susmentionn\u00e9e.<\/li>\n\n\n\n<li>Votre contenu utilisateur ne viole aucun droit de propri\u00e9t\u00e9 intellectuelle, de confidentialit\u00e9 ou de publicit\u00e9 de tiers, ni aucune loi applicable.<\/li>\n\n\n\n<li>Votre contenu utilisateur ne comprendra pas de mat\u00e9riel obsc\u00e8ne, offensant ou ill\u00e9gal.<\/li>\n<\/ol>\n\n\n\n<p>Nous nous r\u00e9servons le droit de supprimer ou de d\u00e9sactiver l'acc\u00e8s \u00e0 tout contenu utilisateur qui enfreint le pr\u00e9sent accord.<\/p>\n\n\n\n<hr class=\"wp-block-separator has-alpha-channel-opacity\"\/>\n\n\n\n<h2 class=\"wp-block-heading\">Activit\u00e9 des utilisateurs malveillants<\/h2>\n\n\n\n<p>Vous acceptez de ne pas vous engager dans les activit\u00e9s suivantes lors de l'utilisation de 1v1Chat.site :<\/p>\n\n\n\n<ol class=\"wp-block-list\">\n<li>Tenter de sonder, d'analyser ou de violer la s\u00e9curit\u00e9 de nos syst\u00e8mes ou r\u00e9seaux.<\/li>\n\n\n\n<li>Contourner toute mesure con\u00e7ue pour prot\u00e9ger le site web ou son contenu.<\/li>\n\n\n\n<li>l'utilisation d'outils non autoris\u00e9s (par exemple, des bots, des spiders, des scrapers) pour acc\u00e9der au site web ou interagir avec lui.<\/li>\n\n\n\n<li>Falsification des en-t\u00eates de paquets ou utilisation de techniques trompeuses pour d\u00e9guiser les informations sur la source.<\/li>\n\n\n\n<li>Interf\u00e9rer avec l'acc\u00e8s d'autres utilisateurs au site web, y compris le spamming ou l'envoi de logiciels malveillants.<\/li>\n\n\n\n<li>Tenter de d\u00e9compiler, de faire de l'ing\u00e9nierie inverse ou de reproduire notre logiciel.<\/li>\n\n\n\n<li>Promouvoir des services de tiers ou en faire la publicit\u00e9 sans autorisation pr\u00e9alable.<\/li>\n\n\n\n<li>Encourager ou permettre \u00e0 d'autres personnes de violer ces conditions.<\/li>\n<\/ol>\n\n\n\n<hr class=\"wp-block-separator has-alpha-channel-opacity\"\/>\n\n\n\n<h2 class=\"wp-block-heading\">Produits ou services payants<\/h2>\n\n\n\n<p>1v1Chat.site peut offrir des produits ou services payants, y compris des biens num\u00e9riques, des abonnements et des fonctionnalit\u00e9s suppl\u00e9mentaires. En achetant un service payant, vous acceptez de :<\/p>\n\n\n\n<ol class=\"wp-block-list\">\n<li>Fournir des informations de paiement exactes.<\/li>\n\n\n\n<li>Assurez-vous que tous les frais sont honor\u00e9s par votre fournisseur de paiement.<\/li>\n\n\n\n<li>Payer toutes les taxes et redevances applicables.<\/li>\n\n\n\n<li>En cas de probl\u00e8me avec une transaction, contactez-nous avant d'initier une r\u00e9trofacturation.<\/li>\n<\/ol>\n\n\n\n<p>Les remboursements pour les services payants sont soumis \u00e0 notre politique de remboursement, et 1v1Chat.site se r\u00e9serve le droit de modifier les conditions de paiement \u00e0 tout moment.<\/p>\n\n\n\n<hr class=\"wp-block-separator has-alpha-channel-opacity\"\/>\n\n\n\n<h2 class=\"wp-block-heading\">Liens et ressources externes<\/h2>\n\n\n\n<p>1v1Chat.site peut inclure des liens vers des sites web ou des ressources de tiers. Bien que nous nous efforcions de fournir des liens fiables, nous ne sommes pas responsables de la disponibilit\u00e9, de l'exactitude ou du contenu de ces ressources externes. Les utilisateurs assument tous les risques associ\u00e9s \u00e0 l'acc\u00e8s aux sites web de tiers.<\/p>\n\n\n\n<hr class=\"wp-block-separator has-alpha-channel-opacity\"\/>\n\n\n\n<h2 class=\"wp-block-heading\">Cessation de l'acc\u00e8s<\/h2>\n\n\n\n<p>Nous nous r\u00e9servons le droit de limiter ou de r\u00e9silier votre acc\u00e8s \u00e0 1v1Chat.site si vous :<\/p>\n\n\n\n<ol class=\"wp-block-list\">\n<li>enfreindre nos r\u00e8gles, le pr\u00e9sent accord ou notre politique de protection de la vie priv\u00e9e.<\/li>\n\n\n\n<li>Fournir ou distribuer des contenus interdits.<\/li>\n\n\n\n<li>se livrer \u00e0 des activit\u00e9s malveillantes telles que d\u00e9crites ci-dessus.<\/li>\n<\/ol>\n\n\n\n<p>La r\u00e9siliation peut intervenir sans pr\u00e9avis et nous nous r\u00e9servons le droit de bloquer des adresses IP ou des comptes sp\u00e9cifiques.<\/p>\n\n\n\n<hr class=\"wp-block-separator has-alpha-channel-opacity\"\/>\n\n\n\n<h2 class=\"wp-block-heading\">Limitation de la responsabilit\u00e9<\/h2>\n\n\n\n<p>1v1Chat.site n'est pas responsable de :<\/p>\n\n\n\n<ol class=\"wp-block-list\">\n<li>les actions ou le contenu fournis par les utilisateurs.<\/li>\n\n\n\n<li>les interruptions, les d\u00e9faillances techniques ou les pertes de donn\u00e9es r\u00e9sultant de l'utilisation du site web.<\/li>\n\n\n\n<li>Les dommages financiers ou mat\u00e9riels subis lors de l'utilisation de nos services.<\/li>\n<\/ol>\n\n\n\n<p>Les utilisateurs acceptent d'indemniser et de d\u00e9gager 1v1Chat.site de toute responsabilit\u00e9 en cas de r\u00e9clamation, de perte ou de dommage r\u00e9sultant de leur utilisation du site Web.<\/p>\n\n\n\n<hr class=\"wp-block-separator has-alpha-channel-opacity\"\/>\n\n\n\n<h2 class=\"wp-block-heading\">Amendements<\/h2>\n\n\n\n<p>Nous nous r\u00e9servons le droit de modifier \u00e0 tout moment le pr\u00e9sent accord, notre r\u00e8glement, notre politique de confidentialit\u00e9 et notre politique de remboursement. Les mises \u00e0 jour seront publi\u00e9es sur le site Web, et il est de votre responsabilit\u00e9 de consulter ces documents p\u00e9riodiquement. L'utilisation continue de 1v1Chat.site apr\u00e8s les modifications constitue l'acceptation des conditions mises \u00e0 jour.<\/p>\n\n\n\n<hr class=\"wp-block-separator has-alpha-channel-opacity\"\/>\n\n\n\n<h2 class=\"wp-block-heading\">Droit applicable<\/h2>\n\n\n\n<p>Le pr\u00e9sent accord est r\u00e9gi et interpr\u00e9t\u00e9 conform\u00e9ment aux lois de [votre juridiction]. Tout litige d\u00e9coulant du pr\u00e9sent accord sera r\u00e9gl\u00e9 par les tribunaux de [votre juridiction].<\/p>\n\n\n\n<hr class=\"wp-block-separator has-alpha-channel-opacity\"\/>\n\n\n\n<h2 class=\"wp-block-heading\">Nous contacter<\/h2>\n\n\n\n<p>Pour toute question ou pr\u00e9occupation concernant le pr\u00e9sent accord, veuillez nous contacter \u00e0 l'adresse suivante <strong><a href=\"mailto:support@1v1Chat.site\">support@1v1Chat.site<\/a><\/strong>.<\/p>\n\n\n\n<p><\/p>","protected":false},"excerpt":{"rendered":"<p>This document, which may also be referred to as \u201cTerms of Service,\u201d \u201cTerms,\u201d \u201cUser Agreement,\u201d or \u201cAgreement\u201d throughout, is a legally binding agreement between individuals, businesses, and organizations (Users) and 1v1Chat.site, operated by 1v1Chat Inc., located at [Your Business Address Here], which may also be referred to as \u201c1v1Chat.site,\u201d \u201cCompany,\u201d the \u201cWebsite,\u201d or \u201cService\u201d hereafter. [&hellip;]<\/p>","protected":false},"author":1,"featured_media":0,"parent":0,"menu_order":0,"comment_status":"closed","ping_status":"closed","template":"page-no-sidebar.php","meta":{"_acf_changed":false,"footnotes":""},"class_list":["post-149","page","type-page","status-publish","hentry"],"acf":[],"yoast_head":"<!-- This site is optimized with the Yoast SEO plugin v26.7 - https:\/\/yoast.com\/wordpress\/plugins\/seo\/ -->\n<title>Terms and Conditions - 1v1Chat<\/title>\n<meta name=\"robots\" content=\"index, follow, max-snippet:-1, max-image-preview:large, max-video-preview:-1\" \/>\n<link rel=\"canonical\" href=\"https:\/\/1v1chat.site\/fr\/terms-and-conditions\/\" \/>\n<meta property=\"og:locale\" content=\"fr_FR\" \/>\n<meta property=\"og:type\" content=\"article\" \/>\n<meta property=\"og:title\" content=\"Terms and Conditions - 1v1Chat\" \/>\n<meta property=\"og:description\" content=\"This document, which may also be referred to as \u201cTerms of Service,\u201d \u201cTerms,\u201d \u201cUser Agreement,\u201d or \u201cAgreement\u201d throughout, is a legally binding agreement between individuals, businesses, and organizations (Users) and 1v1Chat.site, operated by 1v1Chat Inc., located at [Your Business Address Here], which may also be referred to as \u201c1v1Chat.site,\u201d \u201cCompany,\u201d the \u201cWebsite,\u201d or \u201cService\u201d hereafter. [&hellip;]\" \/>\n<meta property=\"og:url\" content=\"https:\/\/1v1chat.site\/fr\/terms-and-conditions\/\" \/>\n<meta property=\"og:site_name\" content=\"1v1Chat\" \/>\n<meta property=\"article:modified_time\" content=\"2025-08-21T07:09:37+00:00\" \/>\n<meta name=\"twitter:card\" content=\"summary_large_image\" \/>\n<meta name=\"twitter:label1\" content=\"Dur\u00e9e de lecture estim\u00e9e\" \/>\n\t<meta name=\"twitter:data1\" content=\"5 minutes\" \/>\n<script type=\"application\/ld+json\" class=\"yoast-schema-graph\">{\"@context\":\"https:\/\/schema.org\",\"@graph\":[{\"@type\":\"WebPage\",\"@id\":\"https:\/\/1v1chat.site\/terms-and-conditions\/\",\"url\":\"https:\/\/1v1chat.site\/terms-and-conditions\/\",\"name\":\"Terms and Conditions - 1v1Chat\",\"isPartOf\":{\"@id\":\"https:\/\/1v1chat.site\/#website\"},\"datePublished\":\"2023-03-14T10:45:22+00:00\",\"dateModified\":\"2025-08-21T07:09:37+00:00\",\"breadcrumb\":{\"@id\":\"https:\/\/1v1chat.site\/terms-and-conditions\/#breadcrumb\"},\"inLanguage\":\"fr-FR\",\"potentialAction\":[{\"@type\":\"ReadAction\",\"target\":[\"https:\/\/1v1chat.site\/terms-and-conditions\/\"]}]},{\"@type\":\"BreadcrumbList\",\"@id\":\"https:\/\/1v1chat.site\/terms-and-conditions\/#breadcrumb\",\"itemListElement\":[{\"@type\":\"ListItem\",\"position\":1,\"name\":\"Home\",\"item\":\"https:\/\/1v1chat.site\/\"},{\"@type\":\"ListItem\",\"position\":2,\"name\":\"Terms and Conditions\",\"item\":{\"@id\":\"https:\/\/1v1chat.site\/fr\",\"name\":\"Terms and Conditions\"}}]},{\"@type\":\"WebSite\",\"@id\":\"https:\/\/1v1chat.site\/#website\",\"url\":\"https:\/\/1v1chat.site\/\",\"name\":\"1v1Chat\",\"description\":\"\",\"publisher\":{\"@id\":\"https:\/\/1v1chat.site\/#organization\"},\"potentialAction\":[{\"@type\":\"SearchAction\",\"target\":{\"@type\":\"EntryPoint\",\"urlTemplate\":\"https:\/\/1v1chat.site\/?s={search_term_string}\"},\"query-input\":{\"@type\":\"PropertyValueSpecification\",\"valueRequired\":true,\"valueName\":\"search_term_string\"}}],\"inLanguage\":\"fr-FR\"},{\"@type\":\"Organization\",\"@id\":\"https:\/\/1v1chat.site\/#organization\",\"name\":\"1v1Chat\",\"url\":\"https:\/\/1v1chat.site\/\",\"logo\":{\"@type\":\"ImageObject\",\"inLanguage\":\"fr-FR\",\"@id\":\"https:\/\/1v1chat.site\/#\/schema\/logo\/image\/\",\"url\":\"https:\/\/1v1chat.site\/wp-content\/uploads\/2025\/08\/cropped-Logo.png\",\"contentUrl\":\"https:\/\/1v1chat.site\/wp-content\/uploads\/2025\/08\/cropped-Logo.png\",\"width\":1024,\"height\":237,\"caption\":\"1v1Chat\"},\"image\":{\"@id\":\"https:\/\/1v1chat.site\/#\/schema\/logo\/image\/\"}}]}<\/script>\n<!-- \/ Yoast SEO plugin. -->","yoast_head_json":{"title":"Conditions d'utilisation - 1v1Chat","robots":{"index":"index","follow":"follow","max-snippet":"max-snippet:-1","max-image-preview":"max-image-preview:large","max-video-preview":"max-video-preview:-1"},"canonical":"https:\/\/1v1chat.site\/fr\/terms-and-conditions\/","og_locale":"fr_FR","og_type":"article","og_title":"Terms and Conditions - 1v1Chat","og_description":"This document, which may also be referred to as \u201cTerms of Service,\u201d \u201cTerms,\u201d \u201cUser Agreement,\u201d or \u201cAgreement\u201d throughout, is a legally binding agreement between individuals, businesses, and organizations (Users) and 1v1Chat.site, operated by 1v1Chat Inc., located at [Your Business Address Here], which may also be referred to as \u201c1v1Chat.site,\u201d \u201cCompany,\u201d the \u201cWebsite,\u201d or \u201cService\u201d hereafter. [&hellip;]","og_url":"https:\/\/1v1chat.site\/fr\/terms-and-conditions\/","og_site_name":"1v1Chat","article_modified_time":"2025-08-21T07:09:37+00:00","twitter_card":"summary_large_image","twitter_misc":{"Dur\u00e9e de lecture estim\u00e9e":"5 minutes"},"schema":{"@context":"https:\/\/schema.org","@graph":[{"@type":"WebPage","@id":"https:\/\/1v1chat.site\/terms-and-conditions\/","url":"https:\/\/1v1chat.site\/terms-and-conditions\/","name":"Conditions d'utilisation - 1v1Chat","isPartOf":{"@id":"https:\/\/1v1chat.site\/#website"},"datePublished":"2023-03-14T10:45:22+00:00","dateModified":"2025-08-21T07:09:37+00:00","breadcrumb":{"@id":"https:\/\/1v1chat.site\/terms-and-conditions\/#breadcrumb"},"inLanguage":"fr-FR","potentialAction":[{"@type":"ReadAction","target":["https:\/\/1v1chat.site\/terms-and-conditions\/"]}]},{"@type":"BreadcrumbList","@id":"https:\/\/1v1chat.site\/terms-and-conditions\/#breadcrumb","itemListElement":[{"@type":"ListItem","position":1,"name":"Home","item":"https:\/\/1v1chat.site\/"},{"@type":"ListItem","position":2,"name":"Terms and Conditions","item":{"@id":"https:\/\/1v1chat.site\/fr","name":"Terms and Conditions"}}]},{"@type":"WebSite","@id":"https:\/\/1v1chat.site\/#website","url":"https:\/\/1v1chat.site\/","name":"1v1Chat","description":"","publisher":{"@id":"https:\/\/1v1chat.site\/#organization"},"potentialAction":[{"@type":"SearchAction","target":{"@type":"EntryPoint","urlTemplate":"https:\/\/1v1chat.site\/?s={search_term_string}"},"query-input":{"@type":"PropertyValueSpecification","valueRequired":true,"valueName":"search_term_string"}}],"inLanguage":"fr-FR"},{"@type":"Organization","@id":"https:\/\/1v1chat.site\/#organization","name":"1v1Chat","url":"https:\/\/1v1chat.site\/","logo":{"@type":"ImageObject","inLanguage":"fr-FR","@id":"https:\/\/1v1chat.site\/#\/schema\/logo\/image\/","url":"https:\/\/1v1chat.site\/wp-content\/uploads\/2025\/08\/cropped-Logo.png","contentUrl":"https:\/\/1v1chat.site\/wp-content\/uploads\/2025\/08\/cropped-Logo.png","width":1024,"height":237,"caption":"1v1Chat"},"image":{"@id":"https:\/\/1v1chat.site\/#\/schema\/logo\/image\/"}}]}},"_links":{"self":[{"href":"https:\/\/1v1chat.site\/fr\/wp-json\/wp\/v2\/pages\/149","targetHints":{"allow":["GET"]}}],"collection":[{"href":"https:\/\/1v1chat.site\/fr\/wp-json\/wp\/v2\/pages"}],"about":[{"href":"https:\/\/1v1chat.site\/fr\/wp-json\/wp\/v2\/types\/page"}],"author":[{"embeddable":true,"href":"https:\/\/1v1chat.site\/fr\/wp-json\/wp\/v2\/users\/1"}],"replies":[{"embeddable":true,"href":"https:\/\/1v1chat.site\/fr\/wp-json\/wp\/v2\/comments?post=149"}],"version-history":[{"count":4,"href":"https:\/\/1v1chat.site\/fr\/wp-json\/wp\/v2\/pages\/149\/revisions"}],"predecessor-version":[{"id":827,"href":"https:\/\/1v1chat.site\/fr\/wp-json\/wp\/v2\/pages\/149\/revisions\/827"}],"wp:attachment":[{"href":"https:\/\/1v1chat.site\/fr\/wp-json\/wp\/v2\/media?parent=149"}],"curies":[{"name":"wp","href":"https:\/\/api.w.org\/{rel}","templated":true}]}}