{"id":141,"date":"2023-03-14T10:42:48","date_gmt":"2023-03-14T10:42:48","guid":{"rendered":"https:\/\/export.mercurytheme.com\/013\/?page_id=141"},"modified":"2025-08-15T11:00:15","modified_gmt":"2025-08-15T11:00:15","slug":"privacy-policy-2","status":"publish","type":"page","link":"https:\/\/1v1chat.site\/fr\/privacy-policy-2\/","title":{"rendered":"Politique De Confidentialit\u00e9"},"content":{"rendered":"<p>Nous nous engageons \u00e0 prot\u00e9ger la vie priv\u00e9e des utilisateurs de nos services.<\/p>\n\n\n\n<p>Cette politique s'applique lorsque nous agissons en tant que responsable du traitement des donn\u00e9es \u00e0 caract\u00e8re personnel de nos utilisateurs de services ; en d'autres termes, lorsque nous d\u00e9terminons les finalit\u00e9s et les moyens du traitement des donn\u00e9es \u00e0 caract\u00e8re personnel.<\/p>\n\n\n\n<p>En utilisant notre service, vous consentez \u00e0 la transmission de donn\u00e9es \u00e0 caract\u00e8re personnel comme sp\u00e9cifi\u00e9 dans la pr\u00e9sente politique.<\/p>\n\n\n\n<hr class=\"wp-block-separator has-alpha-channel-opacity\"\/>\n\n\n\n<h2 class=\"wp-block-heading\">Comment nous utilisons vos donn\u00e9es personnelles<\/h2>\n\n\n\n<h3 class=\"wp-block-heading\">Donn\u00e9es du profil<\/h3>\n\n\n\n<p>Nous pouvons traiter les informations figurant dans votre profil personnel sur notre service (\"donn\u00e9es de profil\"). Ces donn\u00e9es peuvent inclure votre nom, votre \u00e2ge, votre adresse \u00e9lectronique, votre photo de profil et d'autres informations que vous nous autorisez \u00e0 collecter. Pour l'authentification et la cr\u00e9ation de compte, nous pouvons utiliser des services externes tels que Google Login ou Facebook Login, demandant l'acc\u00e8s \u00e0 des donn\u00e9es sp\u00e9cifiques telles que votre nom, votre adresse \u00e9lectronique et votre photo de profil afin de simplifier l'enregistrement.<\/p>\n\n\n\n<p>Nous n'acc\u00e9dons pas \u00e0 ces plateformes et ne collectons pas d'autres donn\u00e9es personnelles que celles d\u00e9crites dans la pr\u00e9sente politique. Les donn\u00e9es de profil sont trait\u00e9es pour permettre et contr\u00f4ler votre utilisation de notre service.<\/p>\n\n\n\n<h3 class=\"wp-block-heading\">Donn\u00e9es d'utilisation<\/h3>\n\n\n\n<p>Nous pouvons traiter des donn\u00e9es relatives \u00e0 votre utilisation de notre service (\"donn\u00e9es d'utilisation\"). Les donn\u00e9es d'utilisation peuvent inclure votre adresse IP, votre localisation g\u00e9ographique (limit\u00e9e au pays et \u00e0 l'\u00c9tat), le type et la version du navigateur, le syst\u00e8me d'exploitation, la source de r\u00e9f\u00e9rence, la dur\u00e9e de la visite, les pages vues et les chemins de navigation. Ces donn\u00e9es sont collect\u00e9es via notre syst\u00e8me de suivi analytique afin d'analyser les sch\u00e9mas d'utilisation et d'am\u00e9liorer notre service.<\/p>\n\n\n\n<p>La base juridique de ce traitement est votre consentement (tel que manifest\u00e9 par votre utilisation de notre service) et nos int\u00e9r\u00eats l\u00e9gitimes \u00e0 am\u00e9liorer notre service.<\/p>\n\n\n\n<h3 class=\"wp-block-heading\">Donn\u00e9es de l'enqu\u00eate<\/h3>\n\n\n\n<p>Nous pouvons traiter les donn\u00e9es contenues dans les demandes que vous nous soumettez concernant nos services (\"donn\u00e9es de demande\"). Ces donn\u00e9es sont trait\u00e9es pour r\u00e9pondre \u00e0 vos demandes et promouvoir des offres pertinentes.<\/p>\n\n\n\n<h3 class=\"wp-block-heading\">Donn\u00e9es de communication et de correspondance<\/h3>\n\n\n\n<p>Nous pouvons traiter des informations provenant de communications envoy\u00e9es par l'interm\u00e9diaire de notre service (\"donn\u00e9es de correspondance\"). Il peut s'agir du contenu des messages, de m\u00e9tadonn\u00e9es et d'informations connexes. Les donn\u00e9es sont trait\u00e9es afin de faciliter la communication et d'assurer une bonne tenue des dossiers en vue de l'am\u00e9lioration du service.<\/p>\n\n\n\n<h3 class=\"wp-block-heading\">Donn\u00e9es de transaction<\/h3>\n\n\n\n<p>Nous pouvons traiter des donn\u00e9es relatives aux achats ou aux transactions effectu\u00e9s par l'interm\u00e9diaire de notre service (\"donn\u00e9es de transaction\"). Ces donn\u00e9es peuvent inclure vos coordonn\u00e9es, vos informations de paiement et les d\u00e9tails de la transaction. L'objectif est de fournir les services achet\u00e9s et de tenir des registres financiers appropri\u00e9s.<\/p>\n\n\n\n<h3 class=\"wp-block-heading\">Donn\u00e9es du client<\/h3>\n\n\n\n<p>Nous pouvons collecter des informations sur votre appareil, votre navigateur et votre syst\u00e8me d'exploitation (\"donn\u00e9es client\") afin d'am\u00e9liorer l'exp\u00e9rience de l'utilisateur et la gestion du service. Il s'agit de donn\u00e9es telles que le fabricant de l'appareil, la version du navigateur et l'adresse IP.<\/p>\n\n\n\n<h3 class=\"wp-block-heading\">Donn\u00e9es relatives aux messages et aux communications<\/h3>\n\n\n\n<p>Nous pouvons traiter des informations sur les messages texte ou les communications vid\u00e9o envoy\u00e9s par l'interm\u00e9diaire de notre plateforme (\"donn\u00e9es de message\" et \"donn\u00e9es de communication\"). Ces donn\u00e9es sont utilis\u00e9es pour faciliter la communication, contr\u00f4ler les performances du service et traiter les plaintes ou les comportements inappropri\u00e9s.<\/p>\n\n\n\n<h3 class=\"wp-block-heading\">Donn\u00e9es sur les interdictions et les plaintes<\/h3>\n\n\n\n<p>Nous pouvons traiter les informations relatives aux interdictions ou aux plaintes (\"donn\u00e9es d'interdiction\" et \"donn\u00e9es de plainte\") afin de faire respecter nos conditions de service. Les donn\u00e9es d'interdiction peuvent inclure des images de trames vid\u00e9o signal\u00e9es par les utilisateurs ou signal\u00e9es par notre syst\u00e8me pour comportement inappropri\u00e9.<\/p>\n\n\n\n<h3 class=\"wp-block-heading\">Donn\u00e9es du journal<\/h3>\n\n\n\n<p>Comme la plupart des plateformes, nous traitons les donn\u00e9es de connexion collect\u00e9es par votre navigateur lors de vos visites sur notre site. Ces donn\u00e9es comprennent les adresses IP, le type et la version du navigateur, les pages visit\u00e9es et le temps pass\u00e9 sur notre site. Ces donn\u00e9es n'incluent pas d'informations personnellement identifiables.<\/p>\n\n\n\n<hr class=\"wp-block-separator has-alpha-channel-opacity\"\/>\n\n\n\n<h2 class=\"wp-block-heading\">Fournir vos donn\u00e9es personnelles \u00e0 d'autres personnes<\/h2>\n\n\n\n<ul class=\"wp-block-list\">\n<li><strong>Processeurs de paiement<\/strong>: Nous pouvons partager des donn\u00e9es de transaction avec des processeurs de paiement (par exemple, PayPal, Stripe et Google Pay) pour le traitement des paiements et des litiges.<\/li>\n\n\n\n<li><strong>Services de tiers<\/strong>: Des int\u00e9grations externes, telles que Google Analytics, peuvent collecter des donn\u00e9es pour analyser le comportement des utilisateurs et am\u00e9liorer nos services. Pour plus de d\u00e9tails, consultez leurs politiques de confidentialit\u00e9 respectives.<\/li>\n<\/ul>\n\n\n\n<hr class=\"wp-block-separator has-alpha-channel-opacity\"\/>\n\n\n\n<h2 class=\"wp-block-heading\">Transferts internationaux de vos donn\u00e9es<\/h2>\n\n\n\n<p>Nos installations d'h\u00e9bergement sont situ\u00e9es aux \u00c9tats-Unis et en Europe. Les utilisateurs situ\u00e9s en dehors de ces r\u00e9gions doivent savoir que leurs donn\u00e9es peuvent \u00eatre trait\u00e9es dans des pays ayant des l\u00e9gislations diff\u00e9rentes en mati\u00e8re de protection de la vie priv\u00e9e. En utilisant nos services, vous acceptez ces transferts de donn\u00e9es.<\/p>\n\n\n\n<hr class=\"wp-block-separator has-alpha-channel-opacity\"\/>\n\n\n\n<h2 class=\"wp-block-heading\">Conservation et suppression des donn\u00e9es \u00e0 caract\u00e8re personnel<\/h2>\n\n\n\n<p>Nous ne conservons les donn\u00e9es \u00e0 caract\u00e8re personnel qu'aussi longtemps que n\u00e9cessaire aux fins sp\u00e9cifi\u00e9es dans la pr\u00e9sente politique. Par exemple :<\/p>\n\n\n\n<ul class=\"wp-block-list\">\n<li><strong>Donn\u00e9es du profil<\/strong>: Conserv\u00e9 tant que votre compte est actif.<\/li>\n\n\n\n<li><strong>Donn\u00e9es du message<\/strong>: Ne sont pas stock\u00e9s au-del\u00e0 de la transmission, sauf s'ils sont signal\u00e9s pour examen (par exemple, dans le cas d'interdictions).<\/li>\n\n\n\n<li><strong>Donn\u00e9es sur les interdictions<\/strong>: Conserv\u00e9 pour la dur\u00e9e de la p\u00e9riode d'interdiction.<\/li>\n<\/ul>\n\n\n\n<p>Vous pouvez demander la suppression de vos donn\u00e9es en nous contactant, sauf si leur conservation est requise par la loi.<\/p>\n\n\n\n<hr class=\"wp-block-separator has-alpha-channel-opacity\"\/>\n\n\n\n<h2 class=\"wp-block-heading\">Prot\u00e9ger vos donn\u00e9es personnelles<\/h2>\n\n\n\n<p>Nous mettons en \u0153uvre des mesures de s\u00e9curit\u00e9 conformes aux normes de l'industrie pour prot\u00e9ger les donn\u00e9es des utilisateurs, notamment :<\/p>\n\n\n\n<ul class=\"wp-block-list\">\n<li>Transmission s\u00e9curis\u00e9e des donn\u00e9es via SSL.<\/li>\n\n\n\n<li>Des environnements d'h\u00e9bergement s\u00e9curis\u00e9s.<\/li>\n\n\n\n<li>Restrictions d'acc\u00e8s pour le personnel autoris\u00e9 uniquement.<\/li>\n<\/ul>\n\n\n\n<p>Cependant, aucun syst\u00e8me n'est 100% s\u00e9curis\u00e9. Les utilisateurs transmettent des donn\u00e9es \u00e0 leurs propres risques. Si vous pensez que vos donn\u00e9es ont \u00e9t\u00e9 compromises, contactez-nous imm\u00e9diatement.<\/p>\n\n\n\n<hr class=\"wp-block-separator has-alpha-channel-opacity\"\/>\n\n\n\n<h2 class=\"wp-block-heading\">Cookies<\/h2>\n\n\n\n<p>Nous utilisons des cookies pour am\u00e9liorer l'exp\u00e9rience de l'utilisateur et suivre l'utilisation du site. Les cookies sont de petits fichiers stock\u00e9s sur votre appareil, utilis\u00e9s \u00e0 des fins d'authentification et d'analyse.<\/p>\n\n\n\n<p>Vous pouvez g\u00e9rer ou bloquer les cookies par le biais des param\u00e8tres de votre navigateur. Notez que la d\u00e9sactivation des cookies peut affecter la fonctionnalit\u00e9 de notre service.<\/p>\n\n\n\n<hr class=\"wp-block-separator has-alpha-channel-opacity\"\/>\n\n\n\n<h2 class=\"wp-block-heading\">Vos droits<\/h2>\n\n\n\n<p>En fonction de votre lieu de r\u00e9sidence, vous pouvez avoir les droits suivants concernant vos donn\u00e9es :<\/p>\n\n\n\n<ul class=\"wp-block-list\">\n<li>Demander l'acc\u00e8s, la correction ou la suppression de vos donn\u00e9es.<\/li>\n\n\n\n<li>S'opposer au traitement des donn\u00e9es ou le restreindre.<\/li>\n\n\n\n<li>Retirer son consentement \u00e0 tout moment.<\/li>\n<\/ul>\n\n\n\n<p>Pour exercer vos droits, veuillez nous contacter \u00e0 l'adresse suivante <a href=\"mailto:support@1v1chat.site\"><strong>support@1v1chat.site<\/strong><\/a>.<\/p>\n\n\n\n<hr class=\"wp-block-separator has-alpha-channel-opacity\"\/>\n\n\n\n<h2 class=\"wp-block-heading\">Vie priv\u00e9e des enfants<\/h2>\n\n\n\n<p>1v1Chat.site n'est pas destin\u00e9 aux personnes de moins de 18 ans. Nous ne collectons pas sciemment des donn\u00e9es concernant des enfants. Si nous apprenons que des donn\u00e9es concernant un mineur ont \u00e9t\u00e9 collect\u00e9es, nous prendrons des mesures pour les supprimer imm\u00e9diatement.<\/p>\n\n\n\n<hr class=\"wp-block-separator has-alpha-channel-opacity\"\/>\n\n\n\n<h2 class=\"wp-block-heading\">Amendements<\/h2>\n\n\n\n<p>Cette politique peut \u00eatre mise \u00e0 jour de temps \u00e0 autre. Veuillez consulter r\u00e9guli\u00e8rement cette page pour rester inform\u00e9 de la mani\u00e8re dont nous prot\u00e9geons vos donn\u00e9es.<\/p>\n\n\n\n<hr class=\"wp-block-separator has-alpha-channel-opacity\"\/>\n\n\n\n<h2 class=\"wp-block-heading\">Nous contacter<\/h2>\n\n\n\n<p>Pour toute question ou pr\u00e9occupation concernant cette politique, veuillez nous contacter \u00e0 l'adresse suivante <a href=\"mailto:support@1v1chat.site\"><strong>support@1v1chat.site<\/strong><\/a>.<\/p>\n\n\n\n<p><\/p>","protected":false},"excerpt":{"rendered":"<p>We are committed to safeguarding the privacy of our service users. This policy applies where we act as a data controller with respect to the personal data of our service users; in other words, where we determine the purposes and means of processing personal data. By using our service, you consent to the transmission of [&hellip;]<\/p>","protected":false},"author":1,"featured_media":0,"parent":0,"menu_order":0,"comment_status":"closed","ping_status":"closed","template":"","meta":{"_acf_changed":false,"footnotes":""},"class_list":["post-141","page","type-page","status-publish","hentry"],"acf":[],"yoast_head":"<!-- This site is optimized with the Yoast SEO plugin v26.7 - https:\/\/yoast.com\/wordpress\/plugins\/seo\/ -->\n<title>Privacy Policy - 1v1Chat<\/title>\n<meta name=\"robots\" content=\"index, follow, max-snippet:-1, max-image-preview:large, max-video-preview:-1\" \/>\n<link rel=\"canonical\" href=\"https:\/\/1v1chat.site\/fr\/privacy-policy-2\/\" \/>\n<meta property=\"og:locale\" content=\"fr_FR\" \/>\n<meta property=\"og:type\" content=\"article\" \/>\n<meta property=\"og:title\" content=\"Privacy Policy - 1v1Chat\" \/>\n<meta property=\"og:description\" content=\"We are committed to safeguarding the privacy of our service users. This policy applies where we act as a data controller with respect to the personal data of our service users; in other words, where we determine the purposes and means of processing personal data. By using our service, you consent to the transmission of [&hellip;]\" \/>\n<meta property=\"og:url\" content=\"https:\/\/1v1chat.site\/fr\/privacy-policy-2\/\" \/>\n<meta property=\"og:site_name\" content=\"1v1Chat\" \/>\n<meta property=\"article:modified_time\" content=\"2025-08-15T11:00:15+00:00\" \/>\n<meta name=\"twitter:card\" content=\"summary_large_image\" \/>\n<meta name=\"twitter:label1\" content=\"Dur\u00e9e de lecture estim\u00e9e\" \/>\n\t<meta name=\"twitter:data1\" content=\"5 minutes\" \/>\n<script type=\"application\/ld+json\" class=\"yoast-schema-graph\">{\"@context\":\"https:\/\/schema.org\",\"@graph\":[{\"@type\":\"WebPage\",\"@id\":\"https:\/\/1v1chat.site\/privacy-policy-2\/\",\"url\":\"https:\/\/1v1chat.site\/privacy-policy-2\/\",\"name\":\"Privacy Policy - 1v1Chat\",\"isPartOf\":{\"@id\":\"https:\/\/1v1chat.site\/#website\"},\"datePublished\":\"2023-03-14T10:42:48+00:00\",\"dateModified\":\"2025-08-15T11:00:15+00:00\",\"breadcrumb\":{\"@id\":\"https:\/\/1v1chat.site\/privacy-policy-2\/#breadcrumb\"},\"inLanguage\":\"fr-FR\",\"potentialAction\":[{\"@type\":\"ReadAction\",\"target\":[\"https:\/\/1v1chat.site\/privacy-policy-2\/\"]}]},{\"@type\":\"BreadcrumbList\",\"@id\":\"https:\/\/1v1chat.site\/privacy-policy-2\/#breadcrumb\",\"itemListElement\":[{\"@type\":\"ListItem\",\"position\":1,\"name\":\"Home\",\"item\":\"https:\/\/1v1chat.site\/\"},{\"@type\":\"ListItem\",\"position\":2,\"name\":\"Privacy Policy\",\"item\":{\"@id\":\"https:\/\/1v1chat.site\/fr\",\"name\":\"Privacy Policy\"}}]},{\"@type\":\"WebSite\",\"@id\":\"https:\/\/1v1chat.site\/#website\",\"url\":\"https:\/\/1v1chat.site\/\",\"name\":\"1v1Chat\",\"description\":\"\",\"publisher\":{\"@id\":\"https:\/\/1v1chat.site\/#organization\"},\"potentialAction\":[{\"@type\":\"SearchAction\",\"target\":{\"@type\":\"EntryPoint\",\"urlTemplate\":\"https:\/\/1v1chat.site\/?s={search_term_string}\"},\"query-input\":{\"@type\":\"PropertyValueSpecification\",\"valueRequired\":true,\"valueName\":\"search_term_string\"}}],\"inLanguage\":\"fr-FR\"},{\"@type\":\"Organization\",\"@id\":\"https:\/\/1v1chat.site\/#organization\",\"name\":\"1v1Chat\",\"url\":\"https:\/\/1v1chat.site\/\",\"logo\":{\"@type\":\"ImageObject\",\"inLanguage\":\"fr-FR\",\"@id\":\"https:\/\/1v1chat.site\/#\/schema\/logo\/image\/\",\"url\":\"https:\/\/1v1chat.site\/wp-content\/uploads\/2025\/08\/cropped-Logo.png\",\"contentUrl\":\"https:\/\/1v1chat.site\/wp-content\/uploads\/2025\/08\/cropped-Logo.png\",\"width\":1024,\"height\":237,\"caption\":\"1v1Chat\"},\"image\":{\"@id\":\"https:\/\/1v1chat.site\/#\/schema\/logo\/image\/\"}}]}<\/script>\n<!-- \/ Yoast SEO plugin. -->","yoast_head_json":{"title":"Politique de confidentialit\u00e9 - 1v1Chat","robots":{"index":"index","follow":"follow","max-snippet":"max-snippet:-1","max-image-preview":"max-image-preview:large","max-video-preview":"max-video-preview:-1"},"canonical":"https:\/\/1v1chat.site\/fr\/privacy-policy-2\/","og_locale":"fr_FR","og_type":"article","og_title":"Privacy Policy - 1v1Chat","og_description":"We are committed to safeguarding the privacy of our service users. This policy applies where we act as a data controller with respect to the personal data of our service users; in other words, where we determine the purposes and means of processing personal data. By using our service, you consent to the transmission of [&hellip;]","og_url":"https:\/\/1v1chat.site\/fr\/privacy-policy-2\/","og_site_name":"1v1Chat","article_modified_time":"2025-08-15T11:00:15+00:00","twitter_card":"summary_large_image","twitter_misc":{"Dur\u00e9e de lecture estim\u00e9e":"5 minutes"},"schema":{"@context":"https:\/\/schema.org","@graph":[{"@type":"WebPage","@id":"https:\/\/1v1chat.site\/privacy-policy-2\/","url":"https:\/\/1v1chat.site\/privacy-policy-2\/","name":"Politique de confidentialit\u00e9 - 1v1Chat","isPartOf":{"@id":"https:\/\/1v1chat.site\/#website"},"datePublished":"2023-03-14T10:42:48+00:00","dateModified":"2025-08-15T11:00:15+00:00","breadcrumb":{"@id":"https:\/\/1v1chat.site\/privacy-policy-2\/#breadcrumb"},"inLanguage":"fr-FR","potentialAction":[{"@type":"ReadAction","target":["https:\/\/1v1chat.site\/privacy-policy-2\/"]}]},{"@type":"BreadcrumbList","@id":"https:\/\/1v1chat.site\/privacy-policy-2\/#breadcrumb","itemListElement":[{"@type":"ListItem","position":1,"name":"Home","item":"https:\/\/1v1chat.site\/"},{"@type":"ListItem","position":2,"name":"Privacy Policy","item":{"@id":"https:\/\/1v1chat.site\/fr","name":"Privacy Policy"}}]},{"@type":"WebSite","@id":"https:\/\/1v1chat.site\/#website","url":"https:\/\/1v1chat.site\/","name":"1v1Chat","description":"","publisher":{"@id":"https:\/\/1v1chat.site\/#organization"},"potentialAction":[{"@type":"SearchAction","target":{"@type":"EntryPoint","urlTemplate":"https:\/\/1v1chat.site\/?s={search_term_string}"},"query-input":{"@type":"PropertyValueSpecification","valueRequired":true,"valueName":"search_term_string"}}],"inLanguage":"fr-FR"},{"@type":"Organization","@id":"https:\/\/1v1chat.site\/#organization","name":"1v1Chat","url":"https:\/\/1v1chat.site\/","logo":{"@type":"ImageObject","inLanguage":"fr-FR","@id":"https:\/\/1v1chat.site\/#\/schema\/logo\/image\/","url":"https:\/\/1v1chat.site\/wp-content\/uploads\/2025\/08\/cropped-Logo.png","contentUrl":"https:\/\/1v1chat.site\/wp-content\/uploads\/2025\/08\/cropped-Logo.png","width":1024,"height":237,"caption":"1v1Chat"},"image":{"@id":"https:\/\/1v1chat.site\/#\/schema\/logo\/image\/"}}]}},"_links":{"self":[{"href":"https:\/\/1v1chat.site\/fr\/wp-json\/wp\/v2\/pages\/141","targetHints":{"allow":["GET"]}}],"collection":[{"href":"https:\/\/1v1chat.site\/fr\/wp-json\/wp\/v2\/pages"}],"about":[{"href":"https:\/\/1v1chat.site\/fr\/wp-json\/wp\/v2\/types\/page"}],"author":[{"embeddable":true,"href":"https:\/\/1v1chat.site\/fr\/wp-json\/wp\/v2\/users\/1"}],"replies":[{"embeddable":true,"href":"https:\/\/1v1chat.site\/fr\/wp-json\/wp\/v2\/comments?post=141"}],"version-history":[{"count":4,"href":"https:\/\/1v1chat.site\/fr\/wp-json\/wp\/v2\/pages\/141\/revisions"}],"predecessor-version":[{"id":825,"href":"https:\/\/1v1chat.site\/fr\/wp-json\/wp\/v2\/pages\/141\/revisions\/825"}],"wp:attachment":[{"href":"https:\/\/1v1chat.site\/fr\/wp-json\/wp\/v2\/media?parent=141"}],"curies":[{"name":"wp","href":"https:\/\/api.w.org\/{rel}","templated":true}]}}