{"id":134,"date":"2023-03-14T10:40:01","date_gmt":"2023-03-14T10:40:01","guid":{"rendered":"https:\/\/export.mercurytheme.com\/013\/?page_id=134"},"modified":"2025-11-20T18:29:24","modified_gmt":"2025-11-20T18:29:24","slug":"home","status":"publish","type":"page","link":"https:\/\/1v1chat.site\/fr\/","title":{"rendered":"La maison"},"content":{"rendered":"<header class=\"wp-block-cover is-light\"><img loading=\"lazy\" decoding=\"async\" width=\"2560\" height=\"1707\" class=\"wp-block-cover__image-background wp-image-24 size-full\" alt=\"Groupe de personnes s&#039;amusant ensemble en utilisant le chat vid\u00e9o Vidizzy. \" src=\"https:\/\/1v1chat.site\/wp-content\/uploads\/2023\/03\/AdobeStock_484873483.webp\" style=\"object-position:50% 65%\" data-object-fit=\"cover\" data-object-position=\"50% 65%\" srcset=\"https:\/\/1v1chat.site\/wp-content\/uploads\/2023\/03\/AdobeStock_484873483.webp 2560w, https:\/\/1v1chat.site\/wp-content\/uploads\/2023\/03\/AdobeStock_484873483-300x200.webp 300w, https:\/\/1v1chat.site\/wp-content\/uploads\/2023\/03\/AdobeStock_484873483-1024x683.webp 1024w, https:\/\/1v1chat.site\/wp-content\/uploads\/2023\/03\/AdobeStock_484873483-768x512.webp 768w, https:\/\/1v1chat.site\/wp-content\/uploads\/2023\/03\/AdobeStock_484873483-1536x1024.webp 1536w, https:\/\/1v1chat.site\/wp-content\/uploads\/2023\/03\/AdobeStock_484873483-2048x1366.webp 2048w, https:\/\/1v1chat.site\/wp-content\/uploads\/2023\/03\/AdobeStock_484873483-60x40.webp 60w, https:\/\/1v1chat.site\/wp-content\/uploads\/2023\/03\/AdobeStock_484873483-48x32.webp 48w, https:\/\/1v1chat.site\/wp-content\/uploads\/2023\/03\/AdobeStock_484873483-105x70.webp 105w, https:\/\/1v1chat.site\/wp-content\/uploads\/2023\/03\/AdobeStock_484873483-120x80.webp 120w, https:\/\/1v1chat.site\/wp-content\/uploads\/2023\/03\/AdobeStock_484873483-202x135.webp 202w\" sizes=\"auto, (max-width: 2560px) 100vw, 2560px\" \/><span aria-hidden=\"true\" class=\"wp-block-cover__background has-background-dim\" style=\"background-color:#b2a3a1\"><\/span><div class=\"wp-block-cover__inner-container is-layout-constrained wp-block-cover-is-layout-constrained\">\n<h2 class=\"wp-block-heading has-text-align-center has-mercury-peter-river-color has-text-color has-link-color wp-elements-0057490c8d62941ab8091d63f8a669db\" style=\"font-size:44px;font-style:italic;font-weight:600\"><strong>LE MEILLEUR SITE DE CHAT ADULTE AL\u00c9ATOIRE<\/strong><\/h2>\n\n\n\n<p class=\"has-text-align-center has-mercury-white-color has-text-color has-link-color has-medium-font-size wp-elements-70b752418f9db822a8e5930dd2e1a1c3\">Discutez avec des inconnus en ligne sur 1v1Chat - en toute s\u00e9curit\u00e9, instantan\u00e9ment et sans inscription.<\/p>\n\n\n\n<div class=\"wp-block-buttons is-content-justification-center is-layout-flex wp-container-core-buttons-is-layout-16018d1d wp-block-buttons-is-layout-flex\">\n<div class=\"wp-block-button is-style-fill\"><a class=\"wp-block-button__link has-mercury-white-color has-vivid-cyan-blue-to-vivid-purple-gradient-background has-text-color has-background has-link-color has-text-align-center wp-element-button\" href=\"#\">Commencez ici<\/a><\/div>\n<\/div>\n<\/div><\/header>\n\n\n\n<div class=\"wp-block-group is-vertical is-content-justification-center is-layout-flex wp-container-core-group-is-layout-4b2eccd6 wp-block-group-is-layout-flex\">\n<h1 class=\"wp-block-heading has-text-align-center has-mercury-gray-color has-text-color has-link-color wp-elements-29be37a1d7bdefb54c71af89a1404909\" style=\"font-size:32px\">Bienvenue \u00e0 1v1Chat : L'avenir du chat vid\u00e9o en ligne<\/h1>\n<\/div>\n\n\n\n<div class=\"wp-block-group is-layout-grid wp-container-core-group-is-layout-8d2db683 wp-block-group-is-layout-grid\">\n<p class=\"has-text-align-center has-mercury-gray-color has-text-color has-link-color wp-elements-8c67e267dcd0368fe68cc8ac8e2d6108\">Vous cherchez un moyen amusant, s\u00fbr et excitant de vous connecter avec des personnes du monde entier ? Avec nous, vous pouvez profiter de conversations spontan\u00e9es de cam\u00e9ra \u00e0 cam\u00e9ra par le biais d'un chat vid\u00e9o rapide, s\u00e9curis\u00e9 et priv\u00e9, directement \u00e0 partir de votre navigateur. Il vous suffit de cliquer et de commencer \u00e0 chatter !<br><\/p>\n<\/div>\n\n\n\n<div style=\"height:30px\" aria-hidden=\"true\" class=\"wp-block-spacer\"><\/div>\n\n\n<div class=\"wp-block-image is-style-default\">\n<figure class=\"aligncenter size-medium is-resized\"><img loading=\"lazy\" decoding=\"async\" width=\"300\" height=\"263\" src=\"https:\/\/1v1chat.site\/wp-content\/uploads\/2023\/03\/home-icon-2-300x263.png\" alt=\"\" class=\"wp-image-27\" style=\"object-fit:cover;width:229px;height:200px\" srcset=\"https:\/\/1v1chat.site\/wp-content\/uploads\/2023\/03\/home-icon-2-300x263.png 300w, https:\/\/1v1chat.site\/wp-content\/uploads\/2023\/03\/home-icon-2-46x40.png 46w, https:\/\/1v1chat.site\/wp-content\/uploads\/2023\/03\/home-icon-2-36x32.png 36w, https:\/\/1v1chat.site\/wp-content\/uploads\/2023\/03\/home-icon-2-80x70.png 80w, https:\/\/1v1chat.site\/wp-content\/uploads\/2023\/03\/home-icon-2-91x80.png 91w, https:\/\/1v1chat.site\/wp-content\/uploads\/2023\/03\/home-icon-2-154x135.png 154w, https:\/\/1v1chat.site\/wp-content\/uploads\/2023\/03\/home-icon-2.png 342w\" sizes=\"auto, (max-width: 300px) 100vw, 300px\" \/><\/figure>\n<\/div>\n\n\n<h2 class=\"wp-block-heading\" id=\"block-bd0dda2e-054a-4aac-9f58-92e939b9e796\">Pourquoi choisir 1v1Chat ?<\/h2>\n\n\n\n<p id=\"block-5ba9968b-14e9-4102-89c6-ed3a6469a9a8\">Il se distingue par sa combinaison unique de fonctionnalit\u00e9s qui am\u00e9liorent vos interactions virtuelles. Il simplifie la communication mondiale tout en garantissant une exp\u00e9rience s\u00e9curis\u00e9e, transparente et personnalis\u00e9e.<\/p>\n\n\n\n<p id=\"block-f4fb2130-263c-4bd9-98bf-6c5609b05a26\">\ud83c\udf0d<strong>Accessibilit\u00e9 globale<\/strong>: Connectez-vous avec des utilisateurs du monde entier sans restrictions inutiles. Gr\u00e2ce aux filtres de localisation et de langue, il vous permet de d\u00e9couvrir des conversations qui correspondent \u00e0 vos pr\u00e9f\u00e9rences.<\/p>\n\n\n\n<p id=\"block-65dbed96-ef21-4b23-9514-98e1fc31d725\">\ud83c\udfa8<strong>Options personnalisables<\/strong>: Entrez en contact avec des personnes qui partagent vos go\u00fbts gr\u00e2ce \u00e0 des options de correspondance intelligentes.<\/p>\n\n\n\n<p id=\"block-999d6560-1cf0-45ab-97f7-d28209e1bb52\">\u270d\ufe0f <strong>Pas d'inscription n\u00e9cessaire<\/strong>: Chat gratuit avec cam, instantan\u00e9ment. Pas besoin d'utiliser votre email, sauf si vous le souhaitez.<\/p>\n\n\n\n<h2 class=\"wp-block-heading\" id=\"block-a53b1646-35a7-4b60-be0d-07abbe69400a\">1v1Chat Caract\u00e9ristiques<\/h2>\n\n\n\n<p id=\"block-8177ec40-be07-48ee-a244-95b0a1cbae1d\">Profitez d'une exp\u00e9rience de chat vid\u00e9o pour adultes transparente et personnalisable :<\/p>\n\n\n\n<p id=\"block-749d7177-6137-42d8-9299-e47efbe68132\">\ud83d\udd12 <strong>Priv\u00e9 et s\u00e9curis\u00e9<\/strong> - Cryptage de bout en bout et chat anonyme<\/p>\n\n\n\n<p id=\"block-15c24d00-d49a-4e61-a98a-f2f9d1d15866\">\ud83c\udfa5 <strong>Vid\u00e9o HD et son clair<\/strong> - Communication fluide m\u00eame avec une faible largeur de bande<\/p>\n\n\n\n<p id=\"block-47619d97-b2f7-402f-937f-abb70ff46757\">\u2699\ufe0f <strong>Glisser et faire correspondre<\/strong> - Vous n'aimez pas votre interlocuteur ? Passez au suivant<\/p>\n\n\n\n<p id=\"block-f10f8c47-a804-41e0-b1de-0440e614b083\">\ud83d\udeab <strong>Outils de mod\u00e9ration<\/strong> - Bloquer ou signaler des utilisateurs instantan\u00e9ment<\/p>\n\n\n\n<p id=\"block-dfd295d0-d401-41ad-a788-1436f56fb33b\">\ud83d\udcf1 <strong>Bas\u00e9 sur le navigateur<\/strong> - Pas de t\u00e9l\u00e9chargement. Fonctionne sur ordinateur, tablette et mobile<\/p>\n\n\n\n<h2 class=\"wp-block-heading\" id=\"block-90f15d38-cf07-4a76-8301-f33795f8ef77\">Comment utiliser 1v1Chat<\/h2>\n\n\n\n<p id=\"block-ff021aac-c9c8-41c1-8c63-7dda9c109901\">Il ne faut que quelques secondes pour commencer \u00e0 chatter gratuitement avec une cam\u00e9ra :<\/p>\n\n\n\n<ol id=\"block-98888ee2-9833-42d4-87e7-5e5fe14ed838\" class=\"wp-block-list\">\n<li><strong>Autoriser l'appareil photo et le microphone<\/strong> - Assurer la qualit\u00e9 de la vid\u00e9o et de l'audio<\/li>\n\n\n\n<li><strong>D\u00e9finissez vos pr\u00e9f\u00e9rences<\/strong> - Personnaliser les filtres pour de meilleures connexions<\/li>\n\n\n\n<li><strong>Commencez \u00e0 chatter !<\/strong> - Rencontrer quelqu'un de nouveau instantan\u00e9ment<\/li>\n<\/ol>\n\n\n\n<p id=\"block-feb724a1-ca7e-47dc-abbc-352d203cd152\"><strong>Pr\u00eat \u00e0 d\u00e9marrer un chat vid\u00e9o gratuit ?<\/strong><\/p>\n\n\n\n<p id=\"block-cacd3790-fefc-4845-89b9-3f80ca270404\">Rejoignez des milliers de personnes et connectez-vous - chat gratuit sur cam, pas d'inscription, pas de stress. Juste de vraies conversations, \u00e0 votre fa\u00e7on.<\/p>\n\n\n\n<div style=\"height:17px\" aria-hidden=\"true\" class=\"wp-block-spacer\"><\/div>\n\n\n\n<div class=\"wp-block-buttons is-content-justification-center is-layout-flex wp-container-core-buttons-is-layout-16018d1d wp-block-buttons-is-layout-flex\">\n<div class=\"wp-block-button is-style-fill\"><a class=\"wp-block-button__link has-mercury-white-color has-vivid-cyan-blue-to-vivid-purple-gradient-background has-text-color has-background has-link-color has-text-align-left wp-element-button\" href=\"#\">Commencer \u00e0 chatter instantan\u00e9ment<\/a><\/div>\n<\/div>\n\n\n\n<div style=\"height:30px\" aria-hidden=\"true\" class=\"wp-block-spacer\"><\/div>\n\n\n\n<h2 class=\"wp-block-heading has-text-align-left\">Foire aux questions<\/h2>\n\n\n\n<style>\n  .faq-section {\n    max-width: 800px;\n    margin: 0;\n    padding: 10px 20px 40px;\n    font-family: Arial, sans-serif;\n  }\n\n  .faq-item {\n    background-color: #2ac2e0;\n    color: white;\n    margin-bottom: 10px;\n    border-radius: 5px;\n    overflow: hidden;\n  }\n\n  .faq-question {\n    padding: 15px 20px;\n    cursor: pointer;\n    position: relative;\n    font-weight: bold;\n    text-align: left;\n    font-size: 1rem;\n  }\n\n  .faq-question::after {\n    content: '+';\n    font-size: 1.5rem;\n    position: absolute;\n    right: 20px;\n    top: 12px;\n    transition: transform 0.3s ease;\n  }\n\n  .faq-item.active .faq-question::after {\n    transform: rotate(45deg);\n  }\n\n  .faq-answer {\n    max-height: 0;\n    overflow: hidden;\n    background-color: #f2f2f2;\n    color: #333;\n    padding: 0 20px;\n    transition: max-height 0.3s ease, padding 0.3s ease;\n    font-size: 0.95rem;\n  }\n\n  .faq-item.active .faq-answer {\n    max-height: 500px;\n    padding: 15px 20px;\n  }\n\n  @media (max-width: 600px) {\n    .faq-section {\n      padding: 10px 15px 30px;\n    }\n\n    .faq-question {\n      font-size: 1rem;\n      padding: 12px 16px;\n    }\n\n    .faq-answer {\n      font-size: 0.95rem;\n      padding: 0 16px;\n    }\n\n    .faq-item.active .faq-answer {\n      padding: 12px 16px;\n    }\n\n    .faq-question::after {\n      right: 16px;\n      top: 10px;\n    }\n  }\n<\/style>\n\n<section class=\"faq-section\">\n  <div class=\"faq-item\">\n    <div class=\"faq-question\">Qu'est-ce que le chat vid\u00e9o 1v1Chat ?<\/div>\n    <div class=\"faq-answer\">1v1Chat est une plateforme bas\u00e9e sur un navigateur qui offre une cam\u00e9ra gratuite pour discuter avec des inconnus dans le monde entier. Elle est con\u00e7ue pour des conversations vid\u00e9o en ligne spontan\u00e9es, s\u00e9curis\u00e9es et amusantes - aucune inscription n'est n\u00e9cessaire.<\/div>\n  <\/div>\n\n  <div class=\"faq-item\">\n    <div class=\"faq-question\">L'utilisation de 1v1Chat est-elle vraiment gratuite ?<\/div>\n    <div class=\"faq-answer\">Oui, vous pouvez profiter d'un tchat illimit\u00e9 sans t\u00e9l\u00e9chargement. Pour plus de fonctionnalit\u00e9s, passez \u00e0 un plan premium \u00e0 tout moment.<\/div>\n  <\/div>\n\n  <div class=\"faq-item\">\n    <div class=\"faq-question\">Comment prot\u00e9ger ma vie priv\u00e9e lorsque je discute ?<\/div>\n    <div class=\"faq-answer\">1v1Chat utilise un cryptage de bout en bout, des options de chat anonyme et des outils de mod\u00e9ration pour assurer la s\u00e9curit\u00e9 et la confidentialit\u00e9 de vos chats. Aucune information personnelle n'est requise.<\/div>\n  <\/div>\n\n  <div class=\"faq-item\">\n    <div class=\"faq-question\">Puis-je choisir les personnes avec lesquelles je me connecte ?<\/div>\n    <div class=\"faq-answer\">Absolument. Gr\u00e2ce \u00e0 des filtres intelligents, vous pouvez chatter en fonction de la langue, de la r\u00e9gion ou des centres d'int\u00e9r\u00eat. <strong>tchat gratuit avec cam\u00e9ra<\/strong> plus pertinente et plus amusante.<\/div>\n  <\/div>\n\n  <div class=\"faq-item\">\n    <div class=\"faq-question\">Qu'est-ce qui diff\u00e9rencie 1v1Chat des autres sites de chat al\u00e9atoire ?<\/div>\n    <div class=\"faq-answer\">Contrairement \u00e0 de nombreux autres sites, 1v1Chat offre un streaming fluide, <strong>chat gratuit sur cam<\/strong>et une conception respectueuse de la vie priv\u00e9e qui fonctionne m\u00eame avec des connexions lentes.<\/div>\n  <\/div>\n\n  <div class=\"faq-item\">\n    <div class=\"faq-question\">Dois-je t\u00e9l\u00e9charger quelque chose ?<\/div>\n    <div class=\"faq-answer\">Non ! 1v1Chat est enti\u00e8rement bas\u00e9 sur un navigateur - aucune installation n'est n\u00e9cessaire. Il fonctionne sur les ordinateurs de bureau, les tablettes et les appareils mobiles.<\/div>\n  <\/div>\n<\/section>\n\n<script>\n  document.querySelectorAll('.faq-question').forEach(item => {\n    item.addEventListener('click', () => {\n      const parent = item.parentElement;\n      parent.classList.toggle('active');\n    });\n  });\n<\/script>\n\n\n\n<p><\/p>","protected":false},"excerpt":{"rendered":"<p>Welcome to 1v1Chat: The Future of Online Video Chat Looking for a fun, safe, and exciting way to connect with people worldwide?&nbsp;With us, you can enjoy spontaneous cam-to-cam conversations through fast, secure, and private video chat directly from your browser. Just click and start chatting! Why Choose 1v1Chat? It stands out for its unique combination [&hellip;]<\/p>","protected":false},"author":1,"featured_media":0,"parent":0,"menu_order":0,"comment_status":"closed","ping_status":"closed","template":"flirtbees-style-template.php","meta":{"_acf_changed":false,"footnotes":""},"class_list":["post-134","page","type-page","status-publish","hentry"],"acf":[],"yoast_head":"<!-- This site is optimized with the Yoast SEO plugin v26.7 - https:\/\/yoast.com\/wordpress\/plugins\/seo\/ -->\n<title>Random video chat One on One - 1v1Chat<\/title>\n<meta name=\"description\" content=\"Connect on 1v1chat.site - the private Omegle alternative for random 1-on-1 video chat. No sign-up, gender filters, safe moderation.\" \/>\n<meta name=\"robots\" content=\"index, follow, max-snippet:-1, max-image-preview:large, max-video-preview:-1\" \/>\n<link rel=\"canonical\" href=\"https:\/\/1v1chat.site\/fr\/\" \/>\n<meta property=\"og:locale\" content=\"fr_FR\" \/>\n<meta property=\"og:type\" content=\"article\" \/>\n<meta property=\"og:title\" content=\"Random video chat One on One - 1v1Chat\" \/>\n<meta property=\"og:description\" content=\"Connect on 1v1chat.site - the private Omegle alternative for random 1-on-1 video chat. No sign-up, gender filters, safe moderation.\" \/>\n<meta property=\"og:url\" content=\"https:\/\/1v1chat.site\/fr\/\" \/>\n<meta property=\"og:site_name\" content=\"1v1Chat\" \/>\n<meta property=\"article:modified_time\" content=\"2025-11-20T18:29:24+00:00\" \/>\n<meta property=\"og:image\" content=\"https:\/\/1v1chat.site\/wp-content\/uploads\/2023\/03\/AdobeStock_484873483.webp\" \/>\n\t<meta property=\"og:image:width\" content=\"2560\" \/>\n\t<meta property=\"og:image:height\" content=\"1707\" \/>\n\t<meta property=\"og:image:type\" content=\"image\/webp\" \/>\n<meta name=\"twitter:card\" content=\"summary_large_image\" \/>\n<meta name=\"twitter:label1\" content=\"Dur\u00e9e de lecture estim\u00e9e\" \/>\n\t<meta name=\"twitter:data1\" content=\"3 minutes\" \/>\n<script type=\"application\/ld+json\" class=\"yoast-schema-graph\">{\"@context\":\"https:\/\/schema.org\",\"@graph\":[{\"@type\":\"WebPage\",\"@id\":\"https:\/\/1v1chat.site\/\",\"url\":\"https:\/\/1v1chat.site\/\",\"name\":\"Random video chat One on One - 1v1Chat\",\"isPartOf\":{\"@id\":\"https:\/\/1v1chat.site\/#website\"},\"primaryImageOfPage\":{\"@id\":\"https:\/\/1v1chat.site\/#primaryimage\"},\"image\":{\"@id\":\"https:\/\/1v1chat.site\/#primaryimage\"},\"thumbnailUrl\":\"https:\/\/1v1chat.site\/wp-content\/uploads\/2023\/03\/AdobeStock_484873483.webp\",\"datePublished\":\"2023-03-14T10:40:01+00:00\",\"dateModified\":\"2025-11-20T18:29:24+00:00\",\"description\":\"Connect on 1v1chat.site - the private Omegle alternative for random 1-on-1 video chat. No sign-up, gender filters, safe moderation.\",\"breadcrumb\":{\"@id\":\"https:\/\/1v1chat.site\/#breadcrumb\"},\"inLanguage\":\"fr-FR\",\"potentialAction\":[{\"@type\":\"ReadAction\",\"target\":[\"https:\/\/1v1chat.site\/\"]}]},{\"@type\":\"ImageObject\",\"inLanguage\":\"fr-FR\",\"@id\":\"https:\/\/1v1chat.site\/#primaryimage\",\"url\":\"https:\/\/1v1chat.site\/wp-content\/uploads\/2023\/03\/AdobeStock_484873483.webp\",\"contentUrl\":\"https:\/\/1v1chat.site\/wp-content\/uploads\/2023\/03\/AdobeStock_484873483.webp\"},{\"@type\":\"BreadcrumbList\",\"@id\":\"https:\/\/1v1chat.site\/#breadcrumb\",\"itemListElement\":[{\"@type\":\"ListItem\",\"position\":1,\"name\":\"Home\",\"item\":\"https:\/\/1v1chat.site\/\"},{\"@type\":\"ListItem\",\"position\":2,\"name\":\"Home\",\"item\":{\"@id\":\"https:\/\/1v1chat.site\/fr\",\"name\":\"Home\"}}]},{\"@type\":\"WebSite\",\"@id\":\"https:\/\/1v1chat.site\/#website\",\"url\":\"https:\/\/1v1chat.site\/\",\"name\":\"1v1Chat\",\"description\":\"\",\"publisher\":{\"@id\":\"https:\/\/1v1chat.site\/#organization\"},\"potentialAction\":[{\"@type\":\"SearchAction\",\"target\":{\"@type\":\"EntryPoint\",\"urlTemplate\":\"https:\/\/1v1chat.site\/?s={search_term_string}\"},\"query-input\":{\"@type\":\"PropertyValueSpecification\",\"valueRequired\":true,\"valueName\":\"search_term_string\"}}],\"inLanguage\":\"fr-FR\"},{\"@type\":\"Organization\",\"@id\":\"https:\/\/1v1chat.site\/#organization\",\"name\":\"1v1Chat\",\"url\":\"https:\/\/1v1chat.site\/\",\"logo\":{\"@type\":\"ImageObject\",\"inLanguage\":\"fr-FR\",\"@id\":\"https:\/\/1v1chat.site\/#\/schema\/logo\/image\/\",\"url\":\"https:\/\/1v1chat.site\/wp-content\/uploads\/2025\/08\/cropped-Logo.png\",\"contentUrl\":\"https:\/\/1v1chat.site\/wp-content\/uploads\/2025\/08\/cropped-Logo.png\",\"width\":1024,\"height\":237,\"caption\":\"1v1Chat\"},\"image\":{\"@id\":\"https:\/\/1v1chat.site\/#\/schema\/logo\/image\/\"}}]}<\/script>\n<!-- \/ Yoast SEO plugin. -->","yoast_head_json":{"title":"Chat vid\u00e9o al\u00e9atoire One on One - 1v1Chat","description":"Connectez-vous sur 1v1chat.site - l'alternative priv\u00e9e \u00e0 Omegle pour un chat vid\u00e9o al\u00e9atoire 1 contre 1. Pas d'inscription, filtres de genre, mod\u00e9ration s\u00fbre.","robots":{"index":"index","follow":"follow","max-snippet":"max-snippet:-1","max-image-preview":"max-image-preview:large","max-video-preview":"max-video-preview:-1"},"canonical":"https:\/\/1v1chat.site\/fr\/","og_locale":"fr_FR","og_type":"article","og_title":"Random video chat One on One - 1v1Chat","og_description":"Connect on 1v1chat.site - the private Omegle alternative for random 1-on-1 video chat. No sign-up, gender filters, safe moderation.","og_url":"https:\/\/1v1chat.site\/fr\/","og_site_name":"1v1Chat","article_modified_time":"2025-11-20T18:29:24+00:00","og_image":[{"width":2560,"height":1707,"url":"https:\/\/1v1chat.site\/wp-content\/uploads\/2023\/03\/AdobeStock_484873483.webp","type":"image\/webp"}],"twitter_card":"summary_large_image","twitter_misc":{"Dur\u00e9e de lecture estim\u00e9e":"3 minutes"},"schema":{"@context":"https:\/\/schema.org","@graph":[{"@type":"WebPage","@id":"https:\/\/1v1chat.site\/","url":"https:\/\/1v1chat.site\/","name":"Chat vid\u00e9o al\u00e9atoire One on One - 1v1Chat","isPartOf":{"@id":"https:\/\/1v1chat.site\/#website"},"primaryImageOfPage":{"@id":"https:\/\/1v1chat.site\/#primaryimage"},"image":{"@id":"https:\/\/1v1chat.site\/#primaryimage"},"thumbnailUrl":"https:\/\/1v1chat.site\/wp-content\/uploads\/2023\/03\/AdobeStock_484873483.webp","datePublished":"2023-03-14T10:40:01+00:00","dateModified":"2025-11-20T18:29:24+00:00","description":"Connectez-vous sur 1v1chat.site - l'alternative priv\u00e9e \u00e0 Omegle pour un chat vid\u00e9o al\u00e9atoire 1 contre 1. Pas d'inscription, filtres de genre, mod\u00e9ration s\u00fbre.","breadcrumb":{"@id":"https:\/\/1v1chat.site\/#breadcrumb"},"inLanguage":"fr-FR","potentialAction":[{"@type":"ReadAction","target":["https:\/\/1v1chat.site\/"]}]},{"@type":"ImageObject","inLanguage":"fr-FR","@id":"https:\/\/1v1chat.site\/#primaryimage","url":"https:\/\/1v1chat.site\/wp-content\/uploads\/2023\/03\/AdobeStock_484873483.webp","contentUrl":"https:\/\/1v1chat.site\/wp-content\/uploads\/2023\/03\/AdobeStock_484873483.webp"},{"@type":"BreadcrumbList","@id":"https:\/\/1v1chat.site\/#breadcrumb","itemListElement":[{"@type":"ListItem","position":1,"name":"Home","item":"https:\/\/1v1chat.site\/"},{"@type":"ListItem","position":2,"name":"Home","item":{"@id":"https:\/\/1v1chat.site\/fr","name":"Home"}}]},{"@type":"WebSite","@id":"https:\/\/1v1chat.site\/#website","url":"https:\/\/1v1chat.site\/","name":"1v1Chat","description":"","publisher":{"@id":"https:\/\/1v1chat.site\/#organization"},"potentialAction":[{"@type":"SearchAction","target":{"@type":"EntryPoint","urlTemplate":"https:\/\/1v1chat.site\/?s={search_term_string}"},"query-input":{"@type":"PropertyValueSpecification","valueRequired":true,"valueName":"search_term_string"}}],"inLanguage":"fr-FR"},{"@type":"Organization","@id":"https:\/\/1v1chat.site\/#organization","name":"1v1Chat","url":"https:\/\/1v1chat.site\/","logo":{"@type":"ImageObject","inLanguage":"fr-FR","@id":"https:\/\/1v1chat.site\/#\/schema\/logo\/image\/","url":"https:\/\/1v1chat.site\/wp-content\/uploads\/2025\/08\/cropped-Logo.png","contentUrl":"https:\/\/1v1chat.site\/wp-content\/uploads\/2025\/08\/cropped-Logo.png","width":1024,"height":237,"caption":"1v1Chat"},"image":{"@id":"https:\/\/1v1chat.site\/#\/schema\/logo\/image\/"}}]}},"_links":{"self":[{"href":"https:\/\/1v1chat.site\/fr\/wp-json\/wp\/v2\/pages\/134","targetHints":{"allow":["GET"]}}],"collection":[{"href":"https:\/\/1v1chat.site\/fr\/wp-json\/wp\/v2\/pages"}],"about":[{"href":"https:\/\/1v1chat.site\/fr\/wp-json\/wp\/v2\/types\/page"}],"author":[{"embeddable":true,"href":"https:\/\/1v1chat.site\/fr\/wp-json\/wp\/v2\/users\/1"}],"replies":[{"embeddable":true,"href":"https:\/\/1v1chat.site\/fr\/wp-json\/wp\/v2\/comments?post=134"}],"version-history":[{"count":16,"href":"https:\/\/1v1chat.site\/fr\/wp-json\/wp\/v2\/pages\/134\/revisions"}],"predecessor-version":[{"id":972,"href":"https:\/\/1v1chat.site\/fr\/wp-json\/wp\/v2\/pages\/134\/revisions\/972"}],"wp:attachment":[{"href":"https:\/\/1v1chat.site\/fr\/wp-json\/wp\/v2\/media?parent=134"}],"curies":[{"name":"wp","href":"https:\/\/api.w.org\/{rel}","templated":true}]}}