{"id":134,"date":"2023-03-14T10:40:01","date_gmt":"2023-03-14T10:40:01","guid":{"rendered":"https:\/\/export.mercurytheme.com\/013\/?page_id=134"},"modified":"2025-11-20T18:29:24","modified_gmt":"2025-11-20T18:29:24","slug":"home","status":"publish","type":"page","link":"https:\/\/1v1chat.site\/es\/","title":{"rendered":"Hogar"},"content":{"rendered":"<header class=\"wp-block-cover is-light\"><img loading=\"lazy\" decoding=\"async\" width=\"2560\" height=\"1707\" class=\"wp-block-cover__image-background wp-image-24 size-full\" alt=\"Grupo de personas divirti\u00e9ndose juntas utilizando el videochat Vidizzy. \" src=\"https:\/\/1v1chat.site\/wp-content\/uploads\/2023\/03\/AdobeStock_484873483.webp\" style=\"object-position:50% 65%\" data-object-fit=\"cover\" data-object-position=\"50% 65%\" srcset=\"https:\/\/1v1chat.site\/wp-content\/uploads\/2023\/03\/AdobeStock_484873483.webp 2560w, https:\/\/1v1chat.site\/wp-content\/uploads\/2023\/03\/AdobeStock_484873483-300x200.webp 300w, https:\/\/1v1chat.site\/wp-content\/uploads\/2023\/03\/AdobeStock_484873483-1024x683.webp 1024w, https:\/\/1v1chat.site\/wp-content\/uploads\/2023\/03\/AdobeStock_484873483-768x512.webp 768w, https:\/\/1v1chat.site\/wp-content\/uploads\/2023\/03\/AdobeStock_484873483-1536x1024.webp 1536w, https:\/\/1v1chat.site\/wp-content\/uploads\/2023\/03\/AdobeStock_484873483-2048x1366.webp 2048w, https:\/\/1v1chat.site\/wp-content\/uploads\/2023\/03\/AdobeStock_484873483-60x40.webp 60w, https:\/\/1v1chat.site\/wp-content\/uploads\/2023\/03\/AdobeStock_484873483-48x32.webp 48w, https:\/\/1v1chat.site\/wp-content\/uploads\/2023\/03\/AdobeStock_484873483-105x70.webp 105w, https:\/\/1v1chat.site\/wp-content\/uploads\/2023\/03\/AdobeStock_484873483-120x80.webp 120w, https:\/\/1v1chat.site\/wp-content\/uploads\/2023\/03\/AdobeStock_484873483-202x135.webp 202w\" sizes=\"auto, (max-width: 2560px) 100vw, 2560px\" \/><span aria-hidden=\"true\" class=\"wp-block-cover__background has-background-dim\" style=\"background-color:#b2a3a1\"><\/span><div class=\"wp-block-cover__inner-container is-layout-constrained wp-block-cover-is-layout-constrained\">\n<h2 class=\"wp-block-heading has-text-align-center has-mercury-peter-river-color has-text-color has-link-color wp-elements-0057490c8d62941ab8091d63f8a669db\" style=\"font-size:44px;font-style:italic;font-weight:600\"><strong>EL MEJOR SITIO DE CHAT ALEATORIO PARA ADULTOS<\/strong><\/h2>\n\n\n\n<p class=\"has-text-align-center has-mercury-white-color has-text-color has-link-color has-medium-font-size wp-elements-70b752418f9db822a8e5930dd2e1a1c3\">Chatea en l\u00ednea con desconocidos en 1v1Chat, de forma segura, instant\u00e1nea y sin registrarte.<\/p>\n\n\n\n<div class=\"wp-block-buttons is-content-justification-center is-layout-flex wp-container-core-buttons-is-layout-16018d1d wp-block-buttons-is-layout-flex\">\n<div class=\"wp-block-button is-style-fill\"><a class=\"wp-block-button__link has-mercury-white-color has-vivid-cyan-blue-to-vivid-purple-gradient-background has-text-color has-background has-link-color has-text-align-center wp-element-button\" href=\"#\">Comience aqu\u00ed<\/a><\/div>\n<\/div>\n<\/div><\/header>\n\n\n\n<div class=\"wp-block-group is-vertical is-content-justification-center is-layout-flex wp-container-core-group-is-layout-4b2eccd6 wp-block-group-is-layout-flex\">\n<h1 class=\"wp-block-heading has-text-align-center has-mercury-gray-color has-text-color has-link-color wp-elements-29be37a1d7bdefb54c71af89a1404909\" style=\"font-size:32px\">Bienvenido a 1v1Chat: El futuro del videochat en l\u00ednea<\/h1>\n<\/div>\n\n\n\n<div class=\"wp-block-group is-layout-grid wp-container-core-group-is-layout-8d2db683 wp-block-group-is-layout-grid\">\n<p class=\"has-text-align-center has-mercury-gray-color has-text-color has-link-color wp-elements-8c67e267dcd0368fe68cc8ac8e2d6108\">\u00bfBuscas una forma divertida, segura y emocionante de conectar con gente de todo el mundo? Con nosotros, puedes disfrutar de conversaciones espont\u00e1neas c\u00e1mara a c\u00e1mara a trav\u00e9s de un chat de v\u00eddeo r\u00e1pido, seguro y privado directamente desde tu navegador. S\u00f3lo tienes que hacer clic y empezar a chatear.<br><\/p>\n<\/div>\n\n\n\n<div style=\"height:30px\" aria-hidden=\"true\" class=\"wp-block-spacer\"><\/div>\n\n\n<div class=\"wp-block-image is-style-default\">\n<figure class=\"aligncenter size-medium is-resized\"><img loading=\"lazy\" decoding=\"async\" width=\"300\" height=\"263\" src=\"https:\/\/1v1chat.site\/wp-content\/uploads\/2023\/03\/home-icon-2-300x263.png\" alt=\"\" class=\"wp-image-27\" style=\"object-fit:cover;width:229px;height:200px\" srcset=\"https:\/\/1v1chat.site\/wp-content\/uploads\/2023\/03\/home-icon-2-300x263.png 300w, https:\/\/1v1chat.site\/wp-content\/uploads\/2023\/03\/home-icon-2-46x40.png 46w, https:\/\/1v1chat.site\/wp-content\/uploads\/2023\/03\/home-icon-2-36x32.png 36w, https:\/\/1v1chat.site\/wp-content\/uploads\/2023\/03\/home-icon-2-80x70.png 80w, https:\/\/1v1chat.site\/wp-content\/uploads\/2023\/03\/home-icon-2-91x80.png 91w, https:\/\/1v1chat.site\/wp-content\/uploads\/2023\/03\/home-icon-2-154x135.png 154w, https:\/\/1v1chat.site\/wp-content\/uploads\/2023\/03\/home-icon-2.png 342w\" sizes=\"auto, (max-width: 300px) 100vw, 300px\" \/><\/figure>\n<\/div>\n\n\n<h2 class=\"wp-block-heading\" id=\"block-bd0dda2e-054a-4aac-9f58-92e939b9e796\">\u00bfPor qu\u00e9 elegir 1v1Chat?<\/h2>\n\n\n\n<p id=\"block-5ba9968b-14e9-4102-89c6-ed3a6469a9a8\">Destaca por su combinaci\u00f3n \u00fanica de funciones que mejoran sus interacciones virtuales. Simplifica la comunicaci\u00f3n global al tiempo que garantiza una experiencia segura, fluida y personalizada.<\/p>\n\n\n\n<p id=\"block-f4fb2130-263c-4bd9-98bf-6c5609b05a26\">\ud83c\udf0d<strong>Accesibilidad mundial<\/strong>: Conecta con usuarios de todo el mundo sin restricciones innecesarias. Con los filtros de ubicaci\u00f3n e idioma, te permite descubrir conversaciones que se alinean con tus preferencias.<\/p>\n\n\n\n<p id=\"block-65dbed96-ef21-4b23-9514-98e1fc31d725\">\ud83c\udfa8<strong>Opciones personalizables<\/strong>: Con\u00e9ctate con personas que comparten tu misma onda gracias a las opciones de emparejamiento inteligente.<\/p>\n\n\n\n<p id=\"block-999d6560-1cf0-45ab-97f7-d28209e1bb52\">\u270d\ufe0f <strong>No es necesario inscribirse<\/strong>: Chatea gratis con cam, al instante. No hay necesidad de utilizar su correo electr\u00f3nico, a menos que desee.<\/p>\n\n\n\n<h2 class=\"wp-block-heading\" id=\"block-a53b1646-35a7-4b60-be0d-07abbe69400a\">Caracter\u00edsticas de 1v1Chat<\/h2>\n\n\n\n<p id=\"block-8177ec40-be07-48ee-a244-95b0a1cbae1d\">Disfruta de una experiencia de videochat para adultos fluida y personalizable:<\/p>\n\n\n\n<p id=\"block-749d7177-6137-42d8-9299-e47efbe68132\">\ud83d\udd12 <strong>Privado y seguro<\/strong> - Encriptaci\u00f3n de extremo a extremo y chat an\u00f3nimo<\/p>\n\n\n\n<p id=\"block-15c24d00-d49a-4e61-a98a-f2f9d1d15866\">\ud83c\udfa5 <strong>V\u00eddeo HD y audio n\u00edtido<\/strong> - Comunicaci\u00f3n fluida incluso con poco ancho de banda<\/p>\n\n\n\n<p id=\"block-47619d97-b2f7-402f-937f-abb70ff46757\">\u2699\ufe0f <strong>Deslizar y combinar<\/strong> - \u00bfNo te gusta con qui\u00e9n chateas? Al siguiente<\/p>\n\n\n\n<p id=\"block-f10f8c47-a804-41e0-b1de-0440e614b083\">\ud83d\udeab <strong>Herramientas de moderaci\u00f3n<\/strong> - Bloquear o denunciar usuarios al instante<\/p>\n\n\n\n<p id=\"block-dfd295d0-d401-41ad-a788-1436f56fb33b\">\ud83d\udcf1 <strong>Navegador<\/strong> - Sin descargas. Funciona en ordenadores de sobremesa, tabletas y m\u00f3viles.<\/p>\n\n\n\n<h2 class=\"wp-block-heading\" id=\"block-90f15d38-cf07-4a76-8301-f33795f8ef77\">C\u00f3mo utilizar 1v1Chat<\/h2>\n\n\n\n<p id=\"block-ff021aac-c9c8-41c1-8c63-7dda9c109901\">S\u00f3lo tardar\u00e1s unos segundos en empezar a chatear gratis con la c\u00e1mara:<\/p>\n\n\n\n<ol id=\"block-98888ee2-9833-42d4-87e7-5e5fe14ed838\" class=\"wp-block-list\">\n<li><strong>Permitir c\u00e1mara y micr\u00f3fono<\/strong> - Garantizar v\u00eddeo y audio de alta calidad<\/li>\n\n\n\n<li><strong>Establezca sus preferencias<\/strong> - Personaliza los filtros para mejorar las conexiones<\/li>\n\n\n\n<li><strong>Empieza a chatear<\/strong> - Conocer a alguien nuevo al instante<\/li>\n<\/ol>\n\n\n\n<p id=\"block-feb724a1-ca7e-47dc-abbc-352d203cd152\"><strong>\u00bfListo para iniciar un chat de v\u00eddeo gratuito?<\/strong><\/p>\n\n\n\n<p id=\"block-cacd3790-fefc-4845-89b9-3f80ca270404\">\u00danete a miles y conectar - chat gratis en cam, sin registro, sin estr\u00e9s. S\u00f3lo conversaciones reales, a tu manera.<\/p>\n\n\n\n<div style=\"height:17px\" aria-hidden=\"true\" class=\"wp-block-spacer\"><\/div>\n\n\n\n<div class=\"wp-block-buttons is-content-justification-center is-layout-flex wp-container-core-buttons-is-layout-16018d1d wp-block-buttons-is-layout-flex\">\n<div class=\"wp-block-button is-style-fill\"><a class=\"wp-block-button__link has-mercury-white-color has-vivid-cyan-blue-to-vivid-purple-gradient-background has-text-color has-background has-link-color has-text-align-left wp-element-button\" href=\"#\">Empezar a chatear al instante<\/a><\/div>\n<\/div>\n\n\n\n<div style=\"height:30px\" aria-hidden=\"true\" class=\"wp-block-spacer\"><\/div>\n\n\n\n<h2 class=\"wp-block-heading has-text-align-left\">Preguntas frecuentes<\/h2>\n\n\n\n<style>\n  .faq-section {\n    max-width: 800px;\n    margin: 0;\n    padding: 10px 20px 40px;\n    font-family: Arial, sans-serif;\n  }\n\n  .faq-item {\n    background-color: #2ac2e0;\n    color: white;\n    margin-bottom: 10px;\n    border-radius: 5px;\n    overflow: hidden;\n  }\n\n  .faq-question {\n    padding: 15px 20px;\n    cursor: pointer;\n    position: relative;\n    font-weight: bold;\n    text-align: left;\n    font-size: 1rem;\n  }\n\n  .faq-question::after {\n    content: '+';\n    font-size: 1.5rem;\n    position: absolute;\n    right: 20px;\n    top: 12px;\n    transition: transform 0.3s ease;\n  }\n\n  .faq-item.active .faq-question::after {\n    transform: rotate(45deg);\n  }\n\n  .faq-answer {\n    max-height: 0;\n    overflow: hidden;\n    background-color: #f2f2f2;\n    color: #333;\n    padding: 0 20px;\n    transition: max-height 0.3s ease, padding 0.3s ease;\n    font-size: 0.95rem;\n  }\n\n  .faq-item.active .faq-answer {\n    max-height: 500px;\n    padding: 15px 20px;\n  }\n\n  @media (max-width: 600px) {\n    .faq-section {\n      padding: 10px 15px 30px;\n    }\n\n    .faq-question {\n      font-size: 1rem;\n      padding: 12px 16px;\n    }\n\n    .faq-answer {\n      font-size: 0.95rem;\n      padding: 0 16px;\n    }\n\n    .faq-item.active .faq-answer {\n      padding: 12px 16px;\n    }\n\n    .faq-question::after {\n      right: 16px;\n      top: 10px;\n    }\n  }\n<\/style>\n\n<section class=\"faq-section\">\n  <div class=\"faq-item\">\n    <div class=\"faq-question\">\u00bfQu\u00e9 es el videochat 1v1Chat?<\/div>\n    <div class=\"faq-answer\">1v1Chat es una plataforma basada en navegador que ofrece c\u00e1maras gratuitas para chatear con desconocidos de todo el mundo. Est\u00e1 dise\u00f1ada para mantener conversaciones de v\u00eddeo en l\u00ednea espont\u00e1neas, seguras y divertidas, sin necesidad de registrarse.<\/div>\n  <\/div>\n\n  <div class=\"faq-item\">\n    <div class=\"faq-question\">\u00bfEs realmente gratis 1v1Chat?<\/div>\n    <div class=\"faq-answer\">S\u00ed, puedes disfrutar de un n\u00famero ilimitado de chats gratis sin descargas. Para obtener m\u00e1s funciones, actualiza a un plan premium en cualquier momento.<\/div>\n  <\/div>\n\n  <div class=\"faq-item\">\n    <div class=\"faq-question\">\u00bfC\u00f3mo puedo proteger mi intimidad mientras chateo?<\/div>\n    <div class=\"faq-answer\">1v1Chat utiliza cifrado de extremo a extremo, opciones de chat an\u00f3nimo y herramientas de moderaci\u00f3n para mantener tus chats seguros y privados. No se requieren datos personales.<\/div>\n  <\/div>\n\n  <div class=\"faq-item\">\n    <div class=\"faq-question\">\u00bfPuedo elegir con qui\u00e9n me conecto?<\/div>\n    <div class=\"faq-answer\">Por supuesto. Con los filtros inteligentes, puedes chatear en funci\u00f3n del idioma, la regi\u00f3n o tus intereses. <strong>chat con camara gratis<\/strong> experiencia m\u00e1s relevante y divertida.<\/div>\n  <\/div>\n\n  <div class=\"faq-item\">\n    <div class=\"faq-question\">\u00bfQu\u00e9 diferencia a 1v1Chat de otros sitios de chat aleatorios?<\/div>\n    <div class=\"faq-answer\">A diferencia de muchos otros sitios, 1v1Chat ofrece un streaming fluido, <strong>chat gratis en cam<\/strong>y un dise\u00f1o que da prioridad a la privacidad y funciona incluso con conexiones lentas.<\/div>\n  <\/div>\n\n  <div class=\"faq-item\">\n    <div class=\"faq-question\">\u00bfTengo que descargarme algo?<\/div>\n    <div class=\"faq-answer\">No, 1v1Chat funciona completamente a trav\u00e9s del navegador, sin necesidad de instalaci\u00f3n. Funciona en ordenadores, tabletas y dispositivos m\u00f3viles.<\/div>\n  <\/div>\n<\/section>\n\n<script>\n  document.querySelectorAll('.faq-question').forEach(item => {\n    item.addEventListener('click', () => {\n      const parent = item.parentElement;\n      parent.classList.toggle('active');\n    });\n  });\n<\/script>\n\n\n\n<p><\/p>","protected":false},"excerpt":{"rendered":"<p>Welcome to 1v1Chat: The Future of Online Video Chat Looking for a fun, safe, and exciting way to connect with people worldwide?&nbsp;With us, you can enjoy spontaneous cam-to-cam conversations through fast, secure, and private video chat directly from your browser. Just click and start chatting! Why Choose 1v1Chat? It stands out for its unique combination [&hellip;]<\/p>","protected":false},"author":1,"featured_media":0,"parent":0,"menu_order":0,"comment_status":"closed","ping_status":"closed","template":"flirtbees-style-template.php","meta":{"_acf_changed":false,"footnotes":""},"class_list":["post-134","page","type-page","status-publish","hentry"],"acf":[],"yoast_head":"<!-- This site is optimized with the Yoast SEO plugin v26.7 - https:\/\/yoast.com\/wordpress\/plugins\/seo\/ -->\n<title>Random video chat One on One - 1v1Chat<\/title>\n<meta name=\"description\" content=\"Connect on 1v1chat.site - the private Omegle alternative for random 1-on-1 video chat. No sign-up, gender filters, safe moderation.\" \/>\n<meta name=\"robots\" content=\"index, follow, max-snippet:-1, max-image-preview:large, max-video-preview:-1\" \/>\n<link rel=\"canonical\" href=\"https:\/\/1v1chat.site\/es\/\" \/>\n<meta property=\"og:locale\" content=\"es_ES\" \/>\n<meta property=\"og:type\" content=\"article\" \/>\n<meta property=\"og:title\" content=\"Random video chat One on One - 1v1Chat\" \/>\n<meta property=\"og:description\" content=\"Connect on 1v1chat.site - the private Omegle alternative for random 1-on-1 video chat. No sign-up, gender filters, safe moderation.\" \/>\n<meta property=\"og:url\" content=\"https:\/\/1v1chat.site\/es\/\" \/>\n<meta property=\"og:site_name\" content=\"1v1Chat\" \/>\n<meta property=\"article:modified_time\" content=\"2025-11-20T18:29:24+00:00\" \/>\n<meta property=\"og:image\" content=\"https:\/\/1v1chat.site\/wp-content\/uploads\/2023\/03\/AdobeStock_484873483.webp\" \/>\n\t<meta property=\"og:image:width\" content=\"2560\" \/>\n\t<meta property=\"og:image:height\" content=\"1707\" \/>\n\t<meta property=\"og:image:type\" content=\"image\/webp\" \/>\n<meta name=\"twitter:card\" content=\"summary_large_image\" \/>\n<meta name=\"twitter:label1\" content=\"Tiempo de lectura\" \/>\n\t<meta name=\"twitter:data1\" content=\"3 minutos\" \/>\n<script type=\"application\/ld+json\" class=\"yoast-schema-graph\">{\"@context\":\"https:\/\/schema.org\",\"@graph\":[{\"@type\":\"WebPage\",\"@id\":\"https:\/\/1v1chat.site\/\",\"url\":\"https:\/\/1v1chat.site\/\",\"name\":\"Random video chat One on One - 1v1Chat\",\"isPartOf\":{\"@id\":\"https:\/\/1v1chat.site\/#website\"},\"primaryImageOfPage\":{\"@id\":\"https:\/\/1v1chat.site\/#primaryimage\"},\"image\":{\"@id\":\"https:\/\/1v1chat.site\/#primaryimage\"},\"thumbnailUrl\":\"https:\/\/1v1chat.site\/wp-content\/uploads\/2023\/03\/AdobeStock_484873483.webp\",\"datePublished\":\"2023-03-14T10:40:01+00:00\",\"dateModified\":\"2025-11-20T18:29:24+00:00\",\"description\":\"Connect on 1v1chat.site - the private Omegle alternative for random 1-on-1 video chat. No sign-up, gender filters, safe moderation.\",\"breadcrumb\":{\"@id\":\"https:\/\/1v1chat.site\/#breadcrumb\"},\"inLanguage\":\"es\",\"potentialAction\":[{\"@type\":\"ReadAction\",\"target\":[\"https:\/\/1v1chat.site\/\"]}]},{\"@type\":\"ImageObject\",\"inLanguage\":\"es\",\"@id\":\"https:\/\/1v1chat.site\/#primaryimage\",\"url\":\"https:\/\/1v1chat.site\/wp-content\/uploads\/2023\/03\/AdobeStock_484873483.webp\",\"contentUrl\":\"https:\/\/1v1chat.site\/wp-content\/uploads\/2023\/03\/AdobeStock_484873483.webp\"},{\"@type\":\"BreadcrumbList\",\"@id\":\"https:\/\/1v1chat.site\/#breadcrumb\",\"itemListElement\":[{\"@type\":\"ListItem\",\"position\":1,\"name\":\"Home\",\"item\":\"https:\/\/1v1chat.site\/\"},{\"@type\":\"ListItem\",\"position\":2,\"name\":\"Home\",\"item\":{\"@id\":\"https:\/\/1v1chat.site\/es\",\"name\":\"Home\"}}]},{\"@type\":\"WebSite\",\"@id\":\"https:\/\/1v1chat.site\/#website\",\"url\":\"https:\/\/1v1chat.site\/\",\"name\":\"1v1Chat\",\"description\":\"\",\"publisher\":{\"@id\":\"https:\/\/1v1chat.site\/#organization\"},\"potentialAction\":[{\"@type\":\"SearchAction\",\"target\":{\"@type\":\"EntryPoint\",\"urlTemplate\":\"https:\/\/1v1chat.site\/?s={search_term_string}\"},\"query-input\":{\"@type\":\"PropertyValueSpecification\",\"valueRequired\":true,\"valueName\":\"search_term_string\"}}],\"inLanguage\":\"es\"},{\"@type\":\"Organization\",\"@id\":\"https:\/\/1v1chat.site\/#organization\",\"name\":\"1v1Chat\",\"url\":\"https:\/\/1v1chat.site\/\",\"logo\":{\"@type\":\"ImageObject\",\"inLanguage\":\"es\",\"@id\":\"https:\/\/1v1chat.site\/#\/schema\/logo\/image\/\",\"url\":\"https:\/\/1v1chat.site\/wp-content\/uploads\/2025\/08\/cropped-Logo.png\",\"contentUrl\":\"https:\/\/1v1chat.site\/wp-content\/uploads\/2025\/08\/cropped-Logo.png\",\"width\":1024,\"height\":237,\"caption\":\"1v1Chat\"},\"image\":{\"@id\":\"https:\/\/1v1chat.site\/#\/schema\/logo\/image\/\"}}]}<\/script>\n<!-- \/ Yoast SEO plugin. -->","yoast_head_json":{"title":"Videochat aleatorio One on One - 1v1Chat","description":"Con\u00e9ctate en 1v1chat.site - la alternativa privada de Omegle para videochat aleatorio 1 a 1. Sin registro, filtros de g\u00e9nero, moderaci\u00f3n segura.","robots":{"index":"index","follow":"follow","max-snippet":"max-snippet:-1","max-image-preview":"max-image-preview:large","max-video-preview":"max-video-preview:-1"},"canonical":"https:\/\/1v1chat.site\/es\/","og_locale":"es_ES","og_type":"article","og_title":"Random video chat One on One - 1v1Chat","og_description":"Connect on 1v1chat.site - the private Omegle alternative for random 1-on-1 video chat. No sign-up, gender filters, safe moderation.","og_url":"https:\/\/1v1chat.site\/es\/","og_site_name":"1v1Chat","article_modified_time":"2025-11-20T18:29:24+00:00","og_image":[{"width":2560,"height":1707,"url":"https:\/\/1v1chat.site\/wp-content\/uploads\/2023\/03\/AdobeStock_484873483.webp","type":"image\/webp"}],"twitter_card":"summary_large_image","twitter_misc":{"Tiempo de lectura":"3 minutos"},"schema":{"@context":"https:\/\/schema.org","@graph":[{"@type":"WebPage","@id":"https:\/\/1v1chat.site\/","url":"https:\/\/1v1chat.site\/","name":"Videochat aleatorio One on One - 1v1Chat","isPartOf":{"@id":"https:\/\/1v1chat.site\/#website"},"primaryImageOfPage":{"@id":"https:\/\/1v1chat.site\/#primaryimage"},"image":{"@id":"https:\/\/1v1chat.site\/#primaryimage"},"thumbnailUrl":"https:\/\/1v1chat.site\/wp-content\/uploads\/2023\/03\/AdobeStock_484873483.webp","datePublished":"2023-03-14T10:40:01+00:00","dateModified":"2025-11-20T18:29:24+00:00","description":"Con\u00e9ctate en 1v1chat.site - la alternativa privada de Omegle para videochat aleatorio 1 a 1. Sin registro, filtros de g\u00e9nero, moderaci\u00f3n segura.","breadcrumb":{"@id":"https:\/\/1v1chat.site\/#breadcrumb"},"inLanguage":"es","potentialAction":[{"@type":"ReadAction","target":["https:\/\/1v1chat.site\/"]}]},{"@type":"ImageObject","inLanguage":"es","@id":"https:\/\/1v1chat.site\/#primaryimage","url":"https:\/\/1v1chat.site\/wp-content\/uploads\/2023\/03\/AdobeStock_484873483.webp","contentUrl":"https:\/\/1v1chat.site\/wp-content\/uploads\/2023\/03\/AdobeStock_484873483.webp"},{"@type":"BreadcrumbList","@id":"https:\/\/1v1chat.site\/#breadcrumb","itemListElement":[{"@type":"ListItem","position":1,"name":"Home","item":"https:\/\/1v1chat.site\/"},{"@type":"ListItem","position":2,"name":"Home","item":{"@id":"https:\/\/1v1chat.site\/es","name":"Home"}}]},{"@type":"WebSite","@id":"https:\/\/1v1chat.site\/#website","url":"https:\/\/1v1chat.site\/","name":"1v1Chat","description":"","publisher":{"@id":"https:\/\/1v1chat.site\/#organization"},"potentialAction":[{"@type":"SearchAction","target":{"@type":"EntryPoint","urlTemplate":"https:\/\/1v1chat.site\/?s={search_term_string}"},"query-input":{"@type":"PropertyValueSpecification","valueRequired":true,"valueName":"search_term_string"}}],"inLanguage":"es"},{"@type":"Organization","@id":"https:\/\/1v1chat.site\/#organization","name":"1v1Chat","url":"https:\/\/1v1chat.site\/","logo":{"@type":"ImageObject","inLanguage":"es","@id":"https:\/\/1v1chat.site\/#\/schema\/logo\/image\/","url":"https:\/\/1v1chat.site\/wp-content\/uploads\/2025\/08\/cropped-Logo.png","contentUrl":"https:\/\/1v1chat.site\/wp-content\/uploads\/2025\/08\/cropped-Logo.png","width":1024,"height":237,"caption":"1v1Chat"},"image":{"@id":"https:\/\/1v1chat.site\/#\/schema\/logo\/image\/"}}]}},"_links":{"self":[{"href":"https:\/\/1v1chat.site\/es\/wp-json\/wp\/v2\/pages\/134","targetHints":{"allow":["GET"]}}],"collection":[{"href":"https:\/\/1v1chat.site\/es\/wp-json\/wp\/v2\/pages"}],"about":[{"href":"https:\/\/1v1chat.site\/es\/wp-json\/wp\/v2\/types\/page"}],"author":[{"embeddable":true,"href":"https:\/\/1v1chat.site\/es\/wp-json\/wp\/v2\/users\/1"}],"replies":[{"embeddable":true,"href":"https:\/\/1v1chat.site\/es\/wp-json\/wp\/v2\/comments?post=134"}],"version-history":[{"count":16,"href":"https:\/\/1v1chat.site\/es\/wp-json\/wp\/v2\/pages\/134\/revisions"}],"predecessor-version":[{"id":972,"href":"https:\/\/1v1chat.site\/es\/wp-json\/wp\/v2\/pages\/134\/revisions\/972"}],"wp:attachment":[{"href":"https:\/\/1v1chat.site\/es\/wp-json\/wp\/v2\/media?parent=134"}],"curies":[{"name":"wp","href":"https:\/\/api.w.org\/{rel}","templated":true}]}}