{"id":149,"date":"2023-03-14T10:45:22","date_gmt":"2023-03-14T10:45:22","guid":{"rendered":"https:\/\/export.mercurytheme.com\/013\/?page_id=149"},"modified":"2025-08-21T07:09:37","modified_gmt":"2025-08-21T07:09:37","slug":"terms-and-conditions","status":"publish","type":"page","link":"https:\/\/1v1chat.site\/de\/terms-and-conditions\/","title":{"rendered":"Gesch\u00e4ftsbedingungen"},"content":{"rendered":"<h1 class=\"wp-block-heading\"><\/h1>\n\n\n\n<p>Dieses Dokument, das auch als \"Nutzungsbedingungen\", \"Bedingungen\", \"Nutzungsvertrag\" oder \"Vertrag\" bezeichnet werden kann, ist eine rechtlich bindende Vereinbarung zwischen Einzelpersonen, Unternehmen und Organisationen (Nutzern) und 1v1Chat.site, betrieben von 1v1Chat Inc. mit Sitz in [Ihre Gesch\u00e4ftsadresse hier], das im Folgenden auch als \"1v1Chat.site\", \"Unternehmen\", die \"Website\" oder \"Service\" bezeichnet werden kann.<\/p>\n\n\n\n<p>Die Begriffe \"wir\", \"wir\" und \"unser\" k\u00f6nnen auch verwendet werden, um sich auf 1v1Chat.site zu beziehen, w\u00e4hrend die Begriffe \"Sie\", \"Ihr\", \"Benutzer\" und \"Besucher\" verwendet werden k\u00f6nnen, um sich auf alle Benutzer der Website zu beziehen. Die Begriffe \"Inhalt\" und \"Inhalte\" beziehen sich auf alle Materialien, die \u00fcber die Website zur Verf\u00fcgung gestellt werden.<\/p>\n\n\n\n<p>F\u00fcr den Zugriff auf und die Nutzung aller Inhalte und Dienste, die auf der Website angeboten werden, best\u00e4tigen Sie, dass Sie mindestens 18 (achtzehn) Jahre alt sind (oder das gesetzliche Alter in Ihrem Staat, Land oder Ort, falls dieses h\u00f6her als 18 ist).<\/p>\n\n\n\n<p>Durch die Nutzung unserer Website erkl\u00e4ren Sie sich damit einverstanden, die Bedingungen dieser Vereinbarung und unserer Regeln einzuhalten. Sie best\u00e4tigen au\u00dferdem, dass Sie mit unserer Datenschutzrichtlinie und unserer R\u00fcckerstattungsrichtlinie einverstanden sind.<\/p>\n\n\n\n<hr class=\"wp-block-separator has-alpha-channel-opacity\"\/>\n\n\n\n<h2 class=\"wp-block-heading\">Zugang zur Website und Nutzung der Website<\/h2>\n\n\n\n<p>Wir gew\u00e4hren Ihnen eine nicht ausschlie\u00dfliche, nicht \u00fcbertragbare, widerrufliche Lizenz f\u00fcr den Zugriff auf unsere Website und deren Nutzung ausschlie\u00dflich in \u00dcbereinstimmung mit dieser Vereinbarung. Ihre Rechte im Rahmen dieser Vereinbarung sind nicht \u00fcbertragbar oder abtretbar, und eine solche \u00dcbertragung ist ung\u00fcltig.<\/p>\n\n\n\n<p>Dieser Vertrag begr\u00fcndet keine Agentur-, Partnerschafts-, Joint Venture-, Arbeitnehmer-Arbeitgeber- oder Franchisegeber-Franchisenehmer-Beziehung zwischen Ihnen und uns.<\/p>\n\n\n\n<p>Wir behalten uns das Recht vor, die Funktionalit\u00e4t unserer Website aus den folgenden Gr\u00fcnden vor\u00fcbergehend oder auf unbestimmte Zeit auszusetzen:<\/p>\n\n\n\n<ol class=\"wp-block-list\">\n<li>Aus technischen Gr\u00fcnden wie Probleme mit unseren Servern, Hardware- oder Softwarefehlfunktionen, Hackerangriffe usw.<\/li>\n\n\n\n<li>Zur Durchf\u00fchrung von Aktualisierungen oder Wartungsarbeiten an unserer Hardware oder Software, um die Website und die Benutzerfreundlichkeit zu verbessern.<\/li>\n\n\n\n<li>Aus berechtigten Gr\u00fcnden, wie z. B. Einw\u00e4nde zum Schutz der Privatsph\u00e4re oder rechtliche Bedenken.<\/li>\n\n\n\n<li>Wenn wir feststellen, dass die Website nicht mehr kommerziell nutzbar ist.<\/li>\n\n\n\n<li>Bei wesentlichen \u00c4nderungen der von uns angebotenen Dienstleistungen.<\/li>\n<\/ol>\n\n\n\n<p>Obwohl wir alle angemessenen Ma\u00dfnahmen ergreifen, um die Kontinuit\u00e4t des Dienstes zu gew\u00e4hrleisten, k\u00f6nnen wir nicht garantieren, dass die Website immer ohne Unterbrechungen oder technische Probleme funktionieren wird. 1v1Chat.site ist nicht immun gegen Viren, Hackerangriffe, Hardware-\/Softwarefehlfunktionen oder andere unerwartete Probleme, die au\u00dferhalb unserer Kontrolle liegen. Wir \u00fcbernehmen keine Haftung f\u00fcr Sch\u00e4den, die durch solche Unterbrechungen verursacht werden.<\/p>\n\n\n\n<p>Die Nutzer sind f\u00fcr alle Kosten verantwortlich, die mit ihrer Internet- oder mobilen Datenverbindung verbunden sind, wenn sie auf unsere Website zugreifen. Bitte best\u00e4tigen Sie die Kosten f\u00fcr Ihre Datennutzung mit Ihrem Dienstanbieter, bevor Sie unsere Website nutzen.<\/p>\n\n\n\n<hr class=\"wp-block-separator has-alpha-channel-opacity\"\/>\n\n\n\n<h2 class=\"wp-block-heading\">Benutzer Inhalt<\/h2>\n\n\n\n<p>Benutzer k\u00f6nnen Text-, Audio-, Video- und andere Inhalte (\"Benutzerinhalte\") an andere Benutzer \u00fcber die Website \u00fcbertragen. Indem Sie Benutzerinhalte \u00fcber 1v1Chat.site zur Verf\u00fcgung stellen, gew\u00e4hren Sie uns eine weltweite, unwiderrufliche, unbefristete, nicht exklusive, \u00fcbertragbare, geb\u00fchrenfreie Lizenz mit dem Recht, Unterlizenzen zu vergeben, um solche Benutzerinhalte \u00fcber die Website oder Plattformen Dritter f\u00fcr kommerzielle Zwecke zu nutzen, zu kopieren, anzupassen, zu modifizieren, zu verteilen, zu lizenzieren, zu verkaufen, \u00f6ffentlich anzuzeigen und anderweitig zu verwerten.<\/p>\n\n\n\n<p>1v1Chat.site erhebt keinen Anspruch auf das Eigentum an Benutzerinhalten, beh\u00e4lt sich jedoch das Recht vor, diese wie oben beschrieben zu verwenden. Sie behalten das Urheberrecht an allen Benutzerinhalten, die Sie erstellen und hochladen.<\/p>\n\n\n\n<p>Sie erkl\u00e4ren und garantieren, dass:<\/p>\n\n\n\n<ol class=\"wp-block-list\">\n<li>Sie sind der alleinige Eigent\u00fcmer oder verf\u00fcgen \u00fcber die erforderlichen Rechte, Lizenzen und Genehmigungen, um uns die oben genannte Lizenz zu erteilen.<\/li>\n\n\n\n<li>Ihre Benutzerinhalte verletzen keine Rechte Dritter an geistigem Eigentum, Privatsph\u00e4re oder Werbung oder geltende Gesetze.<\/li>\n\n\n\n<li>Ihre Benutzerinhalte d\u00fcrfen kein obsz\u00f6nes, beleidigendes oder illegales Material enthalten.<\/li>\n<\/ol>\n\n\n\n<p>Wir behalten uns das Recht vor, Benutzerinhalte, die gegen diese Vereinbarung versto\u00dfen, zu entfernen oder den Zugang dazu zu sperren.<\/p>\n\n\n\n<hr class=\"wp-block-separator has-alpha-channel-opacity\"\/>\n\n\n\n<h2 class=\"wp-block-heading\">B\u00f6sartige Benutzeraktivit\u00e4ten<\/h2>\n\n\n\n<p>Sie verpflichten sich, w\u00e4hrend der Nutzung von 1v1Chat.site keine der folgenden Aktivit\u00e4ten zu unternehmen:<\/p>\n\n\n\n<ol class=\"wp-block-list\">\n<li>Versuche, die Sicherheit unserer Systeme oder Netzwerke zu untersuchen, zu scannen oder zu verletzen.<\/li>\n\n\n\n<li>Umgehung oder Umgehung von Ma\u00dfnahmen, die zum Schutz der Website oder ihrer Inhalte vorgesehen sind.<\/li>\n\n\n\n<li>Verwendung nicht autorisierter Tools (z. B. Bots, Spider, Scraper) f\u00fcr den Zugriff auf oder die Interaktion mit der Website.<\/li>\n\n\n\n<li>F\u00e4lschen von Paketk\u00f6pfen oder Verwendung von T\u00e4uschungstechniken zur Verschleierung von Quellinformationen.<\/li>\n\n\n\n<li>St\u00f6rung des Zugriffs anderer Nutzer auf die Website, einschlie\u00dflich Spamming oder Versenden von Schadsoftware.<\/li>\n\n\n\n<li>Der Versuch, unsere Software zu dekompilieren, zur\u00fcckzuentwickeln oder zu vervielf\u00e4ltigen.<\/li>\n\n\n\n<li>F\u00f6rderung oder Werbung f\u00fcr Dienstleistungen Dritter ohne vorherige Genehmigung.<\/li>\n\n\n\n<li>Andere zu einem Versto\u00df gegen diese Bedingungen zu ermutigen oder es ihnen zu erm\u00f6glichen.<\/li>\n<\/ol>\n\n\n\n<hr class=\"wp-block-separator has-alpha-channel-opacity\"\/>\n\n\n\n<h2 class=\"wp-block-heading\">Kostenpflichtige Produkte oder Dienstleistungen<\/h2>\n\n\n\n<p>1v1Chat.site kann kostenpflichtige Produkte oder Dienstleistungen anbieten, einschlie\u00dflich digitaler G\u00fcter, Abonnements und zus\u00e4tzlicher Funktionen. Mit dem Kauf eines kostenpflichtigen Dienstes stimmen Sie zu:<\/p>\n\n\n\n<ol class=\"wp-block-list\">\n<li>Geben Sie genaue Zahlungsinformationen an.<\/li>\n\n\n\n<li>Vergewissern Sie sich, dass alle Geb\u00fchren von Ihrem Zahlungsanbieter anerkannt werden.<\/li>\n\n\n\n<li>Bezahlen Sie alle anfallenden Steuern und Geb\u00fchren.<\/li>\n\n\n\n<li>Setzen Sie sich mit uns in Verbindung, bevor Sie eine R\u00fcckbuchung veranlassen, wenn es Probleme mit einer Transaktion gibt.<\/li>\n<\/ol>\n\n\n\n<p>R\u00fcckerstattungen f\u00fcr bezahlte Dienste unterliegen unseren R\u00fcckerstattungsrichtlinien, und 1v1Chat.site beh\u00e4lt sich das Recht vor, die Zahlungsbedingungen jederzeit zu \u00e4ndern.<\/p>\n\n\n\n<hr class=\"wp-block-separator has-alpha-channel-opacity\"\/>\n\n\n\n<h2 class=\"wp-block-heading\">Externe Links und Ressourcen<\/h2>\n\n\n\n<p>1v1Chat.site kann Links zu Websites oder Ressourcen Dritter enthalten. Obwohl wir uns bem\u00fchen, vertrauensw\u00fcrdige Links anzubieten, sind wir nicht verantwortlich f\u00fcr die Verf\u00fcgbarkeit, die Genauigkeit oder den Inhalt dieser externen Ressourcen. Die Benutzer \u00fcbernehmen alle Risiken, die mit dem Zugriff auf Websites Dritter verbunden sind.<\/p>\n\n\n\n<hr class=\"wp-block-separator has-alpha-channel-opacity\"\/>\n\n\n\n<h2 class=\"wp-block-heading\">Beendigung des Zugangs<\/h2>\n\n\n\n<p>Wir behalten uns das Recht vor, Ihren Zugang zu 1v1Chat.site einzuschr\u00e4nken oder zu beenden, wenn Sie:<\/p>\n\n\n\n<ol class=\"wp-block-list\">\n<li>gegen unsere Regeln, diese Vereinbarung oder unsere Datenschutzrichtlinie versto\u00dfen.<\/li>\n\n\n\n<li>Verbotene Inhalte bereitzustellen oder zu verbreiten.<\/li>\n\n\n\n<li>b\u00f6swillige Handlungen wie oben beschrieben vornehmen.<\/li>\n<\/ol>\n\n\n\n<p>Die K\u00fcndigung kann ohne vorherige Ank\u00fcndigung erfolgen, und wir behalten uns das Recht vor, bestimmte IP-Adressen oder Konten zu sperren.<\/p>\n\n\n\n<hr class=\"wp-block-separator has-alpha-channel-opacity\"\/>\n\n\n\n<h2 class=\"wp-block-heading\">Beschr\u00e4nkung der Haftung<\/h2>\n\n\n\n<p>1v1Chat.site ist nicht verantwortlich f\u00fcr:<\/p>\n\n\n\n<ol class=\"wp-block-list\">\n<li>Von Nutzern bereitgestellte Aktionen oder Inhalte.<\/li>\n\n\n\n<li>Unterbrechungen, technische Ausf\u00e4lle oder Datenverluste, die sich aus der Nutzung der Website ergeben.<\/li>\n\n\n\n<li>Finanzielle oder materielle Sch\u00e4den, die bei der Inanspruchnahme unserer Dienstleistungen entstehen.<\/li>\n<\/ol>\n\n\n\n<p>Die Benutzer erkl\u00e4ren sich damit einverstanden, 1v1Chat.site von jeglichen Anspr\u00fcchen, Verlusten oder Sch\u00e4den, die sich aus der Nutzung der Website ergeben, freizustellen und schadlos zu halten.<\/p>\n\n\n\n<hr class=\"wp-block-separator has-alpha-channel-opacity\"\/>\n\n\n\n<h2 class=\"wp-block-heading\">\u00c4nderungsantr\u00e4ge<\/h2>\n\n\n\n<p>Wir behalten uns das Recht vor, diese Vereinbarung, unsere Regeln, die Datenschutzrichtlinie und die R\u00fcckerstattungsrichtlinie jederzeit zu \u00e4ndern. Aktualisierungen werden auf der Website ver\u00f6ffentlicht, und es liegt in Ihrer Verantwortung, diese Dokumente regelm\u00e4\u00dfig zu \u00fcberpr\u00fcfen. Die fortgesetzte Nutzung von 1v1Chat.site nach \u00c4nderungen bedeutet die Annahme der aktualisierten Bedingungen.<\/p>\n\n\n\n<hr class=\"wp-block-separator has-alpha-channel-opacity\"\/>\n\n\n\n<h2 class=\"wp-block-heading\">Geltendes Recht<\/h2>\n\n\n\n<p>Diese Vereinbarung unterliegt den Gesetzen von [Ihrem Gerichtsstand] und wird in \u00dcbereinstimmung mit diesen ausgelegt. Alle Streitigkeiten, die sich aus dieser Vereinbarung ergeben, werden vor den Gerichten von [Ihrem Gerichtsstand] ausgetragen.<\/p>\n\n\n\n<hr class=\"wp-block-separator has-alpha-channel-opacity\"\/>\n\n\n\n<h2 class=\"wp-block-heading\">Kontakt<\/h2>\n\n\n\n<p>Wenn Sie Fragen oder Bedenken bez\u00fcglich dieser Vereinbarung haben, wenden Sie sich bitte an uns <strong><a href=\"mailto:support@1v1Chat.site\">support@1v1Chat.site<\/a><\/strong>.<\/p>\n\n\n\n<p><\/p>","protected":false},"excerpt":{"rendered":"<p>This document, which may also be referred to as \u201cTerms of Service,\u201d \u201cTerms,\u201d \u201cUser Agreement,\u201d or \u201cAgreement\u201d throughout, is a legally binding agreement between individuals, businesses, and organizations (Users) and 1v1Chat.site, operated by 1v1Chat Inc., located at [Your Business Address Here], which may also be referred to as \u201c1v1Chat.site,\u201d \u201cCompany,\u201d the \u201cWebsite,\u201d or \u201cService\u201d hereafter. [&hellip;]<\/p>","protected":false},"author":1,"featured_media":0,"parent":0,"menu_order":0,"comment_status":"closed","ping_status":"closed","template":"page-no-sidebar.php","meta":{"_acf_changed":false,"footnotes":""},"class_list":["post-149","page","type-page","status-publish","hentry"],"acf":[],"yoast_head":"<!-- This site is optimized with the Yoast SEO plugin v26.7 - https:\/\/yoast.com\/wordpress\/plugins\/seo\/ -->\n<title>Terms and Conditions - 1v1Chat<\/title>\n<meta name=\"robots\" content=\"index, follow, max-snippet:-1, max-image-preview:large, max-video-preview:-1\" \/>\n<link rel=\"canonical\" href=\"https:\/\/1v1chat.site\/de\/terms-and-conditions\/\" \/>\n<meta property=\"og:locale\" content=\"de_DE\" \/>\n<meta property=\"og:type\" content=\"article\" \/>\n<meta property=\"og:title\" content=\"Terms and Conditions - 1v1Chat\" \/>\n<meta property=\"og:description\" content=\"This document, which may also be referred to as \u201cTerms of Service,\u201d \u201cTerms,\u201d \u201cUser Agreement,\u201d or \u201cAgreement\u201d throughout, is a legally binding agreement between individuals, businesses, and organizations (Users) and 1v1Chat.site, operated by 1v1Chat Inc., located at [Your Business Address Here], which may also be referred to as \u201c1v1Chat.site,\u201d \u201cCompany,\u201d the \u201cWebsite,\u201d or \u201cService\u201d hereafter. [&hellip;]\" \/>\n<meta property=\"og:url\" content=\"https:\/\/1v1chat.site\/de\/terms-and-conditions\/\" \/>\n<meta property=\"og:site_name\" content=\"1v1Chat\" \/>\n<meta property=\"article:modified_time\" content=\"2025-08-21T07:09:37+00:00\" \/>\n<meta name=\"twitter:card\" content=\"summary_large_image\" \/>\n<meta name=\"twitter:label1\" content=\"Gesch\u00e4tzte Lesezeit\" \/>\n\t<meta name=\"twitter:data1\" content=\"5\u00a0Minuten\" \/>\n<script type=\"application\/ld+json\" class=\"yoast-schema-graph\">{\"@context\":\"https:\/\/schema.org\",\"@graph\":[{\"@type\":\"WebPage\",\"@id\":\"https:\/\/1v1chat.site\/terms-and-conditions\/\",\"url\":\"https:\/\/1v1chat.site\/terms-and-conditions\/\",\"name\":\"Terms and Conditions - 1v1Chat\",\"isPartOf\":{\"@id\":\"https:\/\/1v1chat.site\/#website\"},\"datePublished\":\"2023-03-14T10:45:22+00:00\",\"dateModified\":\"2025-08-21T07:09:37+00:00\",\"breadcrumb\":{\"@id\":\"https:\/\/1v1chat.site\/terms-and-conditions\/#breadcrumb\"},\"inLanguage\":\"de\",\"potentialAction\":[{\"@type\":\"ReadAction\",\"target\":[\"https:\/\/1v1chat.site\/terms-and-conditions\/\"]}]},{\"@type\":\"BreadcrumbList\",\"@id\":\"https:\/\/1v1chat.site\/terms-and-conditions\/#breadcrumb\",\"itemListElement\":[{\"@type\":\"ListItem\",\"position\":1,\"name\":\"Home\",\"item\":\"https:\/\/1v1chat.site\/\"},{\"@type\":\"ListItem\",\"position\":2,\"name\":\"Terms and Conditions\",\"item\":{\"@id\":\"https:\/\/1v1chat.site\/de\",\"name\":\"Terms and Conditions\"}}]},{\"@type\":\"WebSite\",\"@id\":\"https:\/\/1v1chat.site\/#website\",\"url\":\"https:\/\/1v1chat.site\/\",\"name\":\"1v1Chat\",\"description\":\"\",\"publisher\":{\"@id\":\"https:\/\/1v1chat.site\/#organization\"},\"potentialAction\":[{\"@type\":\"SearchAction\",\"target\":{\"@type\":\"EntryPoint\",\"urlTemplate\":\"https:\/\/1v1chat.site\/?s={search_term_string}\"},\"query-input\":{\"@type\":\"PropertyValueSpecification\",\"valueRequired\":true,\"valueName\":\"search_term_string\"}}],\"inLanguage\":\"de\"},{\"@type\":\"Organization\",\"@id\":\"https:\/\/1v1chat.site\/#organization\",\"name\":\"1v1Chat\",\"url\":\"https:\/\/1v1chat.site\/\",\"logo\":{\"@type\":\"ImageObject\",\"inLanguage\":\"de\",\"@id\":\"https:\/\/1v1chat.site\/#\/schema\/logo\/image\/\",\"url\":\"https:\/\/1v1chat.site\/wp-content\/uploads\/2025\/08\/cropped-Logo.png\",\"contentUrl\":\"https:\/\/1v1chat.site\/wp-content\/uploads\/2025\/08\/cropped-Logo.png\",\"width\":1024,\"height\":237,\"caption\":\"1v1Chat\"},\"image\":{\"@id\":\"https:\/\/1v1chat.site\/#\/schema\/logo\/image\/\"}}]}<\/script>\n<!-- \/ Yoast SEO plugin. -->","yoast_head_json":{"title":"Bedingungen und Konditionen - 1v1Chat","robots":{"index":"index","follow":"follow","max-snippet":"max-snippet:-1","max-image-preview":"max-image-preview:large","max-video-preview":"max-video-preview:-1"},"canonical":"https:\/\/1v1chat.site\/de\/terms-and-conditions\/","og_locale":"de_DE","og_type":"article","og_title":"Terms and Conditions - 1v1Chat","og_description":"This document, which may also be referred to as \u201cTerms of Service,\u201d \u201cTerms,\u201d \u201cUser Agreement,\u201d or \u201cAgreement\u201d throughout, is a legally binding agreement between individuals, businesses, and organizations (Users) and 1v1Chat.site, operated by 1v1Chat Inc., located at [Your Business Address Here], which may also be referred to as \u201c1v1Chat.site,\u201d \u201cCompany,\u201d the \u201cWebsite,\u201d or \u201cService\u201d hereafter. [&hellip;]","og_url":"https:\/\/1v1chat.site\/de\/terms-and-conditions\/","og_site_name":"1v1Chat","article_modified_time":"2025-08-21T07:09:37+00:00","twitter_card":"summary_large_image","twitter_misc":{"Gesch\u00e4tzte Lesezeit":"5\u00a0Minuten"},"schema":{"@context":"https:\/\/schema.org","@graph":[{"@type":"WebPage","@id":"https:\/\/1v1chat.site\/terms-and-conditions\/","url":"https:\/\/1v1chat.site\/terms-and-conditions\/","name":"Bedingungen und Konditionen - 1v1Chat","isPartOf":{"@id":"https:\/\/1v1chat.site\/#website"},"datePublished":"2023-03-14T10:45:22+00:00","dateModified":"2025-08-21T07:09:37+00:00","breadcrumb":{"@id":"https:\/\/1v1chat.site\/terms-and-conditions\/#breadcrumb"},"inLanguage":"de","potentialAction":[{"@type":"ReadAction","target":["https:\/\/1v1chat.site\/terms-and-conditions\/"]}]},{"@type":"BreadcrumbList","@id":"https:\/\/1v1chat.site\/terms-and-conditions\/#breadcrumb","itemListElement":[{"@type":"ListItem","position":1,"name":"Home","item":"https:\/\/1v1chat.site\/"},{"@type":"ListItem","position":2,"name":"Terms and Conditions","item":{"@id":"https:\/\/1v1chat.site\/de","name":"Terms and Conditions"}}]},{"@type":"WebSite","@id":"https:\/\/1v1chat.site\/#website","url":"https:\/\/1v1chat.site\/","name":"1v1Chat","description":"","publisher":{"@id":"https:\/\/1v1chat.site\/#organization"},"potentialAction":[{"@type":"SearchAction","target":{"@type":"EntryPoint","urlTemplate":"https:\/\/1v1chat.site\/?s={search_term_string}"},"query-input":{"@type":"PropertyValueSpecification","valueRequired":true,"valueName":"search_term_string"}}],"inLanguage":"de"},{"@type":"Organization","@id":"https:\/\/1v1chat.site\/#organization","name":"1v1Chat","url":"https:\/\/1v1chat.site\/","logo":{"@type":"ImageObject","inLanguage":"de","@id":"https:\/\/1v1chat.site\/#\/schema\/logo\/image\/","url":"https:\/\/1v1chat.site\/wp-content\/uploads\/2025\/08\/cropped-Logo.png","contentUrl":"https:\/\/1v1chat.site\/wp-content\/uploads\/2025\/08\/cropped-Logo.png","width":1024,"height":237,"caption":"1v1Chat"},"image":{"@id":"https:\/\/1v1chat.site\/#\/schema\/logo\/image\/"}}]}},"_links":{"self":[{"href":"https:\/\/1v1chat.site\/de\/wp-json\/wp\/v2\/pages\/149","targetHints":{"allow":["GET"]}}],"collection":[{"href":"https:\/\/1v1chat.site\/de\/wp-json\/wp\/v2\/pages"}],"about":[{"href":"https:\/\/1v1chat.site\/de\/wp-json\/wp\/v2\/types\/page"}],"author":[{"embeddable":true,"href":"https:\/\/1v1chat.site\/de\/wp-json\/wp\/v2\/users\/1"}],"replies":[{"embeddable":true,"href":"https:\/\/1v1chat.site\/de\/wp-json\/wp\/v2\/comments?post=149"}],"version-history":[{"count":4,"href":"https:\/\/1v1chat.site\/de\/wp-json\/wp\/v2\/pages\/149\/revisions"}],"predecessor-version":[{"id":827,"href":"https:\/\/1v1chat.site\/de\/wp-json\/wp\/v2\/pages\/149\/revisions\/827"}],"wp:attachment":[{"href":"https:\/\/1v1chat.site\/de\/wp-json\/wp\/v2\/media?parent=149"}],"curies":[{"name":"wp","href":"https:\/\/api.w.org\/{rel}","templated":true}]}}