{"id":141,"date":"2023-03-14T10:42:48","date_gmt":"2023-03-14T10:42:48","guid":{"rendered":"https:\/\/export.mercurytheme.com\/013\/?page_id=141"},"modified":"2025-08-15T11:00:15","modified_gmt":"2025-08-15T11:00:15","slug":"privacy-policy-2","status":"publish","type":"page","link":"https:\/\/1v1chat.site\/de\/privacy-policy-2\/","title":{"rendered":"Datenschutzrichtlinie"},"content":{"rendered":"<p>Wir verpflichten uns, die Privatsph\u00e4re unserer Dienstleistungsnutzer zu sch\u00fctzen.<\/p>\n\n\n\n<p>Diese Richtlinie gilt f\u00fcr die F\u00e4lle, in denen wir als f\u00fcr die Datenverarbeitung Verantwortlicher in Bezug auf die personenbezogenen Daten unserer Dienstleistungsnutzer auftreten, d. h. in denen wir die Zwecke und Mittel der Verarbeitung personenbezogener Daten bestimmen.<\/p>\n\n\n\n<p>Durch die Nutzung unseres Dienstes erkl\u00e4ren Sie sich mit der \u00dcbermittlung personenbezogener Daten, wie in dieser Richtlinie beschrieben, einverstanden.<\/p>\n\n\n\n<hr class=\"wp-block-separator has-alpha-channel-opacity\"\/>\n\n\n\n<h2 class=\"wp-block-heading\">Wie wir Ihre pers\u00f6nlichen Daten verwenden<\/h2>\n\n\n\n<h3 class=\"wp-block-heading\">Profil-Daten<\/h3>\n\n\n\n<p>Wir k\u00f6nnen Informationen verarbeiten, die in Ihrem pers\u00f6nlichen Profil in unserem Dienst enthalten sind (\"Profildaten\"). Diese Daten k\u00f6nnen Ihren Namen, Ihr Alter, Ihre E-Mail-Adresse, Ihr Profilbild und andere Informationen umfassen, deren Erfassung Sie uns gestatten. F\u00fcr die Authentifizierung und die Erstellung von Konten k\u00f6nnen wir externe Dienste wie Google Login oder Facebook Login verwenden, die den Zugriff auf bestimmte Daten wie Ihren Namen, Ihre E-Mail-Adresse und Ihr Profilbild anfordern, um die Registrierung zu vereinfachen.<\/p>\n\n\n\n<p>Wir greifen nicht auf zus\u00e4tzliche personenbezogene Daten von diesen Plattformen zu und erheben sie auch nicht \u00fcber das hinaus, was in dieser Richtlinie dargelegt ist. Die Profildaten werden verarbeitet, um Ihre Nutzung unseres Dienstes zu erm\u00f6glichen und zu \u00fcberwachen.<\/p>\n\n\n\n<h3 class=\"wp-block-heading\">Verwendungsdaten<\/h3>\n\n\n\n<p>Wir k\u00f6nnen Daten \u00fcber Ihre Nutzung unseres Dienstes (\"Nutzungsdaten\") verarbeiten. Zu den Nutzungsdaten k\u00f6nnen Ihre IP-Adresse, Ihr geografischer Standort (beschr\u00e4nkt auf Land und Bundesland), Browsertyp und -version, Betriebssystem, Verweisquelle, Dauer des Besuchs, Seitenaufrufe und Navigationspfade geh\u00f6ren. Diese Daten werden \u00fcber unser analytisches Tracking-System erfasst, um Nutzungsmuster zu analysieren und unseren Service zu verbessern.<\/p>\n\n\n\n<p>Die Rechtsgrundlage f\u00fcr diese Verarbeitung ist Ihre Einwilligung (die sich in Ihrer Nutzung unseres Dienstes manifestiert) und unser berechtigtes Interesse an der Verbesserung unseres Dienstes.<\/p>\n\n\n\n<h3 class=\"wp-block-heading\">Anfrage Daten<\/h3>\n\n\n\n<p>Wir k\u00f6nnen Daten verarbeiten, die in Anfragen enthalten sind, die Sie an uns bez\u00fcglich unserer Dienstleistungen richten (\"Anfragedaten\"). Diese Daten werden verarbeitet, um Ihre Anfragen zu beantworten und entsprechende Angebote zu bewerben.<\/p>\n\n\n\n<h3 class=\"wp-block-heading\">Kommunikations- und Korrespondenzdaten<\/h3>\n\n\n\n<p>Wir k\u00f6nnen Informationen aus der \u00fcber unseren Dienst gesendeten Kommunikation (\"Korrespondenzdaten\") verarbeiten. Dazu k\u00f6nnen Nachrichteninhalte, Metadaten und damit verbundene Informationen geh\u00f6ren. Die Daten werden verarbeitet, um die Kommunikation zu erleichtern und eine ordnungsgem\u00e4\u00dfe Aufzeichnung zur Verbesserung des Dienstes zu gew\u00e4hrleisten.<\/p>\n\n\n\n<h3 class=\"wp-block-heading\">Transaktionsdaten<\/h3>\n\n\n\n<p>Wir k\u00f6nnen Daten im Zusammenhang mit K\u00e4ufen oder Transaktionen verarbeiten, die \u00fcber unseren Dienst get\u00e4tigt wurden (\"Transaktionsdaten\"). Diese Daten k\u00f6nnen Ihre Kontaktdaten, Zahlungsinformationen und Transaktionsdetails umfassen. Der Zweck besteht darin, die erworbenen Dienstleistungen zu erbringen und ordnungsgem\u00e4\u00dfe Finanzunterlagen zu f\u00fchren.<\/p>\n\n\n\n<h3 class=\"wp-block-heading\">Kundendaten<\/h3>\n\n\n\n<p>Wir k\u00f6nnen Informationen \u00fcber Ihr Ger\u00e4t, Ihren Browser und Ihr Betriebssystem (\"Kundendaten\") sammeln, um die Benutzererfahrung zu verbessern und die Serviceverwaltung zu optimieren. Dazu geh\u00f6ren Daten wie Ger\u00e4tehersteller, Browserversion und IP-Adresse.<\/p>\n\n\n\n<h3 class=\"wp-block-heading\">Nachrichten- und Kommunikationsdaten<\/h3>\n\n\n\n<p>Wir k\u00f6nnen Informationen \u00fcber Textnachrichten oder Videokommunikation verarbeiten, die \u00fcber unsere Plattform gesendet werden (\"Nachrichtendaten\" und \"Kommunikationsdaten\"). Diese Daten werden verwendet, um die Kommunikation zu erleichtern, die Leistung des Dienstes zu \u00fcberwachen und auf Beschwerden oder unangemessenes Verhalten zu reagieren.<\/p>\n\n\n\n<h3 class=\"wp-block-heading\">Verbots- und Beschwerdedaten<\/h3>\n\n\n\n<p>Wir k\u00f6nnen Informationen im Zusammenhang mit Sperrungen oder Beschwerden (\"Sperrdaten\" und \"Beschwerdedaten\") verarbeiten, um unsere Nutzungsbedingungen durchzusetzen. Sperrdaten k\u00f6nnen Bilder von Videoframes enthalten, die von Nutzern gemeldet oder von unserem System als unangemessenes Verhalten gekennzeichnet wurden.<\/p>\n\n\n\n<h3 class=\"wp-block-heading\">Protokolldaten<\/h3>\n\n\n\n<p>Wie die meisten Plattformen verarbeiten wir Protokolldaten, die von Ihrem Browser w\u00e4hrend des Besuchs unserer Website erfasst werden. Dazu geh\u00f6ren IP-Adressen, Browsertyp und -version, besuchte Seiten und die auf unserer Website verbrachte Zeit. Diese Daten enthalten keine pers\u00f6nlich identifizierbaren Informationen.<\/p>\n\n\n\n<hr class=\"wp-block-separator has-alpha-channel-opacity\"\/>\n\n\n\n<h2 class=\"wp-block-heading\">Weitergabe Ihrer pers\u00f6nlichen Daten an andere<\/h2>\n\n\n\n<ul class=\"wp-block-list\">\n<li><strong>Zahlungsabwickler<\/strong>: Wir k\u00f6nnen Transaktionsdaten an Zahlungsdienstleister (z. B. PayPal, Stripe und Google Pay) weitergeben, um Zahlungen zu verarbeiten und Streitf\u00e4lle zu bearbeiten.<\/li>\n\n\n\n<li><strong>Dienstleistungen von Drittanbietern<\/strong>: Externe Integrationen, wie z. B. Google Analytics, k\u00f6nnen Daten sammeln, um das Nutzerverhalten zu analysieren und unsere Dienste zu verbessern. Einzelheiten finden Sie in den jeweiligen Datenschutzrichtlinien.<\/li>\n<\/ul>\n\n\n\n<hr class=\"wp-block-separator has-alpha-channel-opacity\"\/>\n\n\n\n<h2 class=\"wp-block-heading\">Internationale \u00dcbermittlung Ihrer Daten<\/h2>\n\n\n\n<p>Unsere Hosting-Einrichtungen befinden sich in den Vereinigten Staaten und Europa. Nutzer au\u00dferhalb dieser Regionen sollten sich dar\u00fcber im Klaren sein, dass ihre Daten in L\u00e4ndern mit abweichenden Datenschutzgesetzen verarbeitet werden k\u00f6nnen. Durch die Nutzung unseres Dienstes erkl\u00e4ren Sie sich mit diesen Daten\u00fcbertragungen einverstanden.<\/p>\n\n\n\n<hr class=\"wp-block-separator has-alpha-channel-opacity\"\/>\n\n\n\n<h2 class=\"wp-block-heading\">Aufbewahrung und L\u00f6schung von personenbezogenen Daten<\/h2>\n\n\n\n<p>Wir bewahren personenbezogene Daten nur so lange auf, wie es f\u00fcr die in dieser Richtlinie genannten Zwecke erforderlich ist. Zum Beispiel:<\/p>\n\n\n\n<ul class=\"wp-block-list\">\n<li><strong>Profil-Daten<\/strong>: Wird beibehalten, solange Ihr Konto aktiv ist.<\/li>\n\n\n\n<li><strong>Daten der Nachricht<\/strong>: Wird nicht \u00fcber die \u00dcbermittlung hinaus gespeichert, es sei denn, er wird zur \u00dcberpr\u00fcfung gekennzeichnet (z. B. im Falle von Verboten).<\/li>\n\n\n\n<li><strong>Daten verbieten<\/strong>: Wird f\u00fcr die Dauer der Sperrfrist einbehalten.<\/li>\n<\/ul>\n\n\n\n<p>Sie k\u00f6nnen die L\u00f6schung Ihrer Daten verlangen, indem Sie sich mit uns in Verbindung setzen, es sei denn, die Speicherung ist gesetzlich vorgeschrieben.<\/p>\n\n\n\n<hr class=\"wp-block-separator has-alpha-channel-opacity\"\/>\n\n\n\n<h2 class=\"wp-block-heading\">Schutz Ihrer pers\u00f6nlichen Daten<\/h2>\n\n\n\n<p>Wir setzen branchen\u00fcbliche Sicherheitsma\u00dfnahmen zum Schutz der Nutzerdaten ein, darunter auch:<\/p>\n\n\n\n<ul class=\"wp-block-list\">\n<li>Sichere Daten\u00fcbertragung \u00fcber SSL.<\/li>\n\n\n\n<li>Sichere Hosting-Umgebungen.<\/li>\n\n\n\n<li>Zugangsbeschr\u00e4nkungen nur f\u00fcr autorisiertes Personal.<\/li>\n<\/ul>\n\n\n\n<p>Allerdings ist kein System 100% sicher. Die \u00dcbermittlung von Daten erfolgt auf eigene Gefahr. Wenn Sie glauben, dass Ihre Daten kompromittiert worden sind, kontaktieren Sie uns sofort.<\/p>\n\n\n\n<hr class=\"wp-block-separator has-alpha-channel-opacity\"\/>\n\n\n\n<h2 class=\"wp-block-heading\">Cookies<\/h2>\n\n\n\n<p>Wir verwenden Cookies, um die Benutzerfreundlichkeit zu verbessern und die Nutzung der Website zu verfolgen. Cookies sind kleine Dateien, die auf Ihrem Ger\u00e4t gespeichert und f\u00fcr Zwecke wie Authentifizierung und Analyse verwendet werden.<\/p>\n\n\n\n<p>Sie k\u00f6nnen Cookies \u00fcber Ihre Browsereinstellungen verwalten oder blockieren. Beachten Sie, dass die Deaktivierung von Cookies die Funktionalit\u00e4t unseres Dienstes beeintr\u00e4chtigen kann.<\/p>\n\n\n\n<hr class=\"wp-block-separator has-alpha-channel-opacity\"\/>\n\n\n\n<h2 class=\"wp-block-heading\">Ihre Rechte<\/h2>\n\n\n\n<p>Je nach Ihrem Wohnort haben Sie m\u00f6glicherweise die folgenden Rechte in Bezug auf Ihre Daten:<\/p>\n\n\n\n<ul class=\"wp-block-list\">\n<li>Zugang, Berichtigung oder L\u00f6schung Ihrer Daten beantragen.<\/li>\n\n\n\n<li>der Datenverarbeitung zu widersprechen oder sie einzuschr\u00e4nken.<\/li>\n\n\n\n<li>Sie k\u00f6nnen Ihre Einwilligung jederzeit widerrufen.<\/li>\n<\/ul>\n\n\n\n<p>Um Ihre Rechte auszu\u00fcben, kontaktieren Sie uns bitte unter <a href=\"mailto:support@1v1chat.site\"><strong>support@1v1chat.site<\/strong><\/a>.<\/p>\n\n\n\n<hr class=\"wp-block-separator has-alpha-channel-opacity\"\/>\n\n\n\n<h2 class=\"wp-block-heading\">Datenschutz f\u00fcr Kinder<\/h2>\n\n\n\n<p>1v1Chat.site ist nicht f\u00fcr Personen unter 18 Jahren bestimmt. Wir sammeln nicht wissentlich Daten von Kindern. Wenn wir erfahren, dass Daten von Minderj\u00e4hrigen gesammelt wurden, werden wir Ma\u00dfnahmen ergreifen, um sie sofort zu l\u00f6schen.<\/p>\n\n\n\n<hr class=\"wp-block-separator has-alpha-channel-opacity\"\/>\n\n\n\n<h2 class=\"wp-block-heading\">\u00c4nderungsantr\u00e4ge<\/h2>\n\n\n\n<p>Diese Richtlinie kann von Zeit zu Zeit aktualisiert werden. Bitte lesen Sie diese Seite regelm\u00e4\u00dfig, um sich dar\u00fcber zu informieren, wie wir Ihre Daten sch\u00fctzen.<\/p>\n\n\n\n<hr class=\"wp-block-separator has-alpha-channel-opacity\"\/>\n\n\n\n<h2 class=\"wp-block-heading\">Kontakt<\/h2>\n\n\n\n<p>Wenn Sie Fragen oder Bedenken bez\u00fcglich dieser Politik haben, wenden Sie sich an uns <a href=\"mailto:support@1v1chat.site\"><strong>support@1v1chat.site<\/strong><\/a>.<\/p>\n\n\n\n<p><\/p>","protected":false},"excerpt":{"rendered":"<p>We are committed to safeguarding the privacy of our service users. This policy applies where we act as a data controller with respect to the personal data of our service users; in other words, where we determine the purposes and means of processing personal data. By using our service, you consent to the transmission of [&hellip;]<\/p>","protected":false},"author":1,"featured_media":0,"parent":0,"menu_order":0,"comment_status":"closed","ping_status":"closed","template":"","meta":{"_acf_changed":false,"footnotes":""},"class_list":["post-141","page","type-page","status-publish","hentry"],"acf":[],"yoast_head":"<!-- This site is optimized with the Yoast SEO plugin v26.7 - https:\/\/yoast.com\/wordpress\/plugins\/seo\/ -->\n<title>Privacy Policy - 1v1Chat<\/title>\n<meta name=\"robots\" content=\"index, follow, max-snippet:-1, max-image-preview:large, max-video-preview:-1\" \/>\n<link rel=\"canonical\" href=\"https:\/\/1v1chat.site\/de\/privacy-policy-2\/\" \/>\n<meta property=\"og:locale\" content=\"de_DE\" \/>\n<meta property=\"og:type\" content=\"article\" \/>\n<meta property=\"og:title\" content=\"Privacy Policy - 1v1Chat\" \/>\n<meta property=\"og:description\" content=\"We are committed to safeguarding the privacy of our service users. This policy applies where we act as a data controller with respect to the personal data of our service users; in other words, where we determine the purposes and means of processing personal data. By using our service, you consent to the transmission of [&hellip;]\" \/>\n<meta property=\"og:url\" content=\"https:\/\/1v1chat.site\/de\/privacy-policy-2\/\" \/>\n<meta property=\"og:site_name\" content=\"1v1Chat\" \/>\n<meta property=\"article:modified_time\" content=\"2025-08-15T11:00:15+00:00\" \/>\n<meta name=\"twitter:card\" content=\"summary_large_image\" \/>\n<meta name=\"twitter:label1\" content=\"Gesch\u00e4tzte Lesezeit\" \/>\n\t<meta name=\"twitter:data1\" content=\"5\u00a0Minuten\" \/>\n<script type=\"application\/ld+json\" class=\"yoast-schema-graph\">{\"@context\":\"https:\/\/schema.org\",\"@graph\":[{\"@type\":\"WebPage\",\"@id\":\"https:\/\/1v1chat.site\/privacy-policy-2\/\",\"url\":\"https:\/\/1v1chat.site\/privacy-policy-2\/\",\"name\":\"Privacy Policy - 1v1Chat\",\"isPartOf\":{\"@id\":\"https:\/\/1v1chat.site\/#website\"},\"datePublished\":\"2023-03-14T10:42:48+00:00\",\"dateModified\":\"2025-08-15T11:00:15+00:00\",\"breadcrumb\":{\"@id\":\"https:\/\/1v1chat.site\/privacy-policy-2\/#breadcrumb\"},\"inLanguage\":\"de\",\"potentialAction\":[{\"@type\":\"ReadAction\",\"target\":[\"https:\/\/1v1chat.site\/privacy-policy-2\/\"]}]},{\"@type\":\"BreadcrumbList\",\"@id\":\"https:\/\/1v1chat.site\/privacy-policy-2\/#breadcrumb\",\"itemListElement\":[{\"@type\":\"ListItem\",\"position\":1,\"name\":\"Home\",\"item\":\"https:\/\/1v1chat.site\/\"},{\"@type\":\"ListItem\",\"position\":2,\"name\":\"Privacy Policy\",\"item\":{\"@id\":\"https:\/\/1v1chat.site\/de\",\"name\":\"Privacy Policy\"}}]},{\"@type\":\"WebSite\",\"@id\":\"https:\/\/1v1chat.site\/#website\",\"url\":\"https:\/\/1v1chat.site\/\",\"name\":\"1v1Chat\",\"description\":\"\",\"publisher\":{\"@id\":\"https:\/\/1v1chat.site\/#organization\"},\"potentialAction\":[{\"@type\":\"SearchAction\",\"target\":{\"@type\":\"EntryPoint\",\"urlTemplate\":\"https:\/\/1v1chat.site\/?s={search_term_string}\"},\"query-input\":{\"@type\":\"PropertyValueSpecification\",\"valueRequired\":true,\"valueName\":\"search_term_string\"}}],\"inLanguage\":\"de\"},{\"@type\":\"Organization\",\"@id\":\"https:\/\/1v1chat.site\/#organization\",\"name\":\"1v1Chat\",\"url\":\"https:\/\/1v1chat.site\/\",\"logo\":{\"@type\":\"ImageObject\",\"inLanguage\":\"de\",\"@id\":\"https:\/\/1v1chat.site\/#\/schema\/logo\/image\/\",\"url\":\"https:\/\/1v1chat.site\/wp-content\/uploads\/2025\/08\/cropped-Logo.png\",\"contentUrl\":\"https:\/\/1v1chat.site\/wp-content\/uploads\/2025\/08\/cropped-Logo.png\",\"width\":1024,\"height\":237,\"caption\":\"1v1Chat\"},\"image\":{\"@id\":\"https:\/\/1v1chat.site\/#\/schema\/logo\/image\/\"}}]}<\/script>\n<!-- \/ Yoast SEO plugin. -->","yoast_head_json":{"title":"Datenschutzrichtlinie - 1v1Chat","robots":{"index":"index","follow":"follow","max-snippet":"max-snippet:-1","max-image-preview":"max-image-preview:large","max-video-preview":"max-video-preview:-1"},"canonical":"https:\/\/1v1chat.site\/de\/privacy-policy-2\/","og_locale":"de_DE","og_type":"article","og_title":"Privacy Policy - 1v1Chat","og_description":"We are committed to safeguarding the privacy of our service users. This policy applies where we act as a data controller with respect to the personal data of our service users; in other words, where we determine the purposes and means of processing personal data. By using our service, you consent to the transmission of [&hellip;]","og_url":"https:\/\/1v1chat.site\/de\/privacy-policy-2\/","og_site_name":"1v1Chat","article_modified_time":"2025-08-15T11:00:15+00:00","twitter_card":"summary_large_image","twitter_misc":{"Gesch\u00e4tzte Lesezeit":"5\u00a0Minuten"},"schema":{"@context":"https:\/\/schema.org","@graph":[{"@type":"WebPage","@id":"https:\/\/1v1chat.site\/privacy-policy-2\/","url":"https:\/\/1v1chat.site\/privacy-policy-2\/","name":"Datenschutzrichtlinie - 1v1Chat","isPartOf":{"@id":"https:\/\/1v1chat.site\/#website"},"datePublished":"2023-03-14T10:42:48+00:00","dateModified":"2025-08-15T11:00:15+00:00","breadcrumb":{"@id":"https:\/\/1v1chat.site\/privacy-policy-2\/#breadcrumb"},"inLanguage":"de","potentialAction":[{"@type":"ReadAction","target":["https:\/\/1v1chat.site\/privacy-policy-2\/"]}]},{"@type":"BreadcrumbList","@id":"https:\/\/1v1chat.site\/privacy-policy-2\/#breadcrumb","itemListElement":[{"@type":"ListItem","position":1,"name":"Home","item":"https:\/\/1v1chat.site\/"},{"@type":"ListItem","position":2,"name":"Privacy Policy","item":{"@id":"https:\/\/1v1chat.site\/de","name":"Privacy Policy"}}]},{"@type":"WebSite","@id":"https:\/\/1v1chat.site\/#website","url":"https:\/\/1v1chat.site\/","name":"1v1Chat","description":"","publisher":{"@id":"https:\/\/1v1chat.site\/#organization"},"potentialAction":[{"@type":"SearchAction","target":{"@type":"EntryPoint","urlTemplate":"https:\/\/1v1chat.site\/?s={search_term_string}"},"query-input":{"@type":"PropertyValueSpecification","valueRequired":true,"valueName":"search_term_string"}}],"inLanguage":"de"},{"@type":"Organization","@id":"https:\/\/1v1chat.site\/#organization","name":"1v1Chat","url":"https:\/\/1v1chat.site\/","logo":{"@type":"ImageObject","inLanguage":"de","@id":"https:\/\/1v1chat.site\/#\/schema\/logo\/image\/","url":"https:\/\/1v1chat.site\/wp-content\/uploads\/2025\/08\/cropped-Logo.png","contentUrl":"https:\/\/1v1chat.site\/wp-content\/uploads\/2025\/08\/cropped-Logo.png","width":1024,"height":237,"caption":"1v1Chat"},"image":{"@id":"https:\/\/1v1chat.site\/#\/schema\/logo\/image\/"}}]}},"_links":{"self":[{"href":"https:\/\/1v1chat.site\/de\/wp-json\/wp\/v2\/pages\/141","targetHints":{"allow":["GET"]}}],"collection":[{"href":"https:\/\/1v1chat.site\/de\/wp-json\/wp\/v2\/pages"}],"about":[{"href":"https:\/\/1v1chat.site\/de\/wp-json\/wp\/v2\/types\/page"}],"author":[{"embeddable":true,"href":"https:\/\/1v1chat.site\/de\/wp-json\/wp\/v2\/users\/1"}],"replies":[{"embeddable":true,"href":"https:\/\/1v1chat.site\/de\/wp-json\/wp\/v2\/comments?post=141"}],"version-history":[{"count":4,"href":"https:\/\/1v1chat.site\/de\/wp-json\/wp\/v2\/pages\/141\/revisions"}],"predecessor-version":[{"id":825,"href":"https:\/\/1v1chat.site\/de\/wp-json\/wp\/v2\/pages\/141\/revisions\/825"}],"wp:attachment":[{"href":"https:\/\/1v1chat.site\/de\/wp-json\/wp\/v2\/media?parent=141"}],"curies":[{"name":"wp","href":"https:\/\/api.w.org\/{rel}","templated":true}]}}