{"id":134,"date":"2023-03-14T10:40:01","date_gmt":"2023-03-14T10:40:01","guid":{"rendered":"https:\/\/export.mercurytheme.com\/013\/?page_id=134"},"modified":"2025-11-20T18:29:24","modified_gmt":"2025-11-20T18:29:24","slug":"home","status":"publish","type":"page","link":"https:\/\/1v1chat.site\/de\/","title":{"rendered":"Heim"},"content":{"rendered":"<header class=\"wp-block-cover is-light\"><img loading=\"lazy\" decoding=\"async\" width=\"2560\" height=\"1707\" class=\"wp-block-cover__image-background wp-image-24 size-full\" alt=\"Eine Gruppe von Leuten, die sich gemeinsam \u00fcber den Vidizzy-Videochat am\u00fcsieren. \" src=\"https:\/\/1v1chat.site\/wp-content\/uploads\/2023\/03\/AdobeStock_484873483.webp\" style=\"object-position:50% 65%\" data-object-fit=\"cover\" data-object-position=\"50% 65%\" srcset=\"https:\/\/1v1chat.site\/wp-content\/uploads\/2023\/03\/AdobeStock_484873483.webp 2560w, https:\/\/1v1chat.site\/wp-content\/uploads\/2023\/03\/AdobeStock_484873483-300x200.webp 300w, https:\/\/1v1chat.site\/wp-content\/uploads\/2023\/03\/AdobeStock_484873483-1024x683.webp 1024w, https:\/\/1v1chat.site\/wp-content\/uploads\/2023\/03\/AdobeStock_484873483-768x512.webp 768w, https:\/\/1v1chat.site\/wp-content\/uploads\/2023\/03\/AdobeStock_484873483-1536x1024.webp 1536w, https:\/\/1v1chat.site\/wp-content\/uploads\/2023\/03\/AdobeStock_484873483-2048x1366.webp 2048w, https:\/\/1v1chat.site\/wp-content\/uploads\/2023\/03\/AdobeStock_484873483-60x40.webp 60w, https:\/\/1v1chat.site\/wp-content\/uploads\/2023\/03\/AdobeStock_484873483-48x32.webp 48w, https:\/\/1v1chat.site\/wp-content\/uploads\/2023\/03\/AdobeStock_484873483-105x70.webp 105w, https:\/\/1v1chat.site\/wp-content\/uploads\/2023\/03\/AdobeStock_484873483-120x80.webp 120w, https:\/\/1v1chat.site\/wp-content\/uploads\/2023\/03\/AdobeStock_484873483-202x135.webp 202w\" sizes=\"auto, (max-width: 2560px) 100vw, 2560px\" \/><span aria-hidden=\"true\" class=\"wp-block-cover__background has-background-dim\" style=\"background-color:#b2a3a1\"><\/span><div class=\"wp-block-cover__inner-container is-layout-constrained wp-block-cover-is-layout-constrained\">\n<h2 class=\"wp-block-heading has-text-align-center has-mercury-peter-river-color has-text-color has-link-color wp-elements-0057490c8d62941ab8091d63f8a669db\" style=\"font-size:44px;font-style:italic;font-weight:600\"><strong>DIE BESTE ZUFALLS-CHAT-SEITE F\u00dcR ERWACHSENE<\/strong><\/h2>\n\n\n\n<p class=\"has-text-align-center has-mercury-white-color has-text-color has-link-color has-medium-font-size wp-elements-70b752418f9db822a8e5930dd2e1a1c3\">Chatten Sie mit zuf\u00e4lligen Fremden online im 1v1Chat - sicher, sofort und ohne sich anzumelden.<\/p>\n\n\n\n<div class=\"wp-block-buttons is-content-justification-center is-layout-flex wp-container-core-buttons-is-layout-16018d1d wp-block-buttons-is-layout-flex\">\n<div class=\"wp-block-button is-style-fill\"><a class=\"wp-block-button__link has-mercury-white-color has-vivid-cyan-blue-to-vivid-purple-gradient-background has-text-color has-background has-link-color has-text-align-center wp-element-button\" href=\"#\">Hier beginnen<\/a><\/div>\n<\/div>\n<\/div><\/header>\n\n\n\n<div class=\"wp-block-group is-vertical is-content-justification-center is-layout-flex wp-container-core-group-is-layout-4b2eccd6 wp-block-group-is-layout-flex\">\n<h1 class=\"wp-block-heading has-text-align-center has-mercury-gray-color has-text-color has-link-color wp-elements-29be37a1d7bdefb54c71af89a1404909\" style=\"font-size:32px\">Willkommen bei 1v1Chat: Die Zukunft des Online-Videochats<\/h1>\n<\/div>\n\n\n\n<div class=\"wp-block-group is-layout-grid wp-container-core-group-is-layout-8d2db683 wp-block-group-is-layout-grid\">\n<p class=\"has-text-align-center has-mercury-gray-color has-text-color has-link-color wp-elements-8c67e267dcd0368fe68cc8ac8e2d6108\">Suchen Sie nach einer unterhaltsamen, sicheren und aufregenden M\u00f6glichkeit, mit Menschen auf der ganzen Welt in Kontakt zu treten? Mit uns k\u00f6nnen Sie spontane Cam-to-Cam-Unterhaltungen \u00fcber einen schnellen, sicheren und privaten Video-Chat direkt von Ihrem Browser aus genie\u00dfen. Einfach anklicken und anfangen zu chatten!<br><\/p>\n<\/div>\n\n\n\n<div style=\"height:30px\" aria-hidden=\"true\" class=\"wp-block-spacer\"><\/div>\n\n\n<div class=\"wp-block-image is-style-default\">\n<figure class=\"aligncenter size-medium is-resized\"><img loading=\"lazy\" decoding=\"async\" width=\"300\" height=\"263\" src=\"https:\/\/1v1chat.site\/wp-content\/uploads\/2023\/03\/home-icon-2-300x263.png\" alt=\"\" class=\"wp-image-27\" style=\"object-fit:cover;width:229px;height:200px\" srcset=\"https:\/\/1v1chat.site\/wp-content\/uploads\/2023\/03\/home-icon-2-300x263.png 300w, https:\/\/1v1chat.site\/wp-content\/uploads\/2023\/03\/home-icon-2-46x40.png 46w, https:\/\/1v1chat.site\/wp-content\/uploads\/2023\/03\/home-icon-2-36x32.png 36w, https:\/\/1v1chat.site\/wp-content\/uploads\/2023\/03\/home-icon-2-80x70.png 80w, https:\/\/1v1chat.site\/wp-content\/uploads\/2023\/03\/home-icon-2-91x80.png 91w, https:\/\/1v1chat.site\/wp-content\/uploads\/2023\/03\/home-icon-2-154x135.png 154w, https:\/\/1v1chat.site\/wp-content\/uploads\/2023\/03\/home-icon-2.png 342w\" sizes=\"auto, (max-width: 300px) 100vw, 300px\" \/><\/figure>\n<\/div>\n\n\n<h2 class=\"wp-block-heading\" id=\"block-bd0dda2e-054a-4aac-9f58-92e939b9e796\">Warum 1v1Chat w\u00e4hlen?<\/h2>\n\n\n\n<p id=\"block-5ba9968b-14e9-4102-89c6-ed3a6469a9a8\">Es zeichnet sich durch seine einzigartige Kombination von Funktionen aus, die Ihre virtuellen Interaktionen verbessern. Es vereinfacht die globale Kommunikation und gew\u00e4hrleistet gleichzeitig ein sicheres, nahtloses und personalisiertes Erlebnis.<\/p>\n\n\n\n<p id=\"block-f4fb2130-263c-4bd9-98bf-6c5609b05a26\">\ud83c\udf0d<strong>Globale Zug\u00e4nglichkeit<\/strong>: Verbinden Sie sich mit Nutzern weltweit ohne unn\u00f6tige Einschr\u00e4nkungen. Mit den Orts- und Sprachfiltern k\u00f6nnen Sie Unterhaltungen entdecken, die Ihren Vorlieben entsprechen.<\/p>\n\n\n\n<p id=\"block-65dbed96-ef21-4b23-9514-98e1fc31d725\">\ud83c\udfa8<strong>Anpassbare Optionen<\/strong>: Verbinde dich mit Menschen, die deine Stimmung teilen, indem du intelligente Matching-Optionen nutzt.<\/p>\n\n\n\n<p id=\"block-999d6560-1cf0-45ab-97f7-d28209e1bb52\">\u270d\ufe0f <strong>Keine Anmeldung erforderlich<\/strong>: Chat kostenlos mit Cam, sofort. Sie brauchen Ihre E-Mail nicht zu benutzen, es sei denn, Sie wollen es.<\/p>\n\n\n\n<h2 class=\"wp-block-heading\" id=\"block-a53b1646-35a7-4b60-be0d-07abbe69400a\">1v1Chat Merkmale<\/h2>\n\n\n\n<p id=\"block-8177ec40-be07-48ee-a244-95b0a1cbae1d\">Genie\u00dfen Sie ein nahtloses und anpassbares Video-Chat-Erlebnis f\u00fcr Erwachsene:<\/p>\n\n\n\n<p id=\"block-749d7177-6137-42d8-9299-e47efbe68132\">\ud83d\udd12 <strong>Privat und sicher<\/strong> - Ende-zu-Ende-Verschl\u00fcsselung und anonymer Chat<\/p>\n\n\n\n<p id=\"block-15c24d00-d49a-4e61-a98a-f2f9d1d15866\">\ud83c\udfa5 <strong>HD-Video und klares Audio<\/strong> - Reibungslose Kommunikation auch bei geringer Bandbreite<\/p>\n\n\n\n<p id=\"block-47619d97-b2f7-402f-937f-abb70ff46757\">\u2699\ufe0f <strong>Streichen und anpassen<\/strong> - Gef\u00e4llt Ihnen nicht, mit wem Sie chatten? Weiter zum n\u00e4chsten<\/p>\n\n\n\n<p id=\"block-f10f8c47-a804-41e0-b1de-0440e614b083\">\ud83d\udeab <strong>Moderations-Tools<\/strong> - Benutzer sofort sperren oder melden<\/p>\n\n\n\n<p id=\"block-dfd295d0-d401-41ad-a788-1436f56fb33b\">\ud83d\udcf1 <strong>Browser-basiert<\/strong> - Keine Downloads. Funktioniert auf Desktop, Tablet und Handy<\/p>\n\n\n\n<h2 class=\"wp-block-heading\" id=\"block-90f15d38-cf07-4a76-8301-f33795f8ef77\">Wie man 1v1Chat verwendet<\/h2>\n\n\n\n<p id=\"block-ff021aac-c9c8-41c1-8c63-7dda9c109901\">Es dauert nur wenige Sekunden, um Ihren kostenlosen Kamera-Chat zu starten:<\/p>\n\n\n\n<ol id=\"block-98888ee2-9833-42d4-87e7-5e5fe14ed838\" class=\"wp-block-list\">\n<li><strong>Kamera und Mikrofon zulassen<\/strong> - Sicherstellung einer hohen Video- und Audioqualit\u00e4t<\/li>\n\n\n\n<li><strong>Pr\u00e4ferenzen festlegen<\/strong> - Anpassen von Filtern f\u00fcr bessere Verbindungen<\/li>\n\n\n\n<li><strong>Chatten Sie los!<\/strong> - Sofort jemand Neues kennenlernen<\/li>\n<\/ol>\n\n\n\n<p id=\"block-feb724a1-ca7e-47dc-abbc-352d203cd152\"><strong>Bereit, einen kostenlosen Video-Chat zu starten?<\/strong><\/p>\n\n\n\n<p id=\"block-cacd3790-fefc-4845-89b9-3f80ca270404\">Schlie\u00dfen Sie sich Tausenden an und verbinden Sie sich - chatten Sie kostenlos per Cam, ohne Anmeldung, ohne Stress. Nur echte Unterhaltungen, auf deine Art.<\/p>\n\n\n\n<div style=\"height:17px\" aria-hidden=\"true\" class=\"wp-block-spacer\"><\/div>\n\n\n\n<div class=\"wp-block-buttons is-content-justification-center is-layout-flex wp-container-core-buttons-is-layout-16018d1d wp-block-buttons-is-layout-flex\">\n<div class=\"wp-block-button is-style-fill\"><a class=\"wp-block-button__link has-mercury-white-color has-vivid-cyan-blue-to-vivid-purple-gradient-background has-text-color has-background has-link-color has-text-align-left wp-element-button\" href=\"#\">Sofort mit dem Chatten beginnen<\/a><\/div>\n<\/div>\n\n\n\n<div style=\"height:30px\" aria-hidden=\"true\" class=\"wp-block-spacer\"><\/div>\n\n\n\n<h2 class=\"wp-block-heading has-text-align-left\">H\u00e4ufig gestellte Fragen<\/h2>\n\n\n\n<style>\n  .faq-section {\n    max-width: 800px;\n    margin: 0;\n    padding: 10px 20px 40px;\n    font-family: Arial, sans-serif;\n  }\n\n  .faq-item {\n    background-color: #2ac2e0;\n    color: white;\n    margin-bottom: 10px;\n    border-radius: 5px;\n    overflow: hidden;\n  }\n\n  .faq-question {\n    padding: 15px 20px;\n    cursor: pointer;\n    position: relative;\n    font-weight: bold;\n    text-align: left;\n    font-size: 1rem;\n  }\n\n  .faq-question::after {\n    content: '+';\n    font-size: 1.5rem;\n    position: absolute;\n    right: 20px;\n    top: 12px;\n    transition: transform 0.3s ease;\n  }\n\n  .faq-item.active .faq-question::after {\n    transform: rotate(45deg);\n  }\n\n  .faq-answer {\n    max-height: 0;\n    overflow: hidden;\n    background-color: #f2f2f2;\n    color: #333;\n    padding: 0 20px;\n    transition: max-height 0.3s ease, padding 0.3s ease;\n    font-size: 0.95rem;\n  }\n\n  .faq-item.active .faq-answer {\n    max-height: 500px;\n    padding: 15px 20px;\n  }\n\n  @media (max-width: 600px) {\n    .faq-section {\n      padding: 10px 15px 30px;\n    }\n\n    .faq-question {\n      font-size: 1rem;\n      padding: 12px 16px;\n    }\n\n    .faq-answer {\n      font-size: 0.95rem;\n      padding: 0 16px;\n    }\n\n    .faq-item.active .faq-answer {\n      padding: 12px 16px;\n    }\n\n    .faq-question::after {\n      right: 16px;\n      top: 10px;\n    }\n  }\n<\/style>\n\n<section class=\"faq-section\">\n  <div class=\"faq-item\">\n    <div class=\"faq-question\">Was ist 1v1Chat Video Chat?<\/div>\n    <div class=\"faq-answer\">1v1Chat ist eine browserbasierte Plattform, auf der du kostenlos mit Fremden auf der ganzen Welt chatten kannst. Es ist f\u00fcr spontane, sichere und unterhaltsame Online-Videogespr\u00e4che konzipiert - keine Anmeldung erforderlich.<\/div>\n  <\/div>\n\n  <div class=\"faq-item\">\n    <div class=\"faq-question\">Ist die Nutzung von 1v1Chat wirklich kostenlos?<\/div>\n    <div class=\"faq-answer\">Ja! Sie k\u00f6nnen unbegrenzt und kostenlos chatten, ohne Downloads. F\u00fcr mehr Funktionen kannst du jederzeit auf einen Premium-Tarif upgraden.<\/div>\n  <\/div>\n\n  <div class=\"faq-item\">\n    <div class=\"faq-question\">Wie kann ich meine Privatsph\u00e4re beim Chatten sch\u00fctzen?<\/div>\n    <div class=\"faq-answer\">1v1Chat verwendet Ende-zu-Ende-Verschl\u00fcsselung, anonyme Chat-Optionen und Moderations-Tools, um Ihre Chats sicher und privat zu halten. Es sind keine pers\u00f6nlichen Daten erforderlich.<\/div>\n  <\/div>\n\n  <div class=\"faq-item\">\n    <div class=\"faq-question\">Kann ich mir aussuchen, mit wem ich Kontakt aufnehme?<\/div>\n    <div class=\"faq-answer\">Ganz genau. Mit intelligenten Filtern k\u00f6nnen Sie auf der Grundlage von Sprache, Region oder Interessen chatten und so Ihre <strong>kostenloses Kamera-Chating<\/strong> Erfahrung mehr Relevanz und Spa\u00df.<\/div>\n  <\/div>\n\n  <div class=\"faq-item\">\n    <div class=\"faq-question\">Was unterscheidet 1v1Chat von anderen Zufalls-Chat-Seiten?<\/div>\n    <div class=\"faq-answer\">Im Gegensatz zu vielen anderen Websites bietet 1v1Chat reibungsloses Streaming, <strong>chat kostenlos auf cam<\/strong>und ein datenschutzfreundliches Design, das auch bei langsamen Verbindungen funktioniert.<\/div>\n  <\/div>\n\n  <div class=\"faq-item\">\n    <div class=\"faq-question\">Muss ich etwas herunterladen?<\/div>\n    <div class=\"faq-answer\">Nein! 1v1Chat ist vollst\u00e4ndig browserbasiert - keine Installationen erforderlich. Es funktioniert auf Desktop-, Tablet- und Mobilger\u00e4ten.<\/div>\n  <\/div>\n<\/section>\n\n<script>\n  document.querySelectorAll('.faq-question').forEach(item => {\n    item.addEventListener('click', () => {\n      const parent = item.parentElement;\n      parent.classList.toggle('active');\n    });\n  });\n<\/script>\n\n\n\n<p><\/p>","protected":false},"excerpt":{"rendered":"<p>Willkommen bei 1v1Chat: Die Zukunft des Online-Videochats Suchen Sie nach einer unterhaltsamen, sicheren und aufregenden M\u00f6glichkeit, mit Menschen auf der ganzen Welt in Kontakt zu treten? Mit uns k\u00f6nnen Sie spontane Cam-to-Cam-Unterhaltungen \u00fcber einen schnellen, sicheren und privaten Video-Chat direkt von Ihrem Browser aus genie\u00dfen. Einfach klicken und anfangen zu chatten! Warum 1v1Chat w\u00e4hlen? Es zeichnet sich durch seine einzigartige Kombination [...]<\/p>","protected":false},"author":1,"featured_media":0,"parent":0,"menu_order":0,"comment_status":"closed","ping_status":"closed","template":"flirtbees-style-template.php","meta":{"_acf_changed":false,"footnotes":""},"class_list":["post-134","page","type-page","status-publish","hentry"],"acf":[],"yoast_head":"<!-- This site is optimized with the Yoast SEO plugin v26.7 - https:\/\/yoast.com\/wordpress\/plugins\/seo\/ -->\n<title>Random video chat One on One - 1v1Chat<\/title>\n<meta name=\"description\" content=\"Connect on 1v1chat.site - the private Omegle alternative for random 1-on-1 video chat. No sign-up, gender filters, safe moderation.\" \/>\n<meta name=\"robots\" content=\"index, follow, max-snippet:-1, max-image-preview:large, max-video-preview:-1\" \/>\n<link rel=\"canonical\" href=\"https:\/\/1v1chat.site\/de\/\" \/>\n<meta property=\"og:locale\" content=\"de_DE\" \/>\n<meta property=\"og:type\" content=\"article\" \/>\n<meta property=\"og:title\" content=\"Random video chat One on One - 1v1Chat\" \/>\n<meta property=\"og:description\" content=\"Connect on 1v1chat.site - the private Omegle alternative for random 1-on-1 video chat. No sign-up, gender filters, safe moderation.\" \/>\n<meta property=\"og:url\" content=\"https:\/\/1v1chat.site\/de\/\" \/>\n<meta property=\"og:site_name\" content=\"1v1Chat\" \/>\n<meta property=\"article:modified_time\" content=\"2025-11-20T18:29:24+00:00\" \/>\n<meta property=\"og:image\" content=\"https:\/\/1v1chat.site\/wp-content\/uploads\/2023\/03\/AdobeStock_484873483.webp\" \/>\n\t<meta property=\"og:image:width\" content=\"2560\" \/>\n\t<meta property=\"og:image:height\" content=\"1707\" \/>\n\t<meta property=\"og:image:type\" content=\"image\/webp\" \/>\n<meta name=\"twitter:card\" content=\"summary_large_image\" \/>\n<meta name=\"twitter:label1\" content=\"Gesch\u00e4tzte Lesezeit\" \/>\n\t<meta name=\"twitter:data1\" content=\"3\u00a0Minuten\" \/>\n<script type=\"application\/ld+json\" class=\"yoast-schema-graph\">{\"@context\":\"https:\/\/schema.org\",\"@graph\":[{\"@type\":\"WebPage\",\"@id\":\"https:\/\/1v1chat.site\/\",\"url\":\"https:\/\/1v1chat.site\/\",\"name\":\"Random video chat One on One - 1v1Chat\",\"isPartOf\":{\"@id\":\"https:\/\/1v1chat.site\/#website\"},\"primaryImageOfPage\":{\"@id\":\"https:\/\/1v1chat.site\/#primaryimage\"},\"image\":{\"@id\":\"https:\/\/1v1chat.site\/#primaryimage\"},\"thumbnailUrl\":\"https:\/\/1v1chat.site\/wp-content\/uploads\/2023\/03\/AdobeStock_484873483.webp\",\"datePublished\":\"2023-03-14T10:40:01+00:00\",\"dateModified\":\"2025-11-20T18:29:24+00:00\",\"description\":\"Connect on 1v1chat.site - the private Omegle alternative for random 1-on-1 video chat. No sign-up, gender filters, safe moderation.\",\"breadcrumb\":{\"@id\":\"https:\/\/1v1chat.site\/#breadcrumb\"},\"inLanguage\":\"de\",\"potentialAction\":[{\"@type\":\"ReadAction\",\"target\":[\"https:\/\/1v1chat.site\/\"]}]},{\"@type\":\"ImageObject\",\"inLanguage\":\"de\",\"@id\":\"https:\/\/1v1chat.site\/#primaryimage\",\"url\":\"https:\/\/1v1chat.site\/wp-content\/uploads\/2023\/03\/AdobeStock_484873483.webp\",\"contentUrl\":\"https:\/\/1v1chat.site\/wp-content\/uploads\/2023\/03\/AdobeStock_484873483.webp\"},{\"@type\":\"BreadcrumbList\",\"@id\":\"https:\/\/1v1chat.site\/#breadcrumb\",\"itemListElement\":[{\"@type\":\"ListItem\",\"position\":1,\"name\":\"Home\",\"item\":\"https:\/\/1v1chat.site\/\"},{\"@type\":\"ListItem\",\"position\":2,\"name\":\"Home\",\"item\":{\"@id\":\"https:\/\/1v1chat.site\/de\",\"name\":\"Home\"}}]},{\"@type\":\"WebSite\",\"@id\":\"https:\/\/1v1chat.site\/#website\",\"url\":\"https:\/\/1v1chat.site\/\",\"name\":\"1v1Chat\",\"description\":\"\",\"publisher\":{\"@id\":\"https:\/\/1v1chat.site\/#organization\"},\"potentialAction\":[{\"@type\":\"SearchAction\",\"target\":{\"@type\":\"EntryPoint\",\"urlTemplate\":\"https:\/\/1v1chat.site\/?s={search_term_string}\"},\"query-input\":{\"@type\":\"PropertyValueSpecification\",\"valueRequired\":true,\"valueName\":\"search_term_string\"}}],\"inLanguage\":\"de\"},{\"@type\":\"Organization\",\"@id\":\"https:\/\/1v1chat.site\/#organization\",\"name\":\"1v1Chat\",\"url\":\"https:\/\/1v1chat.site\/\",\"logo\":{\"@type\":\"ImageObject\",\"inLanguage\":\"de\",\"@id\":\"https:\/\/1v1chat.site\/#\/schema\/logo\/image\/\",\"url\":\"https:\/\/1v1chat.site\/wp-content\/uploads\/2025\/08\/cropped-Logo.png\",\"contentUrl\":\"https:\/\/1v1chat.site\/wp-content\/uploads\/2025\/08\/cropped-Logo.png\",\"width\":1024,\"height\":237,\"caption\":\"1v1Chat\"},\"image\":{\"@id\":\"https:\/\/1v1chat.site\/#\/schema\/logo\/image\/\"}}]}<\/script>\n<!-- \/ Yoast SEO plugin. -->","yoast_head_json":{"title":"Zuf\u00e4lliger Video-Chat Eins gegen Eins - 1v1Chat","description":"Verbinde dich auf 1v1chat.site - der privaten Omegle-Alternative f\u00fcr zuf\u00e4llige 1-on-1-Videochats. Keine Anmeldung, Geschlechterfilter, sichere Moderation.","robots":{"index":"index","follow":"follow","max-snippet":"max-snippet:-1","max-image-preview":"max-image-preview:large","max-video-preview":"max-video-preview:-1"},"canonical":"https:\/\/1v1chat.site\/de\/","og_locale":"de_DE","og_type":"article","og_title":"Random video chat One on One - 1v1Chat","og_description":"Connect on 1v1chat.site - the private Omegle alternative for random 1-on-1 video chat. No sign-up, gender filters, safe moderation.","og_url":"https:\/\/1v1chat.site\/de\/","og_site_name":"1v1Chat","article_modified_time":"2025-11-20T18:29:24+00:00","og_image":[{"width":2560,"height":1707,"url":"https:\/\/1v1chat.site\/wp-content\/uploads\/2023\/03\/AdobeStock_484873483.webp","type":"image\/webp"}],"twitter_card":"summary_large_image","twitter_misc":{"Gesch\u00e4tzte Lesezeit":"3\u00a0Minuten"},"schema":{"@context":"https:\/\/schema.org","@graph":[{"@type":"WebPage","@id":"https:\/\/1v1chat.site\/","url":"https:\/\/1v1chat.site\/","name":"Zuf\u00e4lliger Video-Chat Eins gegen Eins - 1v1Chat","isPartOf":{"@id":"https:\/\/1v1chat.site\/#website"},"primaryImageOfPage":{"@id":"https:\/\/1v1chat.site\/#primaryimage"},"image":{"@id":"https:\/\/1v1chat.site\/#primaryimage"},"thumbnailUrl":"https:\/\/1v1chat.site\/wp-content\/uploads\/2023\/03\/AdobeStock_484873483.webp","datePublished":"2023-03-14T10:40:01+00:00","dateModified":"2025-11-20T18:29:24+00:00","description":"Verbinde dich auf 1v1chat.site - der privaten Omegle-Alternative f\u00fcr zuf\u00e4llige 1-on-1-Videochats. Keine Anmeldung, Geschlechterfilter, sichere Moderation.","breadcrumb":{"@id":"https:\/\/1v1chat.site\/#breadcrumb"},"inLanguage":"de","potentialAction":[{"@type":"ReadAction","target":["https:\/\/1v1chat.site\/"]}]},{"@type":"ImageObject","inLanguage":"de","@id":"https:\/\/1v1chat.site\/#primaryimage","url":"https:\/\/1v1chat.site\/wp-content\/uploads\/2023\/03\/AdobeStock_484873483.webp","contentUrl":"https:\/\/1v1chat.site\/wp-content\/uploads\/2023\/03\/AdobeStock_484873483.webp"},{"@type":"BreadcrumbList","@id":"https:\/\/1v1chat.site\/#breadcrumb","itemListElement":[{"@type":"ListItem","position":1,"name":"Home","item":"https:\/\/1v1chat.site\/"},{"@type":"ListItem","position":2,"name":"Home","item":{"@id":"https:\/\/1v1chat.site\/de","name":"Home"}}]},{"@type":"WebSite","@id":"https:\/\/1v1chat.site\/#website","url":"https:\/\/1v1chat.site\/","name":"1v1Chat","description":"","publisher":{"@id":"https:\/\/1v1chat.site\/#organization"},"potentialAction":[{"@type":"SearchAction","target":{"@type":"EntryPoint","urlTemplate":"https:\/\/1v1chat.site\/?s={search_term_string}"},"query-input":{"@type":"PropertyValueSpecification","valueRequired":true,"valueName":"search_term_string"}}],"inLanguage":"de"},{"@type":"Organization","@id":"https:\/\/1v1chat.site\/#organization","name":"1v1Chat","url":"https:\/\/1v1chat.site\/","logo":{"@type":"ImageObject","inLanguage":"de","@id":"https:\/\/1v1chat.site\/#\/schema\/logo\/image\/","url":"https:\/\/1v1chat.site\/wp-content\/uploads\/2025\/08\/cropped-Logo.png","contentUrl":"https:\/\/1v1chat.site\/wp-content\/uploads\/2025\/08\/cropped-Logo.png","width":1024,"height":237,"caption":"1v1Chat"},"image":{"@id":"https:\/\/1v1chat.site\/#\/schema\/logo\/image\/"}}]}},"_links":{"self":[{"href":"https:\/\/1v1chat.site\/de\/wp-json\/wp\/v2\/pages\/134","targetHints":{"allow":["GET"]}}],"collection":[{"href":"https:\/\/1v1chat.site\/de\/wp-json\/wp\/v2\/pages"}],"about":[{"href":"https:\/\/1v1chat.site\/de\/wp-json\/wp\/v2\/types\/page"}],"author":[{"embeddable":true,"href":"https:\/\/1v1chat.site\/de\/wp-json\/wp\/v2\/users\/1"}],"replies":[{"embeddable":true,"href":"https:\/\/1v1chat.site\/de\/wp-json\/wp\/v2\/comments?post=134"}],"version-history":[{"count":16,"href":"https:\/\/1v1chat.site\/de\/wp-json\/wp\/v2\/pages\/134\/revisions"}],"predecessor-version":[{"id":972,"href":"https:\/\/1v1chat.site\/de\/wp-json\/wp\/v2\/pages\/134\/revisions\/972"}],"wp:attachment":[{"href":"https:\/\/1v1chat.site\/de\/wp-json\/wp\/v2\/media?parent=134"}],"curies":[{"name":"wp","href":"https:\/\/api.w.org\/{rel}","templated":true}]}}